{"id":3637,"date":"2024-04-12T02:35:46","date_gmt":"2024-04-12T02:35:46","guid":{"rendered":"https:\/\/jinhuaceramic.com\/?post_type=product&#038;p=3637"},"modified":"2025-04-21T03:17:31","modified_gmt":"2025-04-21T03:17:31","slug":"wholesale-fancy-ceramic-plates","status":"publish","type":"product","link":"https:\/\/jinhuaceramic.com\/es\/product\/wholesale-fancy-ceramic-plates\/","title":{"rendered":"Platos de Cer\u00e1mica al por mayor, Platos a granel de lujo"},"content":{"rendered":"<div class=\"wp-block-columns is-layout-flex wp-container-core-columns-is-layout-9d6595d7 wp-block-columns-is-layout-flex\">\n<div class=\"wp-block-column is-layout-flow wp-block-column-is-layout-flow\" style=\"flex-basis:50%\">\n<h3 class=\"wp-block-heading\">Platos de cer\u00e1mica de primera calidad al por mayor Caracter\u00edsticas:<\/h3>\n\n\n\n<ul class=\"wp-block-list\">\n<li><strong>Noval French Design:<\/strong> Elegantes y sofisticados, nuestros platos de cer\u00e1mica al por mayor con dise\u00f1o franc\u00e9s dan clase a cualquier ocasi\u00f3n culinaria. Desde las l\u00edneas limpias y sencillas y la ligera sutileza de la curva hasta el atractivo intemporal general, este plato eleva las comidas al siguiente nivel de presentaci\u00f3n, perfecto para restaurantes de lujo, bistr\u00f3s y establecimientos de alta cocina.<\/li>\n\n\n\n<li><strong>Funcionalidad vers\u00e1til:<\/strong> A pesar de su aspecto elegante, estos platos de cena a granel est\u00e1n dise\u00f1ados con sentido pr\u00e1ctico para un uso vers\u00e1til. Se adaptan a cualquier plato: desde el aperitivo hasta la ensalada, pasando por el plato principal o el postre.<\/li>\n\n\n\n<li><strong>Construcci\u00f3n de calidad: <\/strong>Fabricados con los mejores materiales cer\u00e1micos, nuestros platos de cer\u00e1mica al por mayor est\u00e1n dise\u00f1ados para resistir las duras exigencias que les impone el uso comercial. Su construcci\u00f3n duradera resiste astillados y ara\u00f1azos y no se decoloran con el tiempo debido al uso intensivo en entornos de servicio de alimentos activos.<\/li>\n\n\n\n<li><strong>Precios al por mayor:<\/strong> Como fabricante de vajillas al por mayor, ofrecemos precios muy competitivos en nuestros platos a granel cuando se compran en grandes cantidades.<\/li>\n<\/ul>\n<\/div>\n\n\n\n<div class=\"wp-block-column is-layout-flow wp-block-column-is-layout-flow\" style=\"flex-basis:50%\">\n<figure class=\"wp-block-image size-full\"><img fetchpriority=\"high\" decoding=\"async\" width=\"1000\" height=\"1500\" src=\"https:\/\/jinhuaceramic.com\/wp-content\/uploads\/2024\/04\/custom-ceramic-dishes-ceramic-plate-wholesale-tableware-2.webp\" alt=\"Mayorista Platos de Cer\u00e1mica de Fantas\u00eda, Platos de Cena a Granel con Dise\u00f1o Sencillo Franc\u00e9s-1\" class=\"wp-image-3640\" srcset=\"https:\/\/jinhuaceramic.com\/wp-content\/uploads\/2024\/04\/custom-ceramic-dishes-ceramic-plate-wholesale-tableware-2.webp 1000w, https:\/\/jinhuaceramic.com\/wp-content\/uploads\/2024\/04\/custom-ceramic-dishes-ceramic-plate-wholesale-tableware-2-200x300.webp 200w, https:\/\/jinhuaceramic.com\/wp-content\/uploads\/2024\/04\/custom-ceramic-dishes-ceramic-plate-wholesale-tableware-2-768x1152.webp 768w, https:\/\/jinhuaceramic.com\/wp-content\/uploads\/2024\/04\/custom-ceramic-dishes-ceramic-plate-wholesale-tableware-2-285x428.webp 285w, https:\/\/jinhuaceramic.com\/wp-content\/uploads\/2024\/04\/custom-ceramic-dishes-ceramic-plate-wholesale-tableware-2-440x660.webp 440w, https:\/\/jinhuaceramic.com\/wp-content\/uploads\/2024\/04\/custom-ceramic-dishes-ceramic-plate-wholesale-tableware-2-100x150.webp 100w\" sizes=\"(max-width: 1000px) 100vw, 1000px\" \/><\/figure>\n<\/div>\n<\/div>","protected":false},"excerpt":{"rendered":"<p>Bienvenido a comprar platos de cena al por mayor. Nuestros platos de cer\u00e1mica al por mayor minimalistas franceses son elegantes y de moda para la mayor\u00eda de las escenas de mesa de comedor. Material cer\u00e1mico de alta calidad, resistente y duradero, textura fina con varios tipos. Dise\u00f1o sin plomo y saludable para horno microondas o lavavajillas, es una elecci\u00f3n de vajilla de alta gama que sirve tanto a la belleza como a la practicidad.<\/p>","protected":false},"featured_media":3639,"comment_status":"closed","ping_status":"closed","template":"","meta":{"_acf_changed":false},"product_brand":[],"product_cat":[54,84],"product_tag":[76],"class_list":{"0":"post-3637","1":"product","2":"type-product","3":"status-publish","4":"has-post-thumbnail","6":"product_cat-tableware-wholesale","7":"product_cat-wholesale-ceramic-plates","8":"product_tag-dinner-plates-bulk","10":"first","11":"instock","12":"shipping-taxable","13":"product-type-simple"},"acf":[],"_links":{"self":[{"href":"https:\/\/jinhuaceramic.com\/es\/wp-json\/wp\/v2\/product\/3637","targetHints":{"allow":["GET"]}}],"collection":[{"href":"https:\/\/jinhuaceramic.com\/es\/wp-json\/wp\/v2\/product"}],"about":[{"href":"https:\/\/jinhuaceramic.com\/es\/wp-json\/wp\/v2\/types\/product"}],"replies":[{"embeddable":true,"href":"https:\/\/jinhuaceramic.com\/es\/wp-json\/wp\/v2\/comments?post=3637"}],"version-history":[{"count":0,"href":"https:\/\/jinhuaceramic.com\/es\/wp-json\/wp\/v2\/product\/3637\/revisions"}],"wp:featuredmedia":[{"embeddable":true,"href":"https:\/\/jinhuaceramic.com\/es\/wp-json\/wp\/v2\/media\/3639"}],"wp:attachment":[{"href":"https:\/\/jinhuaceramic.com\/es\/wp-json\/wp\/v2\/media?parent=3637"}],"wp:term":[{"taxonomy":"product_brand","embeddable":true,"href":"https:\/\/jinhuaceramic.com\/es\/wp-json\/wp\/v2\/product_brand?post=3637"},{"taxonomy":"product_cat","embeddable":true,"href":"https:\/\/jinhuaceramic.com\/es\/wp-json\/wp\/v2\/product_cat?post=3637"},{"taxonomy":"product_tag","embeddable":true,"href":"https:\/\/jinhuaceramic.com\/es\/wp-json\/wp\/v2\/product_tag?post=3637"}],"curies":[{"name":"wp","href":"https:\/\/api.w.org\/{rel}","templated":true}]}}