{"id":4585,"date":"2024-04-30T08:06:21","date_gmt":"2024-04-30T08:06:21","guid":{"rendered":"https:\/\/jinhuaceramic.com\/?post_type=product&#038;p=4585"},"modified":"2026-02-05T03:22:38","modified_gmt":"2026-02-05T03:22:38","slug":"ceramic-custom-bathroom-sets-in-bulk","status":"publish","type":"product","link":"https:\/\/jinhuaceramic.com\/es\/product\/ceramic-custom-bathroom-sets-in-bulk\/","title":{"rendered":"Sets De Ba\u00f1o A Medida Al Por Mayor, Accesorios De Ba\u00f1o Para Hoteles"},"content":{"rendered":"<div class=\"wp-block-columns is-layout-flex wp-container-core-columns-is-layout-9d6595d7 wp-block-columns-is-layout-flex\">\n<div class=\"wp-block-column is-layout-flow wp-block-column-is-layout-flow\">\n<h3 class=\"wp-block-heading\">Premium Custom Ba\u00f1o Sets A Granel Caracter\u00edsticas:<\/h3>\n\n\n\n<ul class=\"wp-block-list\">\n<li><strong>Fresco dise\u00f1o de rayas verdes, a la moda y bonito: <\/strong>Este juego de ba\u00f1o a medida a granel adopta un fresco dise\u00f1o de rayas verdes, moderno y vibrante a la vez, que a\u00f1ade un toque de color natural al espacio del ba\u00f1o, adecuado para las necesidades de decoraci\u00f3n de moda de hogares y hoteles.<\/li>\n\n\n\n<li><strong>Dise\u00f1o personalizado, que resalta la personalidad de la marca:<\/strong> These wholesale bath accessories are available for customization services, you can select colors, stripe patterns and your brand LOGO etc to apply for exclusive customization solutions for hotels or premium residential, to boost your brand image and user\u2002experience.<\/li>\n\n\n\n<li><strong>Un juego completo de accesorios pr\u00e1cticos con funciones completas:<\/strong> Estos juegos de ba\u00f1o personalizados a granel incluyen dispensadores de jab\u00f3n, vasos para cepillos de dientes, jaboneras, etc., que satisfacen perfectamente las necesidades diarias del ba\u00f1o. Son pr\u00e1cticos y decorativos a la vez, y mantienen el ba\u00f1o limpio y ordenado.<\/li>\n\n\n\n<li><strong>Cer\u00e1mica de alta calidad, resistente y f\u00e1cil de limpiar:<\/strong> Nuestros accesorios de ba\u00f1o al por mayor est\u00e1n fabricados con material cer\u00e1mico de alta calidad, son fuertes y resistentes a las manchas. Adem\u00e1s, este dise\u00f1o de tiras no s\u00f3lo es hermoso, sino que tambi\u00e9n proporciona un tacto c\u00f3modo todos los d\u00edas y es f\u00e1cil de limpiar, lo que garantiza una belleza duradera.<\/li>\n\n\n\n<li><strong>Stable Bulk Supply Capacity: <\/strong>Factory direct wholesale supply with stable production lead time, supporting large-volume procurement for engineering projects and chain businesses.<\/li>\n<\/ul>\n<\/div>\n\n\n\n<div class=\"wp-block-column is-layout-flow wp-block-column-is-layout-flow\">\n<figure class=\"wp-block-image size-full\"><img fetchpriority=\"high\" decoding=\"async\" width=\"666\" height=\"674\" src=\"https:\/\/jinhuaceramic.com\/wp-content\/uploads\/2024\/04\/ceramic-bathroom-set.webp\" alt=\"Sets de ba\u00f1o a medida al por mayor, Accesorios de ba\u00f1o al por mayor para hoteles y hogares-1\" class=\"wp-image-4592\" srcset=\"https:\/\/jinhuaceramic.com\/wp-content\/uploads\/2024\/04\/ceramic-bathroom-set.webp 666w, https:\/\/jinhuaceramic.com\/wp-content\/uploads\/2024\/04\/ceramic-bathroom-set-296x300.webp 296w, https:\/\/jinhuaceramic.com\/wp-content\/uploads\/2024\/04\/ceramic-bathroom-set-285x288.webp 285w, https:\/\/jinhuaceramic.com\/wp-content\/uploads\/2024\/04\/ceramic-bathroom-set-652x660.webp 652w, https:\/\/jinhuaceramic.com\/wp-content\/uploads\/2024\/04\/ceramic-bathroom-set-148x150.webp 148w\" sizes=\"(max-width: 666px) 100vw, 666px\" \/><\/figure>\n<\/div>\n<\/div>","protected":false},"excerpt":{"rendered":"<p>Bienvenido a comprar accesorios de ba\u00f1o al por mayor. Este set de ba\u00f1o personalizado a rayas verdes al por mayor combina un dise\u00f1o moderno y funciones pr\u00e1cticas, apto para uso hotelero y dom\u00e9stico. Admite servicios personalizados y ofrece una combinaci\u00f3n de materiales cer\u00e1micos de alta calidad y accesorios multifuncionales que son bonitos y duraderos.<\/p>\n<p>&nbsp;<\/p>\n<p>&nbsp;<\/p>","protected":false},"featured_media":4592,"comment_status":"closed","ping_status":"closed","template":"","meta":{"_acf_changed":false},"product_brand":[],"product_cat":[51],"product_tag":[74],"class_list":{"0":"post-4585","1":"product","2":"type-product","3":"status-publish","4":"has-post-thumbnail","6":"product_cat-bathroom-accessories-wholesale","7":"product_tag-ceramic-bath-accessories-wholesale","9":"first","10":"instock","11":"shipping-taxable","12":"product-type-simple"},"acf":[],"_links":{"self":[{"href":"https:\/\/jinhuaceramic.com\/es\/wp-json\/wp\/v2\/product\/4585","targetHints":{"allow":["GET"]}}],"collection":[{"href":"https:\/\/jinhuaceramic.com\/es\/wp-json\/wp\/v2\/product"}],"about":[{"href":"https:\/\/jinhuaceramic.com\/es\/wp-json\/wp\/v2\/types\/product"}],"replies":[{"embeddable":true,"href":"https:\/\/jinhuaceramic.com\/es\/wp-json\/wp\/v2\/comments?post=4585"}],"version-history":[{"count":0,"href":"https:\/\/jinhuaceramic.com\/es\/wp-json\/wp\/v2\/product\/4585\/revisions"}],"wp:featuredmedia":[{"embeddable":true,"href":"https:\/\/jinhuaceramic.com\/es\/wp-json\/wp\/v2\/media\/4592"}],"wp:attachment":[{"href":"https:\/\/jinhuaceramic.com\/es\/wp-json\/wp\/v2\/media?parent=4585"}],"wp:term":[{"taxonomy":"product_brand","embeddable":true,"href":"https:\/\/jinhuaceramic.com\/es\/wp-json\/wp\/v2\/product_brand?post=4585"},{"taxonomy":"product_cat","embeddable":true,"href":"https:\/\/jinhuaceramic.com\/es\/wp-json\/wp\/v2\/product_cat?post=4585"},{"taxonomy":"product_tag","embeddable":true,"href":"https:\/\/jinhuaceramic.com\/es\/wp-json\/wp\/v2\/product_tag?post=4585"}],"curies":[{"name":"wp","href":"https:\/\/api.w.org\/{rel}","templated":true}]}}