{"id":4645,"date":"2024-05-09T01:06:23","date_gmt":"2024-05-09T01:06:23","guid":{"rendered":"https:\/\/jinhuaceramic.com\/?post_type=product&#038;p=4645"},"modified":"2025-04-21T03:19:50","modified_gmt":"2025-04-21T03:19:50","slug":"custom-ceramic-candle-jars-with-lids","status":"publish","type":"product","link":"https:\/\/jinhuaceramic.com\/es\/product\/custom-ceramic-candle-jars-with-lids\/","title":{"rendered":"Tarros de cer\u00e1mica a medida con tapa, recipientes para velas a granel para la fabricaci\u00f3n de velas"},"content":{"rendered":"<div class=\"wp-block-columns is-layout-flex wp-container-core-columns-is-layout-9d6595d7 wp-block-columns-is-layout-flex\">\n<div class=\"wp-block-column is-layout-flow wp-block-column-is-layout-flow\">\n<h3 class=\"wp-block-heading\">Tarros de cer\u00e1mica personalizados con tapa Caracter\u00edsticas:<\/h3>\n\n\n\n<ul class=\"wp-block-list\">\n<li><strong>Dise\u00f1o exquisito: <\/strong>Estos tarros de cer\u00e1mica personalizados para velas con tapa son el recipiente perfecto para hacer velas. Tapa de cer\u00e1mica y dise\u00f1o \u00fanico, aspecto liso, sencillo y moderno, se pueden utilizar como elegante decoraci\u00f3n del hogar.<\/li>\n\n\n\n<li><strong>Material de alta calidad: <\/strong>Estos recipientes para velas a granel est\u00e1n hechos de arcilla de porcelana de alta calidad, lo que garantiza su durabilidad y textura. El tarro de cer\u00e1mica sin plomo y no t\u00f3xico es m\u00e1s seguro y saludable que el metal y puede utilizarse repetidamente.<\/li>\n\n\n\n<li><strong>Uso multifuncional:<\/strong> Nuestros tarros de cer\u00e1mica personalizados con tapa son muy utilizados para hacer velas, o para guardar az\u00facar, especias, granos de caf\u00e9, frutos secos, infusiones, etc.<\/li>\n\n\n\n<li><strong>Personalizaci\u00f3n a medida: <\/strong>Proporcionamos servicios de tarros de velas personalizados para recipientes de velas a granel, y podemos personalizar diferentes colores, formas, embalajes, logotipos y patrones de tarros de cer\u00e1mica seg\u00fan las necesidades del cliente.<\/li>\n<\/ul>\n<\/div>\n\n\n\n<div class=\"wp-block-column is-layout-flow wp-block-column-is-layout-flow\">\n<figure class=\"wp-block-image size-full\"><img fetchpriority=\"high\" decoding=\"async\" width=\"750\" height=\"750\" src=\"https:\/\/jinhuaceramic.com\/wp-content\/uploads\/2024\/05\/ceramic-jar.webp\" alt=\"Tarros de cer\u00e1mica a medida para velas con tapa, recipientes para velas a granel para la fabricaci\u00f3n de velas-1\" class=\"wp-image-4644\" srcset=\"https:\/\/jinhuaceramic.com\/wp-content\/uploads\/2024\/05\/ceramic-jar.webp 750w, https:\/\/jinhuaceramic.com\/wp-content\/uploads\/2024\/05\/ceramic-jar-300x300.webp 300w, https:\/\/jinhuaceramic.com\/wp-content\/uploads\/2024\/05\/ceramic-jar-150x150.webp 150w, https:\/\/jinhuaceramic.com\/wp-content\/uploads\/2024\/05\/ceramic-jar-285x285.webp 285w, https:\/\/jinhuaceramic.com\/wp-content\/uploads\/2024\/05\/ceramic-jar-270x270.webp 270w, https:\/\/jinhuaceramic.com\/wp-content\/uploads\/2024\/05\/ceramic-jar-540x540.webp 540w, https:\/\/jinhuaceramic.com\/wp-content\/uploads\/2024\/05\/ceramic-jar-660x660.webp 660w\" sizes=\"(max-width: 750px) 100vw, 750px\" \/><\/figure>\n<\/div>\n<\/div>\n\n\n\n<p><\/p>","protected":false},"excerpt":{"rendered":"<p>Bienvenido a comprar recipientes para velas al por mayor. Nuestros tarros de cer\u00e1mica personalizados para velas con tapa est\u00e1n hechos de arcilla de porcelana de alta calidad. Su dise\u00f1o es \u00fanico y es una gran decoraci\u00f3n para el hogar. Tambi\u00e9n ofrecemos servicio personalizado de tarros para velas con precios de f\u00e1brica competitivos. Puede personalizar el color, el logotipo, el embalaje, etc. seg\u00fan los diferentes requisitos de los clientes.\u00a0<\/p>","protected":false},"featured_media":4641,"comment_status":"closed","ping_status":"closed","template":"","meta":{"_acf_changed":false},"product_brand":[],"product_cat":[52],"product_tag":[67,66],"class_list":{"0":"post-4645","1":"product","2":"type-product","3":"status-publish","4":"has-post-thumbnail","6":"product_cat-wholesale-candle-containers","7":"product_tag-bulk-candle-jars-with-lids","8":"product_tag-candle-jars-wholesale","10":"first","11":"instock","12":"shipping-taxable","13":"product-type-simple"},"acf":[],"_links":{"self":[{"href":"https:\/\/jinhuaceramic.com\/es\/wp-json\/wp\/v2\/product\/4645","targetHints":{"allow":["GET"]}}],"collection":[{"href":"https:\/\/jinhuaceramic.com\/es\/wp-json\/wp\/v2\/product"}],"about":[{"href":"https:\/\/jinhuaceramic.com\/es\/wp-json\/wp\/v2\/types\/product"}],"replies":[{"embeddable":true,"href":"https:\/\/jinhuaceramic.com\/es\/wp-json\/wp\/v2\/comments?post=4645"}],"version-history":[{"count":0,"href":"https:\/\/jinhuaceramic.com\/es\/wp-json\/wp\/v2\/product\/4645\/revisions"}],"wp:featuredmedia":[{"embeddable":true,"href":"https:\/\/jinhuaceramic.com\/es\/wp-json\/wp\/v2\/media\/4641"}],"wp:attachment":[{"href":"https:\/\/jinhuaceramic.com\/es\/wp-json\/wp\/v2\/media?parent=4645"}],"wp:term":[{"taxonomy":"product_brand","embeddable":true,"href":"https:\/\/jinhuaceramic.com\/es\/wp-json\/wp\/v2\/product_brand?post=4645"},{"taxonomy":"product_cat","embeddable":true,"href":"https:\/\/jinhuaceramic.com\/es\/wp-json\/wp\/v2\/product_cat?post=4645"},{"taxonomy":"product_tag","embeddable":true,"href":"https:\/\/jinhuaceramic.com\/es\/wp-json\/wp\/v2\/product_tag?post=4645"}],"curies":[{"name":"wp","href":"https:\/\/api.w.org\/{rel}","templated":true}]}}