{"id":4707,"date":"2024-05-17T08:53:13","date_gmt":"2024-05-17T08:53:13","guid":{"rendered":"https:\/\/jinhuaceramic.com\/?post_type=product&#038;p=4707"},"modified":"2025-04-21T03:20:25","modified_gmt":"2025-04-21T03:20:25","slug":"custom-marble-ceramic-jars-for-candles","status":"publish","type":"product","link":"https:\/\/jinhuaceramic.com\/es\/product\/custom-marble-ceramic-jars-for-candles\/","title":{"rendered":"Tarros de Cer\u00e1mica de M\u00e1rmol Texturizados a Medida, Vasos para Velas al por Mayor"},"content":{"rendered":"<div class=\"wp-block-columns is-layout-flex wp-container-core-columns-is-layout-9d6595d7 wp-block-columns-is-layout-flex\">\n<div class=\"wp-block-column is-layout-flow wp-block-column-is-layout-flow\">\n<h3 class=\"wp-block-heading\">Tarros de cer\u00e1mica de m\u00e1rmol personalizados Premium Caracter\u00edsticas:<\/h3>\n\n\n\n<ul class=\"wp-block-list\">\n<li><strong>Dise\u00f1o de m\u00e1rmol:<\/strong> Estos tarros de cer\u00e1mica de m\u00e1rmol personalizados para velas tienen motivos de m\u00e1rmol azul claro y blanco, lo que les confiere un aspecto suave y elegante. El interior del tarro para velas es de color azul claro s\u00f3lido, a juego con la combinaci\u00f3n de colores exterior.<\/li>\n\n\n\n<li><strong>Tecnolog\u00eda de esmalte de color: <\/strong>Este recipiente de cer\u00e1mica para velas al por mayor utiliza tecnolog\u00eda de esmaltado en color. El proceso de esmaltado mejora la durabilidad de los recipientes para velas, haci\u00e9ndolos m\u00e1s resistentes a los ara\u00f1azos y al desgaste diario.<\/li>\n\n\n\n<li><strong>Uso multifuncional:<\/strong> Adem\u00e1s de para hacer velas, estos tarros de cer\u00e1mica de m\u00e1rmol personalizados tambi\u00e9n pueden ser maceteros, portabol\u00edgrafos, portacepillos de maquillaje, portautensilios, etc.<\/li>\n\n\n\n<li><strong>Servicio satisfecho: <\/strong>Proporcionamos a los consumidores recipiente de cer\u00e1mica para velas al por mayor de alta calidad y servicios satisfactorios. \u00a1Si el tarro de vela de m\u00e1rmol recibido est\u00e1 da\u00f1ado, por favor p\u00f3ngase en contacto con nosotros primero! Le proporcionaremos soluciones satisfactorias en 24 horas.<\/li>\n<\/ul>\n<\/div>\n\n\n\n<div class=\"wp-block-column is-layout-flow wp-block-column-is-layout-flow\">\n<figure class=\"wp-block-image size-full\"><img fetchpriority=\"high\" decoding=\"async\" width=\"800\" height=\"800\" src=\"https:\/\/jinhuaceramic.com\/wp-content\/uploads\/2024\/05\/candle-jar-ceramic.webp\" alt=\"Tarros de Cer\u00e1mica de M\u00e1rmol con Textura Personalizada, Recipiente para Velas al por Mayor-1\" class=\"wp-image-4692\" srcset=\"https:\/\/jinhuaceramic.com\/wp-content\/uploads\/2024\/05\/candle-jar-ceramic.webp 800w, https:\/\/jinhuaceramic.com\/wp-content\/uploads\/2024\/05\/candle-jar-ceramic-300x300.webp 300w, https:\/\/jinhuaceramic.com\/wp-content\/uploads\/2024\/05\/candle-jar-ceramic-150x150.webp 150w, https:\/\/jinhuaceramic.com\/wp-content\/uploads\/2024\/05\/candle-jar-ceramic-768x768.webp 768w, https:\/\/jinhuaceramic.com\/wp-content\/uploads\/2024\/05\/candle-jar-ceramic-285x285.webp 285w, https:\/\/jinhuaceramic.com\/wp-content\/uploads\/2024\/05\/candle-jar-ceramic-270x270.webp 270w, https:\/\/jinhuaceramic.com\/wp-content\/uploads\/2024\/05\/candle-jar-ceramic-540x540.webp 540w, https:\/\/jinhuaceramic.com\/wp-content\/uploads\/2024\/05\/candle-jar-ceramic-660x660.webp 660w\" sizes=\"(max-width: 800px) 100vw, 800px\" \/><\/figure>\n<\/div>\n<\/div>","protected":false},"excerpt":{"rendered":"<p>Bienvenido a comprar tarros para velas al por mayor. Estos tarros de cer\u00e1mica de m\u00e1rmol personalizados para velas son uno de nuestros tarros de cer\u00e1mica para velas m\u00e1s vendidos, muy adecuados para hacer velas. Estos tarros de cer\u00e1mica de m\u00e1rmol para velas est\u00e1n dise\u00f1ados con varios colores de incre\u00edble dise\u00f1o de m\u00e1rmol, a\u00f1adiendo un estilo elegante a cualquier espacio. Est\u00e1n hechos con tecnolog\u00eda de esmalte de color de alta calidad, que es durable y elegante.<\/p>","protected":false},"featured_media":4693,"comment_status":"closed","ping_status":"closed","template":"","meta":{"_acf_changed":false},"product_brand":[],"product_cat":[52],"product_tag":[66],"class_list":{"0":"post-4707","1":"product","2":"type-product","3":"status-publish","4":"has-post-thumbnail","6":"product_cat-wholesale-candle-containers","7":"product_tag-candle-jars-wholesale","9":"first","10":"instock","11":"shipping-taxable","12":"product-type-simple"},"acf":[],"_links":{"self":[{"href":"https:\/\/jinhuaceramic.com\/es\/wp-json\/wp\/v2\/product\/4707","targetHints":{"allow":["GET"]}}],"collection":[{"href":"https:\/\/jinhuaceramic.com\/es\/wp-json\/wp\/v2\/product"}],"about":[{"href":"https:\/\/jinhuaceramic.com\/es\/wp-json\/wp\/v2\/types\/product"}],"replies":[{"embeddable":true,"href":"https:\/\/jinhuaceramic.com\/es\/wp-json\/wp\/v2\/comments?post=4707"}],"version-history":[{"count":0,"href":"https:\/\/jinhuaceramic.com\/es\/wp-json\/wp\/v2\/product\/4707\/revisions"}],"wp:featuredmedia":[{"embeddable":true,"href":"https:\/\/jinhuaceramic.com\/es\/wp-json\/wp\/v2\/media\/4693"}],"wp:attachment":[{"href":"https:\/\/jinhuaceramic.com\/es\/wp-json\/wp\/v2\/media?parent=4707"}],"wp:term":[{"taxonomy":"product_brand","embeddable":true,"href":"https:\/\/jinhuaceramic.com\/es\/wp-json\/wp\/v2\/product_brand?post=4707"},{"taxonomy":"product_cat","embeddable":true,"href":"https:\/\/jinhuaceramic.com\/es\/wp-json\/wp\/v2\/product_cat?post=4707"},{"taxonomy":"product_tag","embeddable":true,"href":"https:\/\/jinhuaceramic.com\/es\/wp-json\/wp\/v2\/product_tag?post=4707"}],"curies":[{"name":"wp","href":"https:\/\/api.w.org\/{rel}","templated":true}]}}