{"id":4732,"date":"2024-05-22T10:30:30","date_gmt":"2024-05-22T10:30:30","guid":{"rendered":"https:\/\/jinhuaceramic.com\/?post_type=product&#038;p=4732"},"modified":"2025-03-11T08:31:49","modified_gmt":"2025-03-11T08:31:49","slug":"wholesale-ceramic-ramekin-cups","status":"publish","type":"product","link":"https:\/\/jinhuaceramic.com\/es\/product\/wholesale-ceramic-ramekin-cups\/","title":{"rendered":"Mayorista Vasos Ramekin De Cer\u00e1mica, Vasos Souffle A Granel Para Postre"},"content":{"rendered":"<div class=\"wp-block-columns is-layout-flex wp-container-core-columns-is-layout-9d6595d7 wp-block-columns-is-layout-flex\">\n<div class=\"wp-block-column is-layout-flow wp-block-column-is-layout-flow\">\n<h3 class=\"wp-block-heading\">Taza Ramekin de cer\u00e1mica al por mayor de primera calidad Caracter\u00edsticas:<\/h3>\n\n\n\n<ul class=\"wp-block-list\">\n<li><strong>Dise\u00f1o \u00fanico:<\/strong> Nuestras tazas ramekin de cer\u00e1mica al por mayor presentan un sencillo cuerpo blanco con un delicado dise\u00f1o de borde marr\u00f3n, que es a la vez cl\u00e1sico y \u00fanico, a\u00f1adiendo un ambiente moderno y elegante a la mesa, y es muy adecuado para presentaciones de postres en diversas ocasiones.<\/li>\n\n\n\n<li><strong>Aplicable a una gran variedad de postres para hornear:<\/strong> Estas tazas para souffl\u00e9 a granel est\u00e1n dise\u00f1adas para hornear diversos postres, como souffl\u00e9, pudin de caramelo, tarta de lava de chocolate, etc.; su tama\u00f1o medio puede satisfacer perfectamente las necesidades de producci\u00f3n de diversos postres peque\u00f1os y convertirse en una herramienta ideal para hornear en casa o en restaurantes.<\/li>\n\n\n\n<li><strong>Material cer\u00e1mico resistente al calor, excelente efecto de horneado:<\/strong> Cada una de nuestras tazas ramekin de cer\u00e1mica al por mayor est\u00e1 hecha de cer\u00e1mica resistente al calor de calidad superior que puede soportar altas temperaturas en hornos y microondas, haciendo que el postre se caliente uniformemente para ayudar a crear una textura ligera y perfectamente expandida de fr\u00e1giles productos horneados.<\/li>\n\n\n\n<li><strong>F\u00e1cil de limpiar y apto para lavavajillas: <\/strong>Adem\u00e1s de pr\u00e1cticas y bonitas, estas tazas para souffl\u00e9 a granel se pueden limpiar con facilidad. Se pueden lavar en el lavavajillas, lo que ahorra tiempo y aumenta la comodidad de uso. Son una opci\u00f3n bastante buena para el uso diario en cocinas dom\u00e9sticas y de restaurantes.<\/li>\n<\/ul>\n<\/div>\n\n\n\n<div class=\"wp-block-column is-layout-flow wp-block-column-is-layout-flow\">\n<figure class=\"wp-block-image size-full\"><img fetchpriority=\"high\" decoding=\"async\" width=\"1434\" height=\"1500\" src=\"https:\/\/jinhuaceramic.com\/wp-content\/uploads\/2024\/05\/ramekin.webp\" alt=\"Mayorista Vasos Ramekin De Cer\u00e1mica, Vasos Souffle A Granel Para Postre-1\" class=\"wp-image-4730\" srcset=\"https:\/\/jinhuaceramic.com\/wp-content\/uploads\/2024\/05\/ramekin.webp 1434w, https:\/\/jinhuaceramic.com\/wp-content\/uploads\/2024\/05\/ramekin-287x300.webp 287w, https:\/\/jinhuaceramic.com\/wp-content\/uploads\/2024\/05\/ramekin-768x803.webp 768w, https:\/\/jinhuaceramic.com\/wp-content\/uploads\/2024\/05\/ramekin-285x298.webp 285w, https:\/\/jinhuaceramic.com\/wp-content\/uploads\/2024\/05\/ramekin-631x660.webp 631w, https:\/\/jinhuaceramic.com\/wp-content\/uploads\/2024\/05\/ramekin-143x150.webp 143w\" sizes=\"(max-width: 1434px) 100vw, 1434px\" \/><\/figure>\n<\/div>\n<\/div>","protected":false},"excerpt":{"rendered":"<p>Bienvenido a comprar tazas de souffl\u00e9 al por mayor. Nuestras tazas ramekin de cer\u00e1mica blanca al por mayor con un dise\u00f1o de borde marr\u00f3n, son cl\u00e1sicas y elegantes para todo tipo de postres. La cer\u00e1mica resistente al calor de alta calidad garantiza un calentamiento uniforme de los alimentos en el interior, es apta para microondas y horno, y es f\u00e1cil de limpiar, apta para lavavajillas, lo que la convierte en un utensilio de reposter\u00eda ideal tanto para uso dom\u00e9stico como en restaurantes.<\/p>","protected":false},"featured_media":4731,"comment_status":"closed","ping_status":"closed","template":"","meta":{"_acf_changed":false},"product_brand":[],"product_cat":[53],"product_tag":[69],"class_list":{"0":"post-4732","1":"product","2":"type-product","3":"status-publish","4":"has-post-thumbnail","6":"product_cat-bakeware-in-bulk","7":"product_tag-bulk-ramekins","9":"first","10":"instock","11":"shipping-taxable","12":"product-type-simple"},"acf":[],"_links":{"self":[{"href":"https:\/\/jinhuaceramic.com\/es\/wp-json\/wp\/v2\/product\/4732","targetHints":{"allow":["GET"]}}],"collection":[{"href":"https:\/\/jinhuaceramic.com\/es\/wp-json\/wp\/v2\/product"}],"about":[{"href":"https:\/\/jinhuaceramic.com\/es\/wp-json\/wp\/v2\/types\/product"}],"replies":[{"embeddable":true,"href":"https:\/\/jinhuaceramic.com\/es\/wp-json\/wp\/v2\/comments?post=4732"}],"version-history":[{"count":0,"href":"https:\/\/jinhuaceramic.com\/es\/wp-json\/wp\/v2\/product\/4732\/revisions"}],"wp:featuredmedia":[{"embeddable":true,"href":"https:\/\/jinhuaceramic.com\/es\/wp-json\/wp\/v2\/media\/4731"}],"wp:attachment":[{"href":"https:\/\/jinhuaceramic.com\/es\/wp-json\/wp\/v2\/media?parent=4732"}],"wp:term":[{"taxonomy":"product_brand","embeddable":true,"href":"https:\/\/jinhuaceramic.com\/es\/wp-json\/wp\/v2\/product_brand?post=4732"},{"taxonomy":"product_cat","embeddable":true,"href":"https:\/\/jinhuaceramic.com\/es\/wp-json\/wp\/v2\/product_cat?post=4732"},{"taxonomy":"product_tag","embeddable":true,"href":"https:\/\/jinhuaceramic.com\/es\/wp-json\/wp\/v2\/product_tag?post=4732"}],"curies":[{"name":"wp","href":"https:\/\/api.w.org\/{rel}","templated":true}]}}