{"id":4769,"date":"2024-05-27T01:25:28","date_gmt":"2024-05-27T01:25:28","guid":{"rendered":"https:\/\/jinhuaceramic.com\/?post_type=product&#038;p=4769"},"modified":"2025-03-10T09:06:22","modified_gmt":"2025-03-10T09:06:22","slug":"oven-safe-custom-bakeware-in-bulk","status":"publish","type":"product","link":"https:\/\/jinhuaceramic.com\/es\/product\/oven-safe-custom-bakeware-in-bulk\/","title":{"rendered":"Platos para hornear a granel, Platos para hornear con asa al por mayor"},"content":{"rendered":"<div class=\"wp-block-columns is-layout-flex wp-container-core-columns-is-layout-9d6595d7 wp-block-columns-is-layout-flex\">\n<div class=\"wp-block-column is-layout-flow wp-block-column-is-layout-flow\">\n<h3 class=\"wp-block-heading\">Bater\u00eda para hornear a granel Premium Custom Caracter\u00edsticas:<\/h3>\n\n\n\n<ul class=\"wp-block-list\">\n<li><strong>Resistencia a altas temperaturas: <\/strong>Esta bandeja para hornear personalizada a granel est\u00e1 fabricada con cer\u00e1mica de alta calidad resistente al calor que puede utilizarse hasta 250\u00b0C. Es apta para varios hornos y microondas; proporciona un calentamiento uniforme y excelentes resultados de horneado.<\/li>\n\n\n\n<li><strong>Pr\u00e1ctico dise\u00f1o del asa:<\/strong> Con un asa estable, esta fuente de hornear al por mayor puede sacarse del horno con facilidad y seguridad incluso a altas temperaturas, lo que mejora la seguridad y la comodidad al hornear.<\/li>\n\n\n\n<li><strong>Servicio personalizado: <\/strong>Personalizable en tama\u00f1o, forma, estilo de asa y variedad de colores para utensilios de reposter\u00eda al por mayor por Jinhua le asegura que cada pieza de utensilios de reposter\u00eda ser\u00e1 definitivamente adecuada para sus necesidades particulares.<\/li>\n\n\n\n<li><strong>Descuento por compra al por mayor:<\/strong> Como fabricante profesional de utensilios de cer\u00e1mica para hornear, ofrecemos precios muy competitivos para la venta al por mayor de platos para hornear adecuados para panader\u00edas, restaurantes y grandes hornos comerciales.<\/li>\n<\/ul>\n<\/div>\n\n\n\n<div class=\"wp-block-column is-layout-flow wp-block-column-is-layout-flow\">\n<figure class=\"wp-block-image size-full\"><img fetchpriority=\"high\" decoding=\"async\" width=\"1251\" height=\"1251\" src=\"https:\/\/jinhuaceramic.com\/wp-content\/uploads\/2024\/05\/bakeware.webp\" alt=\"utensilios para horno a granel con asas\" class=\"wp-image-4762\" srcset=\"https:\/\/jinhuaceramic.com\/wp-content\/uploads\/2024\/05\/bakeware.webp 1251w, https:\/\/jinhuaceramic.com\/wp-content\/uploads\/2024\/05\/bakeware-300x300.webp 300w, https:\/\/jinhuaceramic.com\/wp-content\/uploads\/2024\/05\/bakeware-150x150.webp 150w, https:\/\/jinhuaceramic.com\/wp-content\/uploads\/2024\/05\/bakeware-768x768.webp 768w, https:\/\/jinhuaceramic.com\/wp-content\/uploads\/2024\/05\/bakeware-285x285.webp 285w, https:\/\/jinhuaceramic.com\/wp-content\/uploads\/2024\/05\/bakeware-270x270.webp 270w, https:\/\/jinhuaceramic.com\/wp-content\/uploads\/2024\/05\/bakeware-540x540.webp 540w, https:\/\/jinhuaceramic.com\/wp-content\/uploads\/2024\/05\/bakeware-660x660.webp 660w\" sizes=\"(max-width: 1251px) 100vw, 1251px\" \/><\/figure>\n<\/div>\n<\/div>","protected":false},"excerpt":{"rendered":"<p>Bienvenido a la compra al por mayor de fuentes para hornear. Con un pr\u00e1ctico dise\u00f1o del asa, esta vajilla para hornear al por mayor garantiza la comodidad en las operaciones de horneado. Las materias primas cer\u00e1micas de alta calidad resistentes a altas temperaturas garantizan varios tipos de opciones de personalizaci\u00f3n disponibles para satisfacer las necesidades de horneado en diferentes escenarios y, por lo tanto, pueden actuar como una opci\u00f3n ideal para hornear en el hogar y comercialmente.<\/p>","protected":false},"featured_media":4764,"comment_status":"closed","ping_status":"closed","template":"","meta":{"_acf_changed":false},"product_brand":[],"product_cat":[53],"product_tag":[71],"class_list":{"0":"post-4769","1":"product","2":"type-product","3":"status-publish","4":"has-post-thumbnail","6":"product_cat-bakeware-in-bulk","7":"product_tag-wholesale-baking-pans","9":"first","10":"instock","11":"shipping-taxable","12":"product-type-simple"},"acf":[],"_links":{"self":[{"href":"https:\/\/jinhuaceramic.com\/es\/wp-json\/wp\/v2\/product\/4769","targetHints":{"allow":["GET"]}}],"collection":[{"href":"https:\/\/jinhuaceramic.com\/es\/wp-json\/wp\/v2\/product"}],"about":[{"href":"https:\/\/jinhuaceramic.com\/es\/wp-json\/wp\/v2\/types\/product"}],"replies":[{"embeddable":true,"href":"https:\/\/jinhuaceramic.com\/es\/wp-json\/wp\/v2\/comments?post=4769"}],"version-history":[{"count":0,"href":"https:\/\/jinhuaceramic.com\/es\/wp-json\/wp\/v2\/product\/4769\/revisions"}],"wp:featuredmedia":[{"embeddable":true,"href":"https:\/\/jinhuaceramic.com\/es\/wp-json\/wp\/v2\/media\/4764"}],"wp:attachment":[{"href":"https:\/\/jinhuaceramic.com\/es\/wp-json\/wp\/v2\/media?parent=4769"}],"wp:term":[{"taxonomy":"product_brand","embeddable":true,"href":"https:\/\/jinhuaceramic.com\/es\/wp-json\/wp\/v2\/product_brand?post=4769"},{"taxonomy":"product_cat","embeddable":true,"href":"https:\/\/jinhuaceramic.com\/es\/wp-json\/wp\/v2\/product_cat?post=4769"},{"taxonomy":"product_tag","embeddable":true,"href":"https:\/\/jinhuaceramic.com\/es\/wp-json\/wp\/v2\/product_tag?post=4769"}],"curies":[{"name":"wp","href":"https:\/\/api.w.org\/{rel}","templated":true}]}}