{"id":4786,"date":"2024-05-27T08:50:05","date_gmt":"2024-05-27T08:50:05","guid":{"rendered":"https:\/\/jinhuaceramic.com\/?post_type=product&#038;p=4786"},"modified":"2025-03-08T01:39:12","modified_gmt":"2025-03-08T01:39:12","slug":"rainbow-wholesale-soap-dish","status":"publish","type":"product","link":"https:\/\/jinhuaceramic.com\/es\/product\/rainbow-wholesale-soap-dish\/","title":{"rendered":"Jabonera de Cer\u00e1mica con Forma de Arco Iris al por mayor Suministros de Ba\u00f1o"},"content":{"rendered":"<div class=\"wp-block-columns is-layout-flex wp-container-core-columns-is-layout-9d6595d7 wp-block-columns-is-layout-flex\">\n<div class=\"wp-block-column is-layout-flow wp-block-column-is-layout-flow\">\n<h3 class=\"wp-block-heading\">Jabonera Premium al por mayor Caracter\u00edsticas:<\/h3>\n\n\n\n<ul class=\"wp-block-list\">\n<li><strong>Dise\u00f1o en forma de arco iris:<\/strong> Esta jabonera al por mayor tiene un dise\u00f1o especial en forma de arco iris que aportar\u00e1 colores vivos al mon\u00f3tono espacio del cuarto de ba\u00f1o, activar\u00e1 la diversi\u00f3n de la vida y ser\u00e1 adecuada para todas las edades de los miembros de la familia.<\/li>\n\n\n\n<li><strong>Cer\u00e1mica de alta calidad: <\/strong>Se fabrica con buenas materias primas cer\u00e1micas y se cuece a alta temperatura para garantizar la estabilidad de la estructura de la jabonera a granel. La superficie es lisa y fr\u00e1gil, por lo que se mantiene limpia durante m\u00e1s tiempo y es duradera.<\/li>\n\n\n\n<li><strong>Dise\u00f1o de fondo antideslizante:<\/strong> El fondo de nuestra jabonera al por mayor se ha recubierto cuidadosamente con una sustancia antideslizante para garantizar que se asiente firmemente en cualquier encimera de cocina y que no se deslice cuando se utilice por motivos de seguridad.<\/li>\n\n\n\n<li><strong>Descuento al por mayor:<\/strong> Como fabricantes profesionales de accesorios de ba\u00f1o de cer\u00e1mica, ofrecemos los mejores precios para jaboneras de cer\u00e1mica a granel. Podemos proporcionar descuentos adicionales para pedidos al por mayor que son adecuados para el comercio, hoteles e instituciones.<\/li>\n<\/ul>\n<\/div>\n\n\n\n<div class=\"wp-block-column is-layout-flow wp-block-column-is-layout-flow\">\n<figure class=\"wp-block-image size-full\"><img fetchpriority=\"high\" decoding=\"async\" width=\"745\" height=\"957\" src=\"https:\/\/jinhuaceramic.com\/wp-content\/uploads\/2024\/05\/ceramic-soap-dish-2.webp\" alt=\"Venta al por mayor de jab\u00f3n de cer\u00e1mica para lavabos\" class=\"wp-image-4778\" srcset=\"https:\/\/jinhuaceramic.com\/wp-content\/uploads\/2024\/05\/ceramic-soap-dish-2.webp 745w, https:\/\/jinhuaceramic.com\/wp-content\/uploads\/2024\/05\/ceramic-soap-dish-2-234x300.webp 234w, https:\/\/jinhuaceramic.com\/wp-content\/uploads\/2024\/05\/ceramic-soap-dish-2-285x366.webp 285w, https:\/\/jinhuaceramic.com\/wp-content\/uploads\/2024\/05\/ceramic-soap-dish-2-514x660.webp 514w, https:\/\/jinhuaceramic.com\/wp-content\/uploads\/2024\/05\/ceramic-soap-dish-2-117x150.webp 117w\" sizes=\"(max-width: 745px) 100vw, 745px\" \/><\/figure>\n<\/div>\n<\/div>","protected":false},"excerpt":{"rendered":"<p>Bienvenido a comprar jaboneras de cer\u00e1mica. Esta jabonera al por mayor est\u00e1 bien dise\u00f1ada y tiene forma de arco iris. Como parte de la decoraci\u00f3n del ba\u00f1o, har\u00e1 que el espacio sea m\u00e1s vivo y entretenido. El material cer\u00e1mico de alta calidad con el que est\u00e1 fabricada garantiza una buena durabilidad del producto. Su fondo antideslizante hace que la jabonera sea m\u00e1s estable cuando se utiliza.<\/p>","protected":false},"featured_media":4780,"comment_status":"closed","ping_status":"closed","template":"","meta":{"_acf_changed":false},"product_brand":[],"product_cat":[51],"product_tag":[72],"class_list":{"0":"post-4786","1":"product","2":"type-product","3":"status-publish","4":"has-post-thumbnail","6":"product_cat-bathroom-accessories-wholesale","7":"product_tag-wholesale-soap-dishes","9":"first","10":"instock","11":"shipping-taxable","12":"product-type-simple"},"acf":[],"_links":{"self":[{"href":"https:\/\/jinhuaceramic.com\/es\/wp-json\/wp\/v2\/product\/4786","targetHints":{"allow":["GET"]}}],"collection":[{"href":"https:\/\/jinhuaceramic.com\/es\/wp-json\/wp\/v2\/product"}],"about":[{"href":"https:\/\/jinhuaceramic.com\/es\/wp-json\/wp\/v2\/types\/product"}],"replies":[{"embeddable":true,"href":"https:\/\/jinhuaceramic.com\/es\/wp-json\/wp\/v2\/comments?post=4786"}],"version-history":[{"count":0,"href":"https:\/\/jinhuaceramic.com\/es\/wp-json\/wp\/v2\/product\/4786\/revisions"}],"wp:featuredmedia":[{"embeddable":true,"href":"https:\/\/jinhuaceramic.com\/es\/wp-json\/wp\/v2\/media\/4780"}],"wp:attachment":[{"href":"https:\/\/jinhuaceramic.com\/es\/wp-json\/wp\/v2\/media?parent=4786"}],"wp:term":[{"taxonomy":"product_brand","embeddable":true,"href":"https:\/\/jinhuaceramic.com\/es\/wp-json\/wp\/v2\/product_brand?post=4786"},{"taxonomy":"product_cat","embeddable":true,"href":"https:\/\/jinhuaceramic.com\/es\/wp-json\/wp\/v2\/product_cat?post=4786"},{"taxonomy":"product_tag","embeddable":true,"href":"https:\/\/jinhuaceramic.com\/es\/wp-json\/wp\/v2\/product_tag?post=4786"}],"curies":[{"name":"wp","href":"https:\/\/api.w.org\/{rel}","templated":true}]}}