{"id":4864,"date":"2024-06-03T02:51:41","date_gmt":"2024-06-03T02:51:41","guid":{"rendered":"https:\/\/jinhuaceramic.com\/?post_type=product&#038;p=4864"},"modified":"2025-03-10T08:40:33","modified_gmt":"2025-03-10T08:40:33","slug":"ceramic-candle-jars-wholesale-2","status":"publish","type":"product","link":"https:\/\/jinhuaceramic.com\/es\/product\/ceramic-candle-jars-wholesale-2\/","title":{"rendered":"Fancy tarros de cer\u00e1mica de la vela al por mayor con precio directo de f\u00e1brica"},"content":{"rendered":"<div class=\"wp-block-columns is-layout-flex wp-container-core-columns-is-layout-9d6595d7 wp-block-columns-is-layout-flex\">\n<div class=\"wp-block-column is-layout-flow wp-block-column-is-layout-flow\">\n<h3 class=\"wp-block-heading\">Tarros de cer\u00e1mica de primera calidad para velas al por mayor Caracter\u00edsticas:<\/h3>\n\n\n\n<ul class=\"wp-block-list\">\n<li><strong>Dise\u00f1o elegante:<\/strong> Estos tarros de cer\u00e1mica para velas al por mayor presentan un dise\u00f1o de forma minimalista. Su forma lisa y circular, con la parte superior suavemente curvada, no solo desprende una belleza moderna y elegante, sino que tambi\u00e9n mejora la estabilidad de la vela.<\/li>\n\n\n\n<li><strong>Colores vibrantes:<\/strong> Estos tarros de cer\u00e1mica personalizados para velas est\u00e1n disponibles en varios colores mate que se adaptan a la decoraci\u00f3n del hogar, como blanco, negro, gris, azul y amarillo. Tambi\u00e9n se pueden personalizar otros colores seg\u00fan las necesidades del cliente.<\/li>\n\n\n\n<li><strong>Material de alta calidad:<\/strong> Estos tarros de cer\u00e1mica para velas al por mayor est\u00e1n hechos de cer\u00e1mica de alta calidad y requieren un proceso de cocci\u00f3n a alta temperatura, por lo que tienen la caracter\u00edstica de resistencia a altas temperaturas y son perfectos para hacer velas.<\/li>\n\n\n\n<li><strong>Personalizaci\u00f3n a medida: <\/strong>Estos tarros para velas pueden personalizarse. Ofrecemos servicios de OEM y ODM. Puede personalizar el color, el tama\u00f1o, el logotipo, el patr\u00f3n y el envase de su propio tarro de vela de marca.<\/li>\n<\/ul>\n<\/div>\n\n\n\n<div class=\"wp-block-column is-layout-flow wp-block-column-is-layout-flow\">\n<figure class=\"wp-block-image size-full\"><img fetchpriority=\"high\" decoding=\"async\" width=\"800\" height=\"800\" src=\"https:\/\/jinhuaceramic.com\/wp-content\/uploads\/2024\/05\/candle-jar-3.webp\" alt=\"Fancy-Ceramic-Candle-Jars-Mayorista\" class=\"wp-image-4869\" srcset=\"https:\/\/jinhuaceramic.com\/wp-content\/uploads\/2024\/05\/candle-jar-3.webp 800w, https:\/\/jinhuaceramic.com\/wp-content\/uploads\/2024\/05\/candle-jar-3-300x300.webp 300w, https:\/\/jinhuaceramic.com\/wp-content\/uploads\/2024\/05\/candle-jar-3-150x150.webp 150w, https:\/\/jinhuaceramic.com\/wp-content\/uploads\/2024\/05\/candle-jar-3-768x768.webp 768w, https:\/\/jinhuaceramic.com\/wp-content\/uploads\/2024\/05\/candle-jar-3-285x285.webp 285w, https:\/\/jinhuaceramic.com\/wp-content\/uploads\/2024\/05\/candle-jar-3-270x270.webp 270w, https:\/\/jinhuaceramic.com\/wp-content\/uploads\/2024\/05\/candle-jar-3-540x540.webp 540w, https:\/\/jinhuaceramic.com\/wp-content\/uploads\/2024\/05\/candle-jar-3-660x660.webp 660w\" sizes=\"(max-width: 800px) 100vw, 800px\" \/><\/figure>\n<\/div>\n<\/div>","protected":false},"excerpt":{"rendered":"<p>Estos tarros de cer\u00e1mica para velas al por mayor con formas minimalistas y m\u00faltiples colores mate son una estupenda decoraci\u00f3n para el hogar. Fabricados en cer\u00e1mica de alta calidad, estos tarros para velas son resistentes a las altas temperaturas e ideales para hacer velas. Como fabricante, ofrecemos un servicio de recipientes de cer\u00e1mica para velas a medida, que le permite personalizar el color y el dise\u00f1o del tarro para velas para adaptarlo a su estilo \u00fanico.<\/p>","protected":false},"featured_media":4866,"comment_status":"closed","ping_status":"closed","template":"","meta":{"_acf_changed":false},"product_brand":[],"product_cat":[52],"product_tag":[66],"class_list":{"0":"post-4864","1":"product","2":"type-product","3":"status-publish","4":"has-post-thumbnail","6":"product_cat-wholesale-candle-containers","7":"product_tag-candle-jars-wholesale","9":"first","10":"instock","11":"shipping-taxable","12":"product-type-simple"},"acf":[],"_links":{"self":[{"href":"https:\/\/jinhuaceramic.com\/es\/wp-json\/wp\/v2\/product\/4864","targetHints":{"allow":["GET"]}}],"collection":[{"href":"https:\/\/jinhuaceramic.com\/es\/wp-json\/wp\/v2\/product"}],"about":[{"href":"https:\/\/jinhuaceramic.com\/es\/wp-json\/wp\/v2\/types\/product"}],"replies":[{"embeddable":true,"href":"https:\/\/jinhuaceramic.com\/es\/wp-json\/wp\/v2\/comments?post=4864"}],"version-history":[{"count":0,"href":"https:\/\/jinhuaceramic.com\/es\/wp-json\/wp\/v2\/product\/4864\/revisions"}],"wp:featuredmedia":[{"embeddable":true,"href":"https:\/\/jinhuaceramic.com\/es\/wp-json\/wp\/v2\/media\/4866"}],"wp:attachment":[{"href":"https:\/\/jinhuaceramic.com\/es\/wp-json\/wp\/v2\/media?parent=4864"}],"wp:term":[{"taxonomy":"product_brand","embeddable":true,"href":"https:\/\/jinhuaceramic.com\/es\/wp-json\/wp\/v2\/product_brand?post=4864"},{"taxonomy":"product_cat","embeddable":true,"href":"https:\/\/jinhuaceramic.com\/es\/wp-json\/wp\/v2\/product_cat?post=4864"},{"taxonomy":"product_tag","embeddable":true,"href":"https:\/\/jinhuaceramic.com\/es\/wp-json\/wp\/v2\/product_tag?post=4864"}],"curies":[{"name":"wp","href":"https:\/\/api.w.org\/{rel}","templated":true}]}}