{"id":4887,"date":"2024-06-08T07:58:01","date_gmt":"2024-06-08T07:58:01","guid":{"rendered":"https:\/\/jinhuaceramic.com\/?post_type=product&#038;p=4887"},"modified":"2026-02-05T03:47:03","modified_gmt":"2026-02-05T03:47:03","slug":"wholesale-5-piece-bathroom-accessories-set","status":"publish","type":"product","link":"https:\/\/jinhuaceramic.com\/es\/product\/wholesale-5-piece-bathroom-accessories-set\/","title":{"rendered":"Mayorista Set de Accesorios de Ba\u00f1o de 5 Piezas, Dise\u00f1o \u00danico"},"content":{"rendered":"<div class=\"wp-block-columns is-layout-flex wp-container-core-columns-is-layout-9d6595d7 wp-block-columns-is-layout-flex\">\n<div class=\"wp-block-column is-layout-flow wp-block-column-is-layout-flow\">\n<h3 class=\"wp-block-heading\">Premium Wholesale 5-Piece Bathroom Accessories&nbsp;Set&nbsp;Features:<\/h3>\n\n\n\n<ul class=\"wp-block-list\">\n<li><strong>Square modern design, simple and stylish:<\/strong> Designed with a modern square shape in fresh white, this wholesale 5-piece bathroom accessories set reveals simplicity and stylish beauty. Its clean lines combined with the concave texture add a special layering effect to the bathroom.<\/li>\n\n\n\n<li><strong>Five pieces are tough in practicality:<\/strong> This wholesale bath accessories set includes a soap dispenser, soap dish, 2 toothbrush cups, and storage jar\u2014all covering the basic needs in the bathroom to keep it tidy, organized, and convenient to use daily.<\/li>\n\n\n\n<li><strong>Made from high-quality materials:<\/strong> Our wholesale 5-piece bathroom accessories set is durable and sturdy with good resistance to stains. The concave texture design makes it look great in addition to its wonderful functionality: anti-slip and therefore safer and more convenient for the user, making it very easy to clean.<\/li>\n\n\n\n<li><strong>Fit in with most bathroom styles:<\/strong> Plain in shape, this set of wholesale bath accessories easily suits most decoration styles, whether it be modern, simple, or a traditional-style bathroom, so as to help users enhance the ambiance and beauty of the space.<\/li>\n<\/ul>\n<\/div>\n\n\n\n<div class=\"wp-block-column is-layout-flow wp-block-column-is-layout-flow\">\n<figure class=\"wp-block-image size-full\"><img fetchpriority=\"high\" decoding=\"async\" width=\"1500\" height=\"1500\" src=\"https:\/\/jinhuaceramic.com\/wp-content\/uploads\/2024\/06\/bathroom-accessories-set.webp\" alt=\"Mayorista-5-Piezas-Set-Accesorios-Ba\u00f1o-Dise\u00f1o-Moderno\" class=\"wp-image-4888\" srcset=\"https:\/\/jinhuaceramic.com\/wp-content\/uploads\/2024\/06\/bathroom-accessories-set.webp 1500w, https:\/\/jinhuaceramic.com\/wp-content\/uploads\/2024\/06\/bathroom-accessories-set-300x300.webp 300w, https:\/\/jinhuaceramic.com\/wp-content\/uploads\/2024\/06\/bathroom-accessories-set-150x150.webp 150w, https:\/\/jinhuaceramic.com\/wp-content\/uploads\/2024\/06\/bathroom-accessories-set-768x768.webp 768w, https:\/\/jinhuaceramic.com\/wp-content\/uploads\/2024\/06\/bathroom-accessories-set-285x285.webp 285w, https:\/\/jinhuaceramic.com\/wp-content\/uploads\/2024\/06\/bathroom-accessories-set-270x270.webp 270w, https:\/\/jinhuaceramic.com\/wp-content\/uploads\/2024\/06\/bathroom-accessories-set-540x540.webp 540w, https:\/\/jinhuaceramic.com\/wp-content\/uploads\/2024\/06\/bathroom-accessories-set-660x660.webp 660w\" sizes=\"(max-width: 1500px) 100vw, 1500px\" \/><\/figure>\n<\/div>\n<\/div>","protected":false},"excerpt":{"rendered":"<p>Welcome to purchase wholesale bath accessories. This modern wholesale 5-piece bathroom accessories set is in a white square shape with a unique concave texture, showing a stylish and simple atmosphere. Made from high-quality ceramic materials, this product will surely be strong, durable, and easy to clean, accordingly meeting the basic needs of the bathroom.<\/p>","protected":false},"featured_media":4890,"comment_status":"closed","ping_status":"closed","template":"","meta":{"_acf_changed":false},"product_brand":[],"product_cat":[51],"product_tag":[74],"class_list":{"0":"post-4887","1":"product","2":"type-product","3":"status-publish","4":"has-post-thumbnail","6":"product_cat-bathroom-accessories-wholesale","7":"product_tag-ceramic-bath-accessories-wholesale","9":"first","10":"instock","11":"shipping-taxable","12":"product-type-simple"},"acf":[],"_links":{"self":[{"href":"https:\/\/jinhuaceramic.com\/es\/wp-json\/wp\/v2\/product\/4887","targetHints":{"allow":["GET"]}}],"collection":[{"href":"https:\/\/jinhuaceramic.com\/es\/wp-json\/wp\/v2\/product"}],"about":[{"href":"https:\/\/jinhuaceramic.com\/es\/wp-json\/wp\/v2\/types\/product"}],"replies":[{"embeddable":true,"href":"https:\/\/jinhuaceramic.com\/es\/wp-json\/wp\/v2\/comments?post=4887"}],"version-history":[{"count":0,"href":"https:\/\/jinhuaceramic.com\/es\/wp-json\/wp\/v2\/product\/4887\/revisions"}],"wp:featuredmedia":[{"embeddable":true,"href":"https:\/\/jinhuaceramic.com\/es\/wp-json\/wp\/v2\/media\/4890"}],"wp:attachment":[{"href":"https:\/\/jinhuaceramic.com\/es\/wp-json\/wp\/v2\/media?parent=4887"}],"wp:term":[{"taxonomy":"product_brand","embeddable":true,"href":"https:\/\/jinhuaceramic.com\/es\/wp-json\/wp\/v2\/product_brand?post=4887"},{"taxonomy":"product_cat","embeddable":true,"href":"https:\/\/jinhuaceramic.com\/es\/wp-json\/wp\/v2\/product_cat?post=4887"},{"taxonomy":"product_tag","embeddable":true,"href":"https:\/\/jinhuaceramic.com\/es\/wp-json\/wp\/v2\/product_tag?post=4887"}],"curies":[{"name":"wp","href":"https:\/\/api.w.org\/{rel}","templated":true}]}}