{"id":4904,"date":"2024-06-08T08:02:41","date_gmt":"2024-06-08T08:02:41","guid":{"rendered":"https:\/\/jinhuaceramic.com\/?post_type=product&#038;p=4904"},"modified":"2025-01-16T06:25:10","modified_gmt":"2025-01-16T06:25:10","slug":"wholesale-ceramic-pumpkin-soup-bowl","status":"publish","type":"product","link":"https:\/\/jinhuaceramic.com\/es\/product\/wholesale-ceramic-pumpkin-soup-bowl\/","title":{"rendered":"Mayorista Taz\u00f3n De Cer\u00e1mica Para Sopa De Calabaza Con Tapa Y Asa"},"content":{"rendered":"<div class=\"wp-block-columns is-layout-flex wp-container-core-columns-is-layout-9d6595d7 wp-block-columns-is-layout-flex\">\n<div class=\"wp-block-column is-layout-flow wp-block-column-is-layout-flow\">\n<h3 class=\"wp-block-heading\">Cuenco de cer\u00e1mica para sopa de calabaza al por mayor de primera calidad Caracter\u00edsticas:<\/h3>\n\n\n\n<ul class=\"wp-block-list\">\n<li><strong>Dise\u00f1o \u00fanico: <\/strong>Estos cuencos de cer\u00e1mica para sopa al por mayor est\u00e1n dise\u00f1ados para parecerse a una calabaza, con un color naranja brillante y un asa en forma de tallo en la parte superior.<\/li>\n\n\n\n<li><strong>Material duradero: <\/strong>Estos cuencos para sopa de calabaza a granel est\u00e1n fabricados con arcilla cer\u00e1mica de alta calidad, son duraderos y resistentes al calor, y se pueden utilizar con total seguridad en microondas, hornos, lavavajillas y frigor\u00edficos.<\/li>\n\n\n\n<li><strong>Uso vers\u00e1til:<\/strong> Estos cuencos de cer\u00e1mica con tapa para sopa de calabaza, disponibles al por mayor, vienen en varios tama\u00f1os y son perfectos para servir sopa, hornear alimentos, guardar aperitivos y mucho m\u00e1s.<\/li>\n\n\n\n<li><strong>Personalizaci\u00f3n a medida:<\/strong> Estos cuencos de cer\u00e1mica para sopa al por mayor se pueden personalizar con logotipos, colores, tama\u00f1os, embalajes y dise\u00f1os. Como fabricantes, ofrecemos servicios OEM y ODM. \u00a1No dude en consultarnos!<\/li>\n<\/ul>\n<\/div>\n\n\n\n<div class=\"wp-block-column is-layout-flow wp-block-column-is-layout-flow\">\n<figure class=\"wp-block-image size-full\"><img fetchpriority=\"high\" decoding=\"async\" width=\"1500\" height=\"1500\" src=\"https:\/\/jinhuaceramic.com\/wp-content\/uploads\/2024\/06\/pumpkin-soup-pot-with-lid.webp\" alt=\"Mayorista - Taz\u00f3n de cer\u00e1mica para sopa de calabaza con tapa y asa\" class=\"wp-image-4909\" srcset=\"https:\/\/jinhuaceramic.com\/wp-content\/uploads\/2024\/06\/pumpkin-soup-pot-with-lid.webp 1500w, https:\/\/jinhuaceramic.com\/wp-content\/uploads\/2024\/06\/pumpkin-soup-pot-with-lid-300x300.webp 300w, https:\/\/jinhuaceramic.com\/wp-content\/uploads\/2024\/06\/pumpkin-soup-pot-with-lid-150x150.webp 150w, https:\/\/jinhuaceramic.com\/wp-content\/uploads\/2024\/06\/pumpkin-soup-pot-with-lid-768x768.webp 768w, https:\/\/jinhuaceramic.com\/wp-content\/uploads\/2024\/06\/pumpkin-soup-pot-with-lid-285x285.webp 285w, https:\/\/jinhuaceramic.com\/wp-content\/uploads\/2024\/06\/pumpkin-soup-pot-with-lid-270x270.webp 270w, https:\/\/jinhuaceramic.com\/wp-content\/uploads\/2024\/06\/pumpkin-soup-pot-with-lid-540x540.webp 540w, https:\/\/jinhuaceramic.com\/wp-content\/uploads\/2024\/06\/pumpkin-soup-pot-with-lid-660x660.webp 660w\" sizes=\"(max-width: 1500px) 100vw, 1500px\" \/><\/figure>\n<\/div>\n<\/div>","protected":false},"excerpt":{"rendered":"<p>Estos cuencos de cer\u00e1mica para sopa de calabaza al por mayor con c\u00f3modas asas son muy populares debido a su exclusivo dise\u00f1o en forma de calabaza, su material cer\u00e1mico de alta calidad y su variedad de tama\u00f1os, adecuados para diferentes usos. Adem\u00e1s, estos cuencos para sopa de calabaza con tapa se pueden utilizar en microondas, hornos, frigor\u00edficos y lavavajillas, lo que los hace muy pr\u00e1cticos para el uso diario.<\/p>","protected":false},"featured_media":4908,"comment_status":"closed","ping_status":"closed","template":"","meta":{"_acf_changed":false},"product_brand":[],"product_cat":[54,85],"product_tag":[78],"class_list":{"0":"post-4904","1":"product","2":"type-product","3":"status-publish","4":"has-post-thumbnail","6":"product_cat-tableware-wholesale","7":"product_cat-wholesale-ceramic-bowls","8":"product_tag-bulk-ceramic-bowls","10":"first","11":"instock","12":"shipping-taxable","13":"product-type-simple"},"acf":[],"_links":{"self":[{"href":"https:\/\/jinhuaceramic.com\/es\/wp-json\/wp\/v2\/product\/4904","targetHints":{"allow":["GET"]}}],"collection":[{"href":"https:\/\/jinhuaceramic.com\/es\/wp-json\/wp\/v2\/product"}],"about":[{"href":"https:\/\/jinhuaceramic.com\/es\/wp-json\/wp\/v2\/types\/product"}],"replies":[{"embeddable":true,"href":"https:\/\/jinhuaceramic.com\/es\/wp-json\/wp\/v2\/comments?post=4904"}],"version-history":[{"count":0,"href":"https:\/\/jinhuaceramic.com\/es\/wp-json\/wp\/v2\/product\/4904\/revisions"}],"wp:featuredmedia":[{"embeddable":true,"href":"https:\/\/jinhuaceramic.com\/es\/wp-json\/wp\/v2\/media\/4908"}],"wp:attachment":[{"href":"https:\/\/jinhuaceramic.com\/es\/wp-json\/wp\/v2\/media?parent=4904"}],"wp:term":[{"taxonomy":"product_brand","embeddable":true,"href":"https:\/\/jinhuaceramic.com\/es\/wp-json\/wp\/v2\/product_brand?post=4904"},{"taxonomy":"product_cat","embeddable":true,"href":"https:\/\/jinhuaceramic.com\/es\/wp-json\/wp\/v2\/product_cat?post=4904"},{"taxonomy":"product_tag","embeddable":true,"href":"https:\/\/jinhuaceramic.com\/es\/wp-json\/wp\/v2\/product_tag?post=4904"}],"curies":[{"name":"wp","href":"https:\/\/api.w.org\/{rel}","templated":true}]}}