{"id":4922,"date":"2024-06-17T01:06:46","date_gmt":"2024-06-17T01:06:46","guid":{"rendered":"https:\/\/jinhuaceramic.com\/?post_type=product&#038;p=4922"},"modified":"2024-11-08T02:13:23","modified_gmt":"2024-11-08T02:13:23","slug":"elegant-ceramic-candle-jars-bulk","status":"publish","type":"product","link":"https:\/\/jinhuaceramic.com\/es\/product\/elegant-ceramic-candle-jars-bulk\/","title":{"rendered":"Elegantes Tarros de Cer\u00e1mica para Velas al Por Mayor, Recipiente para Velas al Por Mayor con Dise\u00f1o de Tres Anillos"},"content":{"rendered":"<div class=\"wp-block-columns is-layout-flex wp-container-core-columns-is-layout-9d6595d7 wp-block-columns-is-layout-flex\">\n<div class=\"wp-block-column is-layout-flow wp-block-column-is-layout-flow\">\n<h3 class=\"wp-block-heading\">Tarros de cer\u00e1mica de primera calidad para velas a granel Caracter\u00edsticas:<\/h3>\n\n\n\n<ul class=\"wp-block-list\">\n<li><strong>Elegante dise\u00f1o de tres anillas, sentido art\u00edstico \u00fanico:<\/strong> Estos tarros de cer\u00e1mica para velas a granel adoptan un dise\u00f1o \u00fanico de tres anillos con l\u00edneas sencillas y suaves, mostrando elegancia y un sentido art\u00edstico moderno, adecuados para la decoraci\u00f3n del hogar de gama alta, el envasado de regalos y la decoraci\u00f3n personalizada de espacios, realzando el estilo general.<\/li>\n\n\n\n<li><strong>M\u00faltiples tama\u00f1os y colores, combinaci\u00f3n flexible: <\/strong>Ofrecemos recipientes para velas al por mayor de distintos tama\u00f1os y colores para satisfacer diferentes estilos de decoraci\u00f3n y necesidades de uso. Ya sea en tonos neutros cl\u00e1sicos o en modernos colores de moda, el contenedor puede combinar perfectamente con diversos espacios y escenas.<\/li>\n\n\n\n<li><strong>Duradero y respetuoso con el medio ambiente: <\/strong>Se utiliza cer\u00e1mica de alta calidad cocida a alta temperatura para garantizar que nuestros tarros de cer\u00e1mica para velas a granel sean s\u00f3lidos, fuertes y tengan una excelente resistencia al calor y a la humedad. Los materiales cer\u00e1micos son naturales, no t\u00f3xicos y respetuosos con el medio ambiente. Debido a su suavidad, se puede limpiar f\u00e1cilmente en la superficie. Sigue siendo hermoso despu\u00e9s de un largo per\u00edodo de tiempo.<\/li>\n\n\n\n<li><strong>Suministro a granel y servicios personalizados:<\/strong> Ofrecemos el suministro al por mayor de contenedores de velas para garantizar suministros estables a nuestros clientes con demanda a gran escala. Tambi\u00e9n ofrecemos servicios personalizados. Podemos ofrecer una selecci\u00f3n exclusiva de colores e impresi\u00f3n de logotipos seg\u00fan las necesidades del cliente para crear im\u00e1genes de marca \u00fanicas o requisitos de proyectos especiales.<\/li>\n<\/ul>\n<\/div>\n\n\n\n<div class=\"wp-block-column is-layout-flow wp-block-column-is-layout-flow\">\n<figure class=\"wp-block-image size-full\"><img fetchpriority=\"high\" decoding=\"async\" width=\"703\" height=\"703\" src=\"https:\/\/jinhuaceramic.com\/wp-content\/uploads\/2024\/06\/candle-container.webp\" alt=\"Elegantes Tarros de Cer\u00e1mica para Velas al por Mayor con Dise\u00f1o de Tr\u00edo de Anillos-1\" class=\"wp-image-4923\" srcset=\"https:\/\/jinhuaceramic.com\/wp-content\/uploads\/2024\/06\/candle-container.webp 703w, https:\/\/jinhuaceramic.com\/wp-content\/uploads\/2024\/06\/candle-container-300x300.webp 300w, https:\/\/jinhuaceramic.com\/wp-content\/uploads\/2024\/06\/candle-container-150x150.webp 150w, https:\/\/jinhuaceramic.com\/wp-content\/uploads\/2024\/06\/candle-container-285x285.webp 285w, https:\/\/jinhuaceramic.com\/wp-content\/uploads\/2024\/06\/candle-container-270x270.webp 270w, https:\/\/jinhuaceramic.com\/wp-content\/uploads\/2024\/06\/candle-container-540x540.webp 540w, https:\/\/jinhuaceramic.com\/wp-content\/uploads\/2024\/06\/candle-container-660x660.webp 660w\" sizes=\"(max-width: 703px) 100vw, 703px\" \/><\/figure>\n<\/div>\n<\/div>","protected":false},"excerpt":{"rendered":"<p>Bienvenido a comprar recipientes para velas al por mayor. Estos elegantes tarros de cer\u00e1mica para velas al por mayor presentan un dise\u00f1o \u00fanico de tres anillos, que combina a la perfecci\u00f3n arte y funcionalidad. Est\u00e1n disponibles en varios colores y tama\u00f1os, y se pueden comprar al por mayor o personalizar. Su material cer\u00e1mico de alta calidad garantiza su durabilidad y su respeto por el medio ambiente, lo que los convierte en una opci\u00f3n ideal para la decoraci\u00f3n del hogar y el uso comercial.<\/p>","protected":false},"featured_media":4927,"comment_status":"closed","ping_status":"closed","template":"","meta":{"_acf_changed":false},"product_brand":[],"product_cat":[52],"product_tag":[66],"class_list":{"0":"post-4922","1":"product","2":"type-product","3":"status-publish","4":"has-post-thumbnail","6":"product_cat-wholesale-candle-containers","7":"product_tag-candle-jars-wholesale","9":"first","10":"instock","11":"shipping-taxable","12":"product-type-simple"},"acf":[],"_links":{"self":[{"href":"https:\/\/jinhuaceramic.com\/es\/wp-json\/wp\/v2\/product\/4922","targetHints":{"allow":["GET"]}}],"collection":[{"href":"https:\/\/jinhuaceramic.com\/es\/wp-json\/wp\/v2\/product"}],"about":[{"href":"https:\/\/jinhuaceramic.com\/es\/wp-json\/wp\/v2\/types\/product"}],"replies":[{"embeddable":true,"href":"https:\/\/jinhuaceramic.com\/es\/wp-json\/wp\/v2\/comments?post=4922"}],"version-history":[{"count":0,"href":"https:\/\/jinhuaceramic.com\/es\/wp-json\/wp\/v2\/product\/4922\/revisions"}],"wp:featuredmedia":[{"embeddable":true,"href":"https:\/\/jinhuaceramic.com\/es\/wp-json\/wp\/v2\/media\/4927"}],"wp:attachment":[{"href":"https:\/\/jinhuaceramic.com\/es\/wp-json\/wp\/v2\/media?parent=4922"}],"wp:term":[{"taxonomy":"product_brand","embeddable":true,"href":"https:\/\/jinhuaceramic.com\/es\/wp-json\/wp\/v2\/product_brand?post=4922"},{"taxonomy":"product_cat","embeddable":true,"href":"https:\/\/jinhuaceramic.com\/es\/wp-json\/wp\/v2\/product_cat?post=4922"},{"taxonomy":"product_tag","embeddable":true,"href":"https:\/\/jinhuaceramic.com\/es\/wp-json\/wp\/v2\/product_tag?post=4922"}],"curies":[{"name":"wp","href":"https:\/\/api.w.org\/{rel}","templated":true}]}}