{"id":4958,"date":"2024-06-22T07:44:54","date_gmt":"2024-06-22T07:44:54","guid":{"rendered":"https:\/\/jinhuaceramic.com\/?post_type=product&#038;p=4958"},"modified":"2025-03-11T08:18:04","modified_gmt":"2025-03-11T08:18:04","slug":"white-ceramic-baking-dish-set-in-bulk","status":"publish","type":"product","link":"https:\/\/jinhuaceramic.com\/es\/product\/white-ceramic-baking-dish-set-in-bulk\/","title":{"rendered":"Juego De Platos De Cer\u00e1mica Para Hornear Al Por Mayor, Juego De Platos De Cer\u00e1mica Para Hornear Al Por Mayor"},"content":{"rendered":"<div class=\"wp-block-columns is-layout-flex wp-container-core-columns-is-layout-9d6595d7 wp-block-columns-is-layout-flex\">\n<div class=\"wp-block-column is-layout-flow wp-block-column-is-layout-flow\">\n<h3 class=\"wp-block-heading\">Juego de fuentes para hornear premium a granel Caracter\u00edsticas:<\/h3>\n\n\n\n<ul class=\"wp-block-list\">\n<li><strong>Multifuncional para diferentes tipos de platos: <\/strong>Este juego de fuentes para hornear blancas a granel no solo se utiliza para alimentos horneados tradicionales, como postres y pan, sino que tambi\u00e9n es muy adecuado para preparar una gran variedad de platos, como risottos y lasa\u00f1as. Satisfacen una amplia gama de necesidades culinarias. Ya sea para la cocina casera diaria o para banquetes de fiesta, funcionan de manera excelente.<\/li>\n\n\n\n<li><strong>Aspecto cl\u00e1sico en blanco:<\/strong> Nuestras bandejas de cer\u00e1mica para hornear al por mayor est\u00e1n dise\u00f1adas con un color blanco sencillo y generoso, elegante y adecuado para diversos estilos de mesa. Ya sea para cenar en casa o para servir platos en un restaurante, esta bandeja para hornear a\u00f1adir\u00e1 elegancia a la mesa, haciendo que los platos sean irresistibles.<\/li>\n\n\n\n<li><strong>Resistente a altas temperaturas, transferencia de calor uniforme: <\/strong>Este juego de fuentes para horno a granel est\u00e1 fabricado con material cer\u00e1mico de alta calidad con una excelente resistencia a las altas temperaturas. Por lo tanto, se puede utilizar en diversos aparatos que alcanzan altas temperaturas, ya sean hornos o microondas. Adem\u00e1s, garantiza que los platos se calienten de manera uniforme durante la cocci\u00f3n y ayuda a los usuarios a preparar platos perfectos.<\/li>\n\n\n\n<li><strong>Apto para lavavajillas: <\/strong>La superficie de nuestras bandejas de cer\u00e1mica para hornear al por mayor es lisa y no se adhieren f\u00e1cilmente los residuos de alimentos; se limpian f\u00e1cilmente y r\u00e1pidamente. Se pueden meter sin problema en el lavavajillas para limpiarlas, lo que reduce la presi\u00f3n de limpieza que conlleva cocinar y proporciona m\u00e1s comodidad para el uso diario.<\/li>\n<\/ul>\n<\/div>\n\n\n\n<div class=\"wp-block-column is-layout-flow wp-block-column-is-layout-flow\">\n<figure class=\"wp-block-image size-full\"><img fetchpriority=\"high\" decoding=\"async\" width=\"1500\" height=\"1500\" src=\"https:\/\/jinhuaceramic.com\/wp-content\/uploads\/2024\/06\/baking-dishes.webp\" alt=\"Plato de cer\u00e1mica blanca para hornear a granel con asas\" class=\"wp-image-4964\" srcset=\"https:\/\/jinhuaceramic.com\/wp-content\/uploads\/2024\/06\/baking-dishes.webp 1500w, https:\/\/jinhuaceramic.com\/wp-content\/uploads\/2024\/06\/baking-dishes-300x300.webp 300w, https:\/\/jinhuaceramic.com\/wp-content\/uploads\/2024\/06\/baking-dishes-150x150.webp 150w, https:\/\/jinhuaceramic.com\/wp-content\/uploads\/2024\/06\/baking-dishes-768x768.webp 768w, https:\/\/jinhuaceramic.com\/wp-content\/uploads\/2024\/06\/baking-dishes-285x285.webp 285w, https:\/\/jinhuaceramic.com\/wp-content\/uploads\/2024\/06\/baking-dishes-270x270.webp 270w, https:\/\/jinhuaceramic.com\/wp-content\/uploads\/2024\/06\/baking-dishes-540x540.webp 540w, https:\/\/jinhuaceramic.com\/wp-content\/uploads\/2024\/06\/baking-dishes-660x660.webp 660w\" sizes=\"(max-width: 1500px) 100vw, 1500px\" \/><\/figure>\n<\/div>\n<\/div>","protected":false},"excerpt":{"rendered":"<p>Bienvenido a comprar moldes de cer\u00e1mica al por mayor. Este juego de bandejas blancas para hornear al por mayor se adaptar\u00e1 a varias necesidades, ya que no se limitan a hornear, sino que podr\u00e1 preparar diferentes platos, por ejemplo, risottos y lasa\u00f1as. Su material cer\u00e1mico de alta calidad garantizar\u00e1 un calentamiento uniforme. Adem\u00e1s, es resistente a las altas temperaturas, se puede lavar en el lavavajillas y es f\u00e1cil de mantener, lo que lo convierte en el requisito indispensable en la cocina.<\/p>","protected":false},"featured_media":4961,"comment_status":"closed","ping_status":"closed","template":"","meta":{"_acf_changed":false},"product_brand":[],"product_cat":[53],"product_tag":[71],"class_list":{"0":"post-4958","1":"product","2":"type-product","3":"status-publish","4":"has-post-thumbnail","6":"product_cat-bakeware-in-bulk","7":"product_tag-wholesale-baking-pans","9":"first","10":"instock","11":"shipping-taxable","12":"product-type-simple"},"acf":[],"_links":{"self":[{"href":"https:\/\/jinhuaceramic.com\/es\/wp-json\/wp\/v2\/product\/4958","targetHints":{"allow":["GET"]}}],"collection":[{"href":"https:\/\/jinhuaceramic.com\/es\/wp-json\/wp\/v2\/product"}],"about":[{"href":"https:\/\/jinhuaceramic.com\/es\/wp-json\/wp\/v2\/types\/product"}],"replies":[{"embeddable":true,"href":"https:\/\/jinhuaceramic.com\/es\/wp-json\/wp\/v2\/comments?post=4958"}],"version-history":[{"count":0,"href":"https:\/\/jinhuaceramic.com\/es\/wp-json\/wp\/v2\/product\/4958\/revisions"}],"wp:featuredmedia":[{"embeddable":true,"href":"https:\/\/jinhuaceramic.com\/es\/wp-json\/wp\/v2\/media\/4961"}],"wp:attachment":[{"href":"https:\/\/jinhuaceramic.com\/es\/wp-json\/wp\/v2\/media?parent=4958"}],"wp:term":[{"taxonomy":"product_brand","embeddable":true,"href":"https:\/\/jinhuaceramic.com\/es\/wp-json\/wp\/v2\/product_brand?post=4958"},{"taxonomy":"product_cat","embeddable":true,"href":"https:\/\/jinhuaceramic.com\/es\/wp-json\/wp\/v2\/product_cat?post=4958"},{"taxonomy":"product_tag","embeddable":true,"href":"https:\/\/jinhuaceramic.com\/es\/wp-json\/wp\/v2\/product_tag?post=4958"}],"curies":[{"name":"wp","href":"https:\/\/api.w.org\/{rel}","templated":true}]}}