{"id":4989,"date":"2024-06-26T09:29:58","date_gmt":"2024-06-26T09:29:58","guid":{"rendered":"https:\/\/jinhuaceramic.com\/?post_type=product&#038;p=4989"},"modified":"2025-03-11T08:26:40","modified_gmt":"2025-03-11T08:26:40","slug":"non-stick-wholesale-ceramic-bakeware","status":"publish","type":"product","link":"https:\/\/jinhuaceramic.com\/es\/product\/non-stick-wholesale-ceramic-bakeware\/","title":{"rendered":"Mayorista Bater\u00eda de Cer\u00e1mica, Sartenes Antiadherentes con Dise\u00f1o Ondulado"},"content":{"rendered":"<div class=\"wp-block-columns is-layout-flex wp-container-core-columns-is-layout-9d6595d7 wp-block-columns-is-layout-flex\">\n<div class=\"wp-block-column is-layout-flow wp-block-column-is-layout-flow\">\n<h3 class=\"wp-block-heading\">Bakeware de cer\u00e1mica al por mayor Premium Caracter\u00edsticas:<\/h3>\n\n\n\n<ul class=\"wp-block-list\">\n<li><strong>Dise\u00f1o de borde ondulado:<\/strong> Este utensilio de cer\u00e1mica para hornear al por mayor presenta un dise\u00f1o de bordes ondulados que a\u00f1ade belleza al molde y hace que su trabajo sea apetitoso y tenga un efecto visual adecuado para su exposici\u00f3n en casa o incluso en restaurantes.<\/li>\n\n\n\n<li><strong>Superficie cer\u00e1mica antiest\u00e1tica: <\/strong>Nuestros moldes a medida utilizan material cer\u00e1mico de alta calidad, que puede conseguir un efecto antiadherente, reduciendo los problemas de limpieza despu\u00e9s de hornear y facilitando el horneado. Tanto para hornear postres como platos, se pueden desmoldar f\u00e1cilmente.<\/li>\n\n\n\n<li><strong>Excelente efecto de horneado: <\/strong>Gracias a su buena conductividad t\u00e9rmica, nuestros utensilios de cer\u00e1mica para hornear al por mayor distribuyen el calor uniformemente, garantizan un calentamiento uniforme de los productos horneados y los hornean con el mejor efecto, crujientes por fuera y tiernos por dentro. Pueden satisfacer una gran variedad de necesidades de horneado, desde pan hasta postres.<\/li>\n\n\n\n<li><strong>Adecuado para uso frecuente:<\/strong> Estos moldes a medida no s\u00f3lo son resistentes a altas temperaturas, aptos para hornos y microondas, sino tambi\u00e9n duraderos para un uso prolongado y frecuente. La superficie esmaltada es lisa, f\u00e1cil de limpiar a mano o en el lavavajillas, y de f\u00e1cil mantenimiento.<\/li>\n<\/ul>\n<\/div>\n\n\n\n<div class=\"wp-block-column is-layout-flow wp-block-column-is-layout-flow\">\n<figure class=\"wp-block-image size-full\"><img fetchpriority=\"high\" decoding=\"async\" width=\"1100\" height=\"1500\" src=\"https:\/\/jinhuaceramic.com\/wp-content\/uploads\/2024\/06\/bakeware.webp\" alt=\"antiadherente-mayorista-cer\u00e1mica-bater\u00eda\" class=\"wp-image-4991\" srcset=\"https:\/\/jinhuaceramic.com\/wp-content\/uploads\/2024\/06\/bakeware.webp 1100w, https:\/\/jinhuaceramic.com\/wp-content\/uploads\/2024\/06\/bakeware-220x300.webp 220w, https:\/\/jinhuaceramic.com\/wp-content\/uploads\/2024\/06\/bakeware-768x1047.webp 768w, https:\/\/jinhuaceramic.com\/wp-content\/uploads\/2024\/06\/bakeware-285x389.webp 285w, https:\/\/jinhuaceramic.com\/wp-content\/uploads\/2024\/06\/bakeware-484x660.webp 484w, https:\/\/jinhuaceramic.com\/wp-content\/uploads\/2024\/06\/bakeware-110x150.webp 110w\" sizes=\"(max-width: 1100px) 100vw, 1100px\" \/><\/figure>\n<\/div>\n<\/div>","protected":false},"excerpt":{"rendered":"<p>Bienvenido a moldes para hornear a medida y comprar moldes para tartas. Esta cer\u00e1mica al por mayor bakeware con un borde ondulado es antiadherente, lo que significa que la comida ser\u00e1 sin duda f\u00e1cilmente desmoldable para trabajar para varias necesidades de hornear. Hecho de material cer\u00e1mico, estos funcionan bien en la distribuci\u00f3n uniforme del calor, proporcionando resultados perfectos para hornear, son f\u00e1ciles de limpiar, y tambi\u00e9n durable y de larga duraci\u00f3n.<\/p>","protected":false},"featured_media":4994,"comment_status":"closed","ping_status":"closed","template":"","meta":{"_acf_changed":false},"product_brand":[],"product_cat":[53],"product_tag":[70],"class_list":{"0":"post-4989","1":"product","2":"type-product","3":"status-publish","4":"has-post-thumbnail","6":"product_cat-bakeware-in-bulk","7":"product_tag-custom-pie-pans","9":"first","10":"instock","11":"shipping-taxable","12":"product-type-simple"},"acf":[],"_links":{"self":[{"href":"https:\/\/jinhuaceramic.com\/es\/wp-json\/wp\/v2\/product\/4989","targetHints":{"allow":["GET"]}}],"collection":[{"href":"https:\/\/jinhuaceramic.com\/es\/wp-json\/wp\/v2\/product"}],"about":[{"href":"https:\/\/jinhuaceramic.com\/es\/wp-json\/wp\/v2\/types\/product"}],"replies":[{"embeddable":true,"href":"https:\/\/jinhuaceramic.com\/es\/wp-json\/wp\/v2\/comments?post=4989"}],"version-history":[{"count":0,"href":"https:\/\/jinhuaceramic.com\/es\/wp-json\/wp\/v2\/product\/4989\/revisions"}],"wp:featuredmedia":[{"embeddable":true,"href":"https:\/\/jinhuaceramic.com\/es\/wp-json\/wp\/v2\/media\/4994"}],"wp:attachment":[{"href":"https:\/\/jinhuaceramic.com\/es\/wp-json\/wp\/v2\/media?parent=4989"}],"wp:term":[{"taxonomy":"product_brand","embeddable":true,"href":"https:\/\/jinhuaceramic.com\/es\/wp-json\/wp\/v2\/product_brand?post=4989"},{"taxonomy":"product_cat","embeddable":true,"href":"https:\/\/jinhuaceramic.com\/es\/wp-json\/wp\/v2\/product_cat?post=4989"},{"taxonomy":"product_tag","embeddable":true,"href":"https:\/\/jinhuaceramic.com\/es\/wp-json\/wp\/v2\/product_tag?post=4989"}],"curies":[{"name":"wp","href":"https:\/\/api.w.org\/{rel}","templated":true}]}}