{"id":5002,"date":"2024-06-27T10:13:32","date_gmt":"2024-06-27T10:13:32","guid":{"rendered":"https:\/\/jinhuaceramic.com\/?post_type=product&#038;p=5002"},"modified":"2026-02-05T03:54:18","modified_gmt":"2026-02-05T03:54:18","slug":"ceramic-bathroom-set-wholesale","status":"publish","type":"product","link":"https:\/\/jinhuaceramic.com\/es\/product\/ceramic-bathroom-set-wholesale\/","title":{"rendered":"Conjunto De Ba\u00f1o De Cer\u00e1mica Al Por Mayor Con Textura De M\u00e1rmol Dorado"},"content":{"rendered":"<div class=\"wp-block-columns is-layout-flex wp-container-core-columns-is-layout-9d6595d7 wp-block-columns-is-layout-flex\">\n<div class=\"wp-block-column is-layout-flow wp-block-column-is-layout-flow\">\n<h3 class=\"wp-block-heading\">Set de Ba\u00f1o de Cer\u00e1mica Premium al por mayor Caracter\u00edsticas:<\/h3>\n\n\n\n<ul class=\"wp-block-list\">\n<li><strong>Dise\u00f1o atmosf\u00e9rico y de alto nivel: <\/strong>Este juego de ba\u00f1o de cer\u00e1mica al por mayor tiene un dise\u00f1o de textura de m\u00e1rmol dorado superior, que a\u00f1ade al espacio de ba\u00f1o un temperamento noble \u00fanico y un ambiente elegante, adecuado para hoteles de alta gama y residencias boutique.<\/li>\n\n\n\n<li><strong>Cer\u00e1mica de alta calidad: <\/strong>Nuestros accesorios de ba\u00f1o a granel est\u00e1n fabricados con cer\u00e1mica de alta calidad que presume de resistencia, durabilidad, una superficie lisa y no sucumbe f\u00e1cilmente a las manchas de agua. Esto significa que ser\u00e1n f\u00e1ciles de limpiar y mantendr\u00e1n su aspecto brillante durante mucho tiempo, lo que garantiza a los consumidores una experiencia de uso duradera.<\/li>\n\n\n\n<li><strong>Impermeable y duradero, adecuado para el entorno del ba\u00f1o: <\/strong>Este juego de ba\u00f1o de cer\u00e1mica al por mayor tiene buena capacidad impermeable, no se humedece f\u00e1cilmente, y no es propenso a la descomposici\u00f3n, por lo que encajar\u00eda bien en un cuarto de ba\u00f1o, que normalmente es h\u00famedo.<\/li>\n\n\n\n<li><strong>Rica combinaci\u00f3n de accesorios: <\/strong>Este conjunto de accesorios de ba\u00f1o a granel viene con una variedad de accesorios de ba\u00f1o, incluyendo tazas de cepillo de dientes, jaboneras, dispensadores de jab\u00f3n l\u00edquido, etc, que pueden satisfacer perfectamente todo tipo de necesidades cotidianas en uno y ofrecer la soluci\u00f3n general m\u00e1s pr\u00e1ctica para el bathroo<\/li>\n\n\n\n<li><strong>OEM &amp; ODM Customization:<\/strong> Support logo printing, pattern customization, color glazing, packaging design, and private label branding for retailers, hotels, and importers.<\/li>\n<\/ul>\n<\/div>\n\n\n\n<div class=\"wp-block-column is-layout-flow wp-block-column-is-layout-flow\">\n<figure class=\"wp-block-image size-full\"><img fetchpriority=\"high\" decoding=\"async\" width=\"700\" height=\"700\" src=\"https:\/\/jinhuaceramic.com\/wp-content\/uploads\/2024\/06\/soap-bottle.webp\" alt=\"Set de ba\u00f1o de cer\u00e1mica de lujo en negro y dorado al por mayor\" class=\"wp-image-5005\" srcset=\"https:\/\/jinhuaceramic.com\/wp-content\/uploads\/2024\/06\/soap-bottle.webp 700w, https:\/\/jinhuaceramic.com\/wp-content\/uploads\/2024\/06\/soap-bottle-300x300.webp 300w, https:\/\/jinhuaceramic.com\/wp-content\/uploads\/2024\/06\/soap-bottle-150x150.webp 150w, https:\/\/jinhuaceramic.com\/wp-content\/uploads\/2024\/06\/soap-bottle-285x285.webp 285w, https:\/\/jinhuaceramic.com\/wp-content\/uploads\/2024\/06\/soap-bottle-270x270.webp 270w, https:\/\/jinhuaceramic.com\/wp-content\/uploads\/2024\/06\/soap-bottle-540x540.webp 540w, https:\/\/jinhuaceramic.com\/wp-content\/uploads\/2024\/06\/soap-bottle-660x660.webp 660w\" sizes=\"(max-width: 700px) 100vw, 700px\" \/><\/figure>\n<\/div>\n<\/div>","protected":false},"excerpt":{"rendered":"<p>Bienvenido a la compra al por mayor de accesorios de ba\u00f1o. Este juego de ba\u00f1o de cer\u00e1mica de lujo al por mayor est\u00e1 fabricado con cer\u00e1mica de alta calidad en un dise\u00f1o de textura de m\u00e1rmol dorado, que destila opulencia y clase. Resistente al agua y fuerte, es adecuado para cuartos de ba\u00f1o. La rica combinaci\u00f3n de accesorios podr\u00e1 satisfacer todo tipo de necesidades diarias y embellecer a\u00fan m\u00e1s el espacio de su ba\u00f1o.<\/p>","protected":false},"featured_media":5003,"comment_status":"closed","ping_status":"closed","template":"","meta":{"_acf_changed":false},"product_brand":[],"product_cat":[51],"product_tag":[74],"class_list":{"0":"post-5002","1":"product","2":"type-product","3":"status-publish","4":"has-post-thumbnail","6":"product_cat-bathroom-accessories-wholesale","7":"product_tag-ceramic-bath-accessories-wholesale","9":"first","10":"instock","11":"shipping-taxable","12":"product-type-simple"},"acf":[],"_links":{"self":[{"href":"https:\/\/jinhuaceramic.com\/es\/wp-json\/wp\/v2\/product\/5002","targetHints":{"allow":["GET"]}}],"collection":[{"href":"https:\/\/jinhuaceramic.com\/es\/wp-json\/wp\/v2\/product"}],"about":[{"href":"https:\/\/jinhuaceramic.com\/es\/wp-json\/wp\/v2\/types\/product"}],"replies":[{"embeddable":true,"href":"https:\/\/jinhuaceramic.com\/es\/wp-json\/wp\/v2\/comments?post=5002"}],"version-history":[{"count":0,"href":"https:\/\/jinhuaceramic.com\/es\/wp-json\/wp\/v2\/product\/5002\/revisions"}],"wp:featuredmedia":[{"embeddable":true,"href":"https:\/\/jinhuaceramic.com\/es\/wp-json\/wp\/v2\/media\/5003"}],"wp:attachment":[{"href":"https:\/\/jinhuaceramic.com\/es\/wp-json\/wp\/v2\/media?parent=5002"}],"wp:term":[{"taxonomy":"product_brand","embeddable":true,"href":"https:\/\/jinhuaceramic.com\/es\/wp-json\/wp\/v2\/product_brand?post=5002"},{"taxonomy":"product_cat","embeddable":true,"href":"https:\/\/jinhuaceramic.com\/es\/wp-json\/wp\/v2\/product_cat?post=5002"},{"taxonomy":"product_tag","embeddable":true,"href":"https:\/\/jinhuaceramic.com\/es\/wp-json\/wp\/v2\/product_tag?post=5002"}],"curies":[{"name":"wp","href":"https:\/\/api.w.org\/{rel}","templated":true}]}}