{"id":5033,"date":"2024-07-02T09:31:20","date_gmt":"2024-07-02T09:31:20","guid":{"rendered":"https:\/\/jinhuaceramic.com\/?post_type=product&#038;p=5033"},"modified":"2024-09-21T03:38:10","modified_gmt":"2024-09-21T03:38:10","slug":"empty-candle-jars-wholesale","status":"publish","type":"product","link":"https:\/\/jinhuaceramic.com\/es\/product\/empty-candle-jars-wholesale\/","title":{"rendered":"Mayorista de Tarros Vac\u00edos de Cer\u00e1mica con Pedestales"},"content":{"rendered":"<div class=\"wp-block-columns is-layout-flex wp-container-core-columns-is-layout-9d6595d7 wp-block-columns-is-layout-flex\">\n<div class=\"wp-block-column is-layout-flow wp-block-column-is-layout-flow\">\n<h3 class=\"wp-block-heading\">Premium Tarros Vac\u00edos para Velas al por mayor Caracter\u00edsticas:<\/h3>\n\n\n\n<ul class=\"wp-block-list\">\n<li><strong>Dise\u00f1o \u00fanico: <\/strong>Estos tarros de vela vac\u00edos de color beige y crema al por mayor presentan un moderno dise\u00f1o minimalista con base de pedestal, lo que los convierte en estupendos adornos para el hogar.<\/li>\n\n\n\n<li><strong>Material duradero: <\/strong>Estos tarros vac\u00edos para velas al por mayor est\u00e1n fabricados con arcilla cer\u00e1mica de primera calidad, resistente al calor, inastillable, a prueba de explosiones, sin plomo y no t\u00f3xica.<\/li>\n\n\n\n<li><strong>Reutilizable: <\/strong>Estos tarros de cer\u00e1mica para velas de superficie lisa son f\u00e1ciles de limpiar. Cuando se agota la cera de relleno, el tarro de cer\u00e1mica puede reutilizarse como florero, tarro de almacenaje, portacepillos, etc.<\/li>\n\n\n\n<li><strong>Personalizaci\u00f3n a medida:<\/strong> Estos tarros vac\u00edos de cer\u00e1mica para velas pueden personalizarse. Ofrecemos servicios de OEM y ODM. Puede personalizar el color, el tama\u00f1o, el logotipo, el patr\u00f3n o el envase del tarro de vela de su propia marca.<\/li>\n<\/ul>\n<\/div>\n\n\n\n<div class=\"wp-block-column is-layout-flow wp-block-column-is-layout-flow\">\n<figure class=\"wp-block-image size-full\"><img fetchpriority=\"high\" decoding=\"async\" width=\"750\" height=\"750\" src=\"https:\/\/jinhuaceramic.com\/wp-content\/uploads\/2024\/07\/candle-container.jpg\" alt=\"Tarros de cer\u00e1mica vac\u00edos al por mayor con pedestal\" class=\"wp-image-5034\" srcset=\"https:\/\/jinhuaceramic.com\/wp-content\/uploads\/2024\/07\/candle-container.jpg 750w, https:\/\/jinhuaceramic.com\/wp-content\/uploads\/2024\/07\/candle-container-300x300.jpg 300w, https:\/\/jinhuaceramic.com\/wp-content\/uploads\/2024\/07\/candle-container-150x150.jpg 150w, https:\/\/jinhuaceramic.com\/wp-content\/uploads\/2024\/07\/candle-container-285x285.jpg 285w, https:\/\/jinhuaceramic.com\/wp-content\/uploads\/2024\/07\/candle-container-270x270.jpg 270w, https:\/\/jinhuaceramic.com\/wp-content\/uploads\/2024\/07\/candle-container-540x540.jpg 540w, https:\/\/jinhuaceramic.com\/wp-content\/uploads\/2024\/07\/candle-container-660x660.jpg 660w\" sizes=\"(max-width: 750px) 100vw, 750px\" \/><\/figure>\n<\/div>\n<\/div>","protected":false},"excerpt":{"rendered":"<p>Estos tarros vac\u00edos de cer\u00e1mica al por mayor con pedestal son los m\u00e1s vendidos por su dise\u00f1o exclusivo y su material cer\u00e1mico duradero de alta calidad. Con una superficie lisa y una estructura de cer\u00e1mica resistente, estos tarros para velas con pedestal son f\u00e1ciles de limpiar y reutilizables. Adem\u00e1s, como fabricante, ofrecemos un servicio personalizado para este tarro de vela.<\/p>","protected":false},"featured_media":5036,"comment_status":"closed","ping_status":"closed","template":"","meta":{"_acf_changed":false},"product_brand":[],"product_cat":[52],"product_tag":[66],"class_list":{"0":"post-5033","1":"product","2":"type-product","3":"status-publish","4":"has-post-thumbnail","6":"product_cat-wholesale-candle-containers","7":"product_tag-candle-jars-wholesale","9":"first","10":"instock","11":"shipping-taxable","12":"product-type-simple"},"acf":[],"_links":{"self":[{"href":"https:\/\/jinhuaceramic.com\/es\/wp-json\/wp\/v2\/product\/5033","targetHints":{"allow":["GET"]}}],"collection":[{"href":"https:\/\/jinhuaceramic.com\/es\/wp-json\/wp\/v2\/product"}],"about":[{"href":"https:\/\/jinhuaceramic.com\/es\/wp-json\/wp\/v2\/types\/product"}],"replies":[{"embeddable":true,"href":"https:\/\/jinhuaceramic.com\/es\/wp-json\/wp\/v2\/comments?post=5033"}],"version-history":[{"count":0,"href":"https:\/\/jinhuaceramic.com\/es\/wp-json\/wp\/v2\/product\/5033\/revisions"}],"wp:featuredmedia":[{"embeddable":true,"href":"https:\/\/jinhuaceramic.com\/es\/wp-json\/wp\/v2\/media\/5036"}],"wp:attachment":[{"href":"https:\/\/jinhuaceramic.com\/es\/wp-json\/wp\/v2\/media?parent=5033"}],"wp:term":[{"taxonomy":"product_brand","embeddable":true,"href":"https:\/\/jinhuaceramic.com\/es\/wp-json\/wp\/v2\/product_brand?post=5033"},{"taxonomy":"product_cat","embeddable":true,"href":"https:\/\/jinhuaceramic.com\/es\/wp-json\/wp\/v2\/product_cat?post=5033"},{"taxonomy":"product_tag","embeddable":true,"href":"https:\/\/jinhuaceramic.com\/es\/wp-json\/wp\/v2\/product_tag?post=5033"}],"curies":[{"name":"wp","href":"https:\/\/api.w.org\/{rel}","templated":true}]}}