{"id":5049,"date":"2024-07-02T09:42:51","date_gmt":"2024-07-02T09:42:51","guid":{"rendered":"https:\/\/jinhuaceramic.com\/?post_type=product&#038;p=5049"},"modified":"2025-03-10T09:10:06","modified_gmt":"2025-03-10T09:10:06","slug":"custom-casserole-dish-in-bulk","status":"publish","type":"product","link":"https:\/\/jinhuaceramic.com\/es\/product\/custom-casserole-dish-in-bulk\/","title":{"rendered":"Cacerolas Personalizadas, Cacerolas al por mayor con Tapa y Elegante Dise\u00f1o"},"content":{"rendered":"<div class=\"wp-block-columns is-layout-flex wp-container-core-columns-is-layout-9d6595d7 wp-block-columns-is-layout-flex\">\n<div class=\"wp-block-column is-layout-flow wp-block-column-is-layout-flow\">\n<h3 class=\"wp-block-heading\">Premium Custom Cacerola Platos Caracter\u00edsticas:<\/h3>\n\n\n\n<ul class=\"wp-block-list\">\n<li><strong>Exquisito dise\u00f1o floral en relieve azul: <\/strong>Estas cacerolas personalizadas tienen una base de color azul y elegantes flores en relieve, que aportar\u00e1n un lujoso ambiente art\u00edstico a la cocina y a la mesa del comedor. Esta cacerola al por mayor puede a\u00f1adir belleza visual \u00fanica para cenar.<\/li>\n\n\n\n<li><strong>Tapa de cer\u00e1mica a juego: <\/strong>Nuestra cacerola al por mayor est\u00e1 equipada con una tapa de cer\u00e1mica a juego, que encaja bien con el cuerpo de la olla y puede mantener bien la temperatura y la humedad de los alimentos para mantenerlos frescos y calientes durante mucho tiempo despu\u00e9s de cocinarlos, mostrando el mejor sabor.<\/li>\n\n\n\n<li><strong>Adecuado para una gran variedad de equipos de cocina: <\/strong>Estas cacerolas a medida son aptas para microondas, hornos y frigor\u00edficos, y pueden hacer frente f\u00e1cilmente a sus necesidades, desde cocinar hasta almacenar. Mejoran enormemente la eficacia y la comodidad de las operaciones en la cocina, por lo que son una opci\u00f3n ideal para cocinar en casa.<\/li>\n\n\n\n<li><strong>Satisfacer necesidades diversificadas: <\/strong>Con el fin de satisfacer las distintas necesidades de los diferentes clientes, nuestra cacerola al por mayor puede ofrecer servicios personalizados, que pueden permitir a los consumidores elegir diferentes tama\u00f1os y patrones o detalles de dise\u00f1o. Esta opci\u00f3n de personalizaci\u00f3n flexible hace que no s\u00f3lo sea adecuado para el uso dom\u00e9stico, sino tambi\u00e9n muy adecuado para la industria de la restauraci\u00f3n y la promoci\u00f3n de la marca.<\/li>\n<\/ul>\n<\/div>\n\n\n\n<div class=\"wp-block-column is-layout-flow wp-block-column-is-layout-flow\">\n<figure class=\"wp-block-image size-full\"><img fetchpriority=\"high\" decoding=\"async\" width=\"1500\" height=\"1439\" src=\"https:\/\/jinhuaceramic.com\/wp-content\/uploads\/2024\/07\/casserole-dishes.webp\" alt=\"cacerola a granel con tapa y bandeja elegante\" class=\"wp-image-5054\" srcset=\"https:\/\/jinhuaceramic.com\/wp-content\/uploads\/2024\/07\/casserole-dishes.webp 1500w, https:\/\/jinhuaceramic.com\/wp-content\/uploads\/2024\/07\/casserole-dishes-300x288.webp 300w, https:\/\/jinhuaceramic.com\/wp-content\/uploads\/2024\/07\/casserole-dishes-768x737.webp 768w, https:\/\/jinhuaceramic.com\/wp-content\/uploads\/2024\/07\/casserole-dishes-285x273.webp 285w, https:\/\/jinhuaceramic.com\/wp-content\/uploads\/2024\/07\/casserole-dishes-660x633.webp 660w, https:\/\/jinhuaceramic.com\/wp-content\/uploads\/2024\/07\/casserole-dishes-150x144.webp 150w\" sizes=\"(max-width: 1500px) 100vw, 1500px\" \/><\/figure>\n<\/div>\n<\/div>","protected":false},"excerpt":{"rendered":"<p>Bienvenido a comprar cacerolas al por mayor. Nuestros platos de cacerola azules personalizados cuentan con un hermoso patr\u00f3n en relieve y una tapa de ajuste, manteniendo los alimentos frescos y calientes. Se puede utilizar en microondas, hornos, refrigeradores para servir a un mont\u00f3n de necesidades de cocina con flexibilidad. Por lo tanto, ser\u00e1 un utensilio de cocina perfecto con uso pr\u00e1ctico y belleza.<\/p>","protected":false},"featured_media":5053,"comment_status":"closed","ping_status":"closed","template":"","meta":{"_acf_changed":false},"product_brand":[],"product_cat":[53],"product_tag":[69],"class_list":{"0":"post-5049","1":"product","2":"type-product","3":"status-publish","4":"has-post-thumbnail","6":"product_cat-bakeware-in-bulk","7":"product_tag-bulk-ramekins","9":"first","10":"instock","11":"shipping-taxable","12":"product-type-simple"},"acf":[],"_links":{"self":[{"href":"https:\/\/jinhuaceramic.com\/es\/wp-json\/wp\/v2\/product\/5049","targetHints":{"allow":["GET"]}}],"collection":[{"href":"https:\/\/jinhuaceramic.com\/es\/wp-json\/wp\/v2\/product"}],"about":[{"href":"https:\/\/jinhuaceramic.com\/es\/wp-json\/wp\/v2\/types\/product"}],"replies":[{"embeddable":true,"href":"https:\/\/jinhuaceramic.com\/es\/wp-json\/wp\/v2\/comments?post=5049"}],"version-history":[{"count":0,"href":"https:\/\/jinhuaceramic.com\/es\/wp-json\/wp\/v2\/product\/5049\/revisions"}],"wp:featuredmedia":[{"embeddable":true,"href":"https:\/\/jinhuaceramic.com\/es\/wp-json\/wp\/v2\/media\/5053"}],"wp:attachment":[{"href":"https:\/\/jinhuaceramic.com\/es\/wp-json\/wp\/v2\/media?parent=5049"}],"wp:term":[{"taxonomy":"product_brand","embeddable":true,"href":"https:\/\/jinhuaceramic.com\/es\/wp-json\/wp\/v2\/product_brand?post=5049"},{"taxonomy":"product_cat","embeddable":true,"href":"https:\/\/jinhuaceramic.com\/es\/wp-json\/wp\/v2\/product_cat?post=5049"},{"taxonomy":"product_tag","embeddable":true,"href":"https:\/\/jinhuaceramic.com\/es\/wp-json\/wp\/v2\/product_tag?post=5049"}],"curies":[{"name":"wp","href":"https:\/\/api.w.org\/{rel}","templated":true}]}}