{"id":5059,"date":"2024-07-02T09:57:05","date_gmt":"2024-07-02T09:57:05","guid":{"rendered":"https:\/\/jinhuaceramic.com\/?post_type=product&#038;p=5059"},"modified":"2026-02-05T04:00:57","modified_gmt":"2026-02-05T04:00:57","slug":"ribbed-custom-bathroom-sets","status":"publish","type":"product","link":"https:\/\/jinhuaceramic.com\/es\/product\/ribbed-custom-bathroom-sets\/","title":{"rendered":"Conjuntos de ba\u00f1o de lujo a medida, accesorios de ba\u00f1o de cer\u00e1mica a granel"},"content":{"rendered":"<div class=\"wp-block-columns is-layout-flex wp-container-core-columns-is-layout-9d6595d7 wp-block-columns-is-layout-flex\">\n<div class=\"wp-block-column is-layout-flow wp-block-column-is-layout-flow\">\n<h3 class=\"wp-block-heading\">Premium Custom Ba\u00f1o Sets Venta al por mayor Caracter\u00edsticas:<\/h3>\n\n\n\n<ul class=\"wp-block-list\">\n<li><strong>Dise\u00f1o exquisito, combinaci\u00f3n de gris y madera:<\/strong> Estos conjuntos de ba\u00f1o a medida adoptan el gris de moda y la c\u00e1lida tapa de madera perfectamente combinados aportan sensaciones modernas cercanas a la naturaleza. Este dise\u00f1o \u00fanico no solo realza la belleza de todo el cuarto de ba\u00f1o, sino que tambi\u00e9n le aporta calidez.<\/li>\n\n\n\n<li><strong>Satisfacer necesidades diversificadas:<\/strong> Esta serie de accesorios de ba\u00f1o al por mayor abarca todos los tipos diferentes, incluidos dispensadores de jab\u00f3n, jaboneras, vasos para cepillos de dientes y cajas de almacenamiento de cosm\u00e9ticos, con los que ser\u00eda suficiente para satisfacer las necesidades en el uso diario. Se ha tenido mucho cuidado a la hora de dise\u00f1ar estos accesorios de ba\u00f1o, haci\u00e9ndolos as\u00ed pr\u00e1cticos a la vez que enriquecen el refinamiento en el cuarto de ba\u00f1o.<\/li>\n\n\n\n<li><strong>Materiales respetuosos con el medio ambiente, seguros e inocuos: <\/strong>Nuestros juegos de ba\u00f1o a medida se fabrican con cer\u00e1mica de calidad mezclada con madera respetuosa con el medio ambiente para garantizar la protecci\u00f3n del medio ambiente y la seguridad. Tanto para uso dom\u00e9stico como en hoteles de alto standing, los usuarios pueden utilizarlos con total confianza.<\/li>\n\n\n\n<li><strong>Personalizaci\u00f3n a medida, resaltando un estilo \u00fanico: <\/strong>Ofrecemos servicios personalizados para la venta al por mayor de accesorios de ba\u00f1o. Los clientes pueden elegir los colores, LOGO y otros detalles de acuerdo a sus preferencias personales, lo que refleja perfectamente el dise\u00f1o personalizado, y satisfacer las necesidades de diferentes marcas o lugares.<\/li>\n<\/ul>\n<\/div>\n\n\n\n<div class=\"wp-block-column is-layout-flow wp-block-column-is-layout-flow\">\n<figure class=\"wp-block-image size-full\"><img fetchpriority=\"high\" decoding=\"async\" width=\"1000\" height=\"1000\" src=\"https:\/\/jinhuaceramic.com\/wp-content\/uploads\/2024\/07\/soap-bottle.webp\" alt=\"Conjuntos de ba\u00f1o de lujo personalizados, accesorios de ba\u00f1o al por mayor con detalles de bamb\u00fa-1\" class=\"wp-image-5065\" srcset=\"https:\/\/jinhuaceramic.com\/wp-content\/uploads\/2024\/07\/soap-bottle.webp 1000w, https:\/\/jinhuaceramic.com\/wp-content\/uploads\/2024\/07\/soap-bottle-300x300.webp 300w, https:\/\/jinhuaceramic.com\/wp-content\/uploads\/2024\/07\/soap-bottle-150x150.webp 150w, https:\/\/jinhuaceramic.com\/wp-content\/uploads\/2024\/07\/soap-bottle-768x768.webp 768w, https:\/\/jinhuaceramic.com\/wp-content\/uploads\/2024\/07\/soap-bottle-285x285.webp 285w, https:\/\/jinhuaceramic.com\/wp-content\/uploads\/2024\/07\/soap-bottle-270x270.webp 270w, https:\/\/jinhuaceramic.com\/wp-content\/uploads\/2024\/07\/soap-bottle-540x540.webp 540w, https:\/\/jinhuaceramic.com\/wp-content\/uploads\/2024\/07\/soap-bottle-660x660.webp 660w\" sizes=\"(max-width: 1000px) 100vw, 1000px\" \/><\/figure>\n<\/div>\n<\/div>","protected":false},"excerpt":{"rendered":"<p>Bienvenido a los conjuntos de ba\u00f1o personalizados. Estos accesorios de ba\u00f1o de lujo al por mayor en color gris con tapas de madera presentan a la perfecci\u00f3n la armon\u00eda de lo moderno y lo natural. Equipado con accesorios multifuncionales y materiales ecol\u00f3gicos, seguros e inofensivos, es una serie que se adapta a hogares y hoteles de alto nivel.<\/p>","protected":false},"featured_media":5063,"comment_status":"closed","ping_status":"closed","template":"","meta":{"_acf_changed":false},"product_brand":[],"product_cat":[51],"product_tag":[74],"class_list":{"0":"post-5059","1":"product","2":"type-product","3":"status-publish","4":"has-post-thumbnail","6":"product_cat-bathroom-accessories-wholesale","7":"product_tag-ceramic-bath-accessories-wholesale","9":"first","10":"instock","11":"shipping-taxable","12":"product-type-simple"},"acf":[],"_links":{"self":[{"href":"https:\/\/jinhuaceramic.com\/es\/wp-json\/wp\/v2\/product\/5059","targetHints":{"allow":["GET"]}}],"collection":[{"href":"https:\/\/jinhuaceramic.com\/es\/wp-json\/wp\/v2\/product"}],"about":[{"href":"https:\/\/jinhuaceramic.com\/es\/wp-json\/wp\/v2\/types\/product"}],"replies":[{"embeddable":true,"href":"https:\/\/jinhuaceramic.com\/es\/wp-json\/wp\/v2\/comments?post=5059"}],"version-history":[{"count":0,"href":"https:\/\/jinhuaceramic.com\/es\/wp-json\/wp\/v2\/product\/5059\/revisions"}],"wp:featuredmedia":[{"embeddable":true,"href":"https:\/\/jinhuaceramic.com\/es\/wp-json\/wp\/v2\/media\/5063"}],"wp:attachment":[{"href":"https:\/\/jinhuaceramic.com\/es\/wp-json\/wp\/v2\/media?parent=5059"}],"wp:term":[{"taxonomy":"product_brand","embeddable":true,"href":"https:\/\/jinhuaceramic.com\/es\/wp-json\/wp\/v2\/product_brand?post=5059"},{"taxonomy":"product_cat","embeddable":true,"href":"https:\/\/jinhuaceramic.com\/es\/wp-json\/wp\/v2\/product_cat?post=5059"},{"taxonomy":"product_tag","embeddable":true,"href":"https:\/\/jinhuaceramic.com\/es\/wp-json\/wp\/v2\/product_tag?post=5059"}],"curies":[{"name":"wp","href":"https:\/\/api.w.org\/{rel}","templated":true}]}}