{"id":5071,"date":"2024-07-02T09:51:20","date_gmt":"2024-07-02T09:51:20","guid":{"rendered":"https:\/\/jinhuaceramic.com\/?post_type=product&#038;p=5071"},"modified":"2025-03-10T09:07:43","modified_gmt":"2025-03-10T09:07:43","slug":"custom-baking-dish-in-bulk","status":"publish","type":"product","link":"https:\/\/jinhuaceramic.com\/es\/product\/custom-baking-dish-in-bulk\/","title":{"rendered":"Plato para hornear a granel, Plato para hornear rectangular al por mayor"},"content":{"rendered":"<div class=\"wp-block-columns is-layout-flex wp-container-core-columns-is-layout-9d6595d7 wp-block-columns-is-layout-flex\">\n<div class=\"wp-block-column is-layout-flow wp-block-column-is-layout-flow\">\n<h3 class=\"wp-block-heading\">Plato para hornear Premium Custom Caracter\u00edsticas:<\/h3>\n\n\n\n<ul class=\"wp-block-list\">\n<li><strong>Dise\u00f1o rectangular cl\u00e1sico: <\/strong>Esta fuente de horno personalizada roja a granel adopta un dise\u00f1o rectangular cl\u00e1sico, muy adecuado para una gran variedad de necesidades de horneado, como hornear pan, platos para hornear, postres, etc. Es adecuado para hornear en casa y tambi\u00e9n puede satisfacer las necesidades a gran escala de restaurantes o banquetes.<\/li>\n\n\n\n<li><strong>Esmalte rojo brillante: <\/strong>Estos utensilios de cer\u00e1mica para hornear al por mayor adoptan un esmalte rojo brillante, que no s\u00f3lo a\u00f1ade un toque de color vivo a la cocina, sino que tambi\u00e9n hace que los productos horneados sean m\u00e1s vistosos en la mesa, combinando practicidad y decoratividad.<\/li>\n\n\n\n<li><strong>Apto para hornear a alta temperatura: <\/strong>Esta fuente de horno personalizada a granel soporta altas temperaturas y es apta para distintos m\u00e9todos de calentamiento, como hornos y microondas, lo que garantiza que los productos horneados se calienten uniformemente, ayud\u00e1ndole a preparar f\u00e1cilmente deliciosos platos.<\/li>\n\n\n\n<li><strong>Servicio a medida para satisfacer necesidades personalizadas: <\/strong>Estos utensilios de cer\u00e1mica para hornear al por mayor admiten la personalizaci\u00f3n al por mayor. Puede elegir diferentes tama\u00f1os o dise\u00f1os personalizados seg\u00fan sus necesidades. Es ideal para que los minoristas de marca y las empresas de catering realicen personalizaciones \u00fanicas y mejoren su imagen de marca.<\/li>\n<\/ul>\n<\/div>\n\n\n\n<div class=\"wp-block-column is-layout-flow wp-block-column-is-layout-flow\">\n<figure class=\"wp-block-image size-full\"><img fetchpriority=\"high\" decoding=\"async\" width=\"1000\" height=\"1000\" src=\"https:\/\/jinhuaceramic.com\/wp-content\/uploads\/2024\/07\/ceramic-baking-dish.jpg\" alt=\"juego de platos de cer\u00e1mica para hornear rectangulares a granel\" class=\"wp-image-5076\" srcset=\"https:\/\/jinhuaceramic.com\/wp-content\/uploads\/2024\/07\/ceramic-baking-dish.jpg 1000w, https:\/\/jinhuaceramic.com\/wp-content\/uploads\/2024\/07\/ceramic-baking-dish-300x300.jpg 300w, https:\/\/jinhuaceramic.com\/wp-content\/uploads\/2024\/07\/ceramic-baking-dish-150x150.jpg 150w, https:\/\/jinhuaceramic.com\/wp-content\/uploads\/2024\/07\/ceramic-baking-dish-768x768.jpg 768w, https:\/\/jinhuaceramic.com\/wp-content\/uploads\/2024\/07\/ceramic-baking-dish-285x285.jpg 285w, https:\/\/jinhuaceramic.com\/wp-content\/uploads\/2024\/07\/ceramic-baking-dish-270x270.jpg 270w, https:\/\/jinhuaceramic.com\/wp-content\/uploads\/2024\/07\/ceramic-baking-dish-540x540.jpg 540w, https:\/\/jinhuaceramic.com\/wp-content\/uploads\/2024\/07\/ceramic-baking-dish-660x660.jpg 660w\" sizes=\"(max-width: 1000px) 100vw, 1000px\" \/><\/figure>\n<\/div>\n<\/div>\n\n\n\n<p><\/p>","protected":false},"excerpt":{"rendered":"<p>Bienvenido a comprar utensilios de cer\u00e1mica para hornear al por mayor. Esta fuente de cer\u00e1mica al por mayor es ideal para hornear. Su dise\u00f1o cl\u00e1sico con esmalte rojo brillante es a la vez pr\u00e1ctico y bonito. Su alta resistencia a la temperatura garantiza un uso seguro en hornos y microondas, por lo que es ideal tanto para hornear en casa como para uso comercial.<\/p>","protected":false},"featured_media":5077,"comment_status":"closed","ping_status":"closed","template":"","meta":{"_acf_changed":false},"product_brand":[],"product_cat":[53],"product_tag":[71],"class_list":{"0":"post-5071","1":"product","2":"type-product","3":"status-publish","4":"has-post-thumbnail","6":"product_cat-bakeware-in-bulk","7":"product_tag-wholesale-baking-pans","9":"first","10":"instock","11":"shipping-taxable","12":"product-type-simple"},"acf":[],"_links":{"self":[{"href":"https:\/\/jinhuaceramic.com\/es\/wp-json\/wp\/v2\/product\/5071","targetHints":{"allow":["GET"]}}],"collection":[{"href":"https:\/\/jinhuaceramic.com\/es\/wp-json\/wp\/v2\/product"}],"about":[{"href":"https:\/\/jinhuaceramic.com\/es\/wp-json\/wp\/v2\/types\/product"}],"replies":[{"embeddable":true,"href":"https:\/\/jinhuaceramic.com\/es\/wp-json\/wp\/v2\/comments?post=5071"}],"version-history":[{"count":0,"href":"https:\/\/jinhuaceramic.com\/es\/wp-json\/wp\/v2\/product\/5071\/revisions"}],"wp:featuredmedia":[{"embeddable":true,"href":"https:\/\/jinhuaceramic.com\/es\/wp-json\/wp\/v2\/media\/5077"}],"wp:attachment":[{"href":"https:\/\/jinhuaceramic.com\/es\/wp-json\/wp\/v2\/media?parent=5071"}],"wp:term":[{"taxonomy":"product_brand","embeddable":true,"href":"https:\/\/jinhuaceramic.com\/es\/wp-json\/wp\/v2\/product_brand?post=5071"},{"taxonomy":"product_cat","embeddable":true,"href":"https:\/\/jinhuaceramic.com\/es\/wp-json\/wp\/v2\/product_cat?post=5071"},{"taxonomy":"product_tag","embeddable":true,"href":"https:\/\/jinhuaceramic.com\/es\/wp-json\/wp\/v2\/product_tag?post=5071"}],"curies":[{"name":"wp","href":"https:\/\/api.w.org\/{rel}","templated":true}]}}