{"id":5118,"date":"2024-07-05T08:19:56","date_gmt":"2024-07-05T08:19:56","guid":{"rendered":"https:\/\/jinhuaceramic.com\/?post_type=product&#038;p=5118"},"modified":"2025-03-08T03:34:54","modified_gmt":"2025-03-08T03:34:54","slug":"matte-ceramic-candle-jars-bulk","status":"publish","type":"product","link":"https:\/\/jinhuaceramic.com\/es\/product\/matte-ceramic-candle-jars-bulk\/","title":{"rendered":"Tarros de cer\u00e1mica mate para velas a granel con dise\u00f1o minimalista"},"content":{"rendered":"<div class=\"wp-block-columns is-layout-flex wp-container-core-columns-is-layout-9d6595d7 wp-block-columns-is-layout-flex\">\n<div class=\"wp-block-column is-layout-flow wp-block-column-is-layout-flow\">\n<h3 class=\"wp-block-heading\">Tarros de cer\u00e1mica de primera calidad para velas a granel Caracter\u00edsticas:<\/h3>\n\n\n\n<ul class=\"wp-block-list\">\n<li><strong>Dise\u00f1o sencillo:<\/strong> Nuestros tarros de cer\u00e1mica mate para velas a granel tienen forma redonda, colores neutros y un dise\u00f1o sencillo y cl\u00e1sico. El esmalte mate mate les da un aspecto sofisticado y contribuye al ambiente c\u00e1lido de su entorno.<\/li>\n\n\n\n<li><strong>Material de alta calidad:<\/strong> Estos tarros de cer\u00e1mica para velas a granel est\u00e1n fabricados con material cer\u00e1mico de alta calidad, resistente al calor, inastillable, a prueba de explosiones, no t\u00f3xico y sin plomo.<\/li>\n\n\n\n<li><strong>Reutilizable y respetuoso con el medio ambiente:<\/strong> El portavelas de cer\u00e1mica personalizado es reutilizable como macetero o recipiente de almacenamiento despu\u00e9s de la vela, maximizando as\u00ed la vida \u00fatil del producto.<\/li>\n\n\n\n<li><strong>Personalizado:<\/strong> El tarro de cer\u00e1mica para velas a granel puede imprimirse en colores, dise\u00f1o, logotipo y envase seg\u00fan los pedidos de los clientes.<\/li>\n<\/ul>\n<\/div>\n\n\n\n<div class=\"wp-block-column is-layout-flow wp-block-column-is-layout-flow\">\n<figure class=\"wp-block-image size-full\"><img fetchpriority=\"high\" decoding=\"async\" width=\"800\" height=\"800\" src=\"https:\/\/jinhuaceramic.com\/wp-content\/uploads\/2024\/07\/candle-jar-1.jpg\" alt=\"tarros-vela-de-cer\u00e1mica-mate-a-bultos-con-dise\u00f1o-minimalista\" class=\"wp-image-5120\" srcset=\"https:\/\/jinhuaceramic.com\/wp-content\/uploads\/2024\/07\/candle-jar-1.jpg 800w, https:\/\/jinhuaceramic.com\/wp-content\/uploads\/2024\/07\/candle-jar-1-300x300.jpg 300w, https:\/\/jinhuaceramic.com\/wp-content\/uploads\/2024\/07\/candle-jar-1-150x150.jpg 150w, https:\/\/jinhuaceramic.com\/wp-content\/uploads\/2024\/07\/candle-jar-1-768x768.jpg 768w, https:\/\/jinhuaceramic.com\/wp-content\/uploads\/2024\/07\/candle-jar-1-12x12.jpg 12w, https:\/\/jinhuaceramic.com\/wp-content\/uploads\/2024\/07\/candle-jar-1-285x285.jpg 285w, https:\/\/jinhuaceramic.com\/wp-content\/uploads\/2024\/07\/candle-jar-1-270x270.jpg 270w, https:\/\/jinhuaceramic.com\/wp-content\/uploads\/2024\/07\/candle-jar-1-540x540.jpg 540w, https:\/\/jinhuaceramic.com\/wp-content\/uploads\/2024\/07\/candle-jar-1-660x660.jpg 660w\" sizes=\"(max-width: 800px) 100vw, 800px\" \/><\/figure>\n<\/div>\n<\/div>","protected":false},"excerpt":{"rendered":"<p>Estos tarros de cer\u00e1mica mate para velas a granel son los m\u00e1s vendidos por su dise\u00f1o minimalista, sus materiales cer\u00e1micos de alta calidad y su reutilizaci\u00f3n ecol\u00f3gica. Como f\u00e1brica, admitimos pedidos a granel para personalizar el esmalte. Estos tarros de cer\u00e1mica para velas personalizables son ideales para hoteles boutique y tiendas de compra para crear una experiencia esc\u00e9nica para el consumidor. Bienvenido a la personalizaci\u00f3n de nuestros minimalistas tarros de cer\u00e1mica para velas.<\/p>","protected":false},"featured_media":5123,"comment_status":"closed","ping_status":"closed","template":"","meta":{"_acf_changed":false},"product_brand":[],"product_cat":[52],"product_tag":[66],"class_list":{"0":"post-5118","1":"product","2":"type-product","3":"status-publish","4":"has-post-thumbnail","6":"product_cat-wholesale-candle-containers","7":"product_tag-candle-jars-wholesale","9":"first","10":"instock","11":"shipping-taxable","12":"product-type-simple"},"acf":[],"_links":{"self":[{"href":"https:\/\/jinhuaceramic.com\/es\/wp-json\/wp\/v2\/product\/5118","targetHints":{"allow":["GET"]}}],"collection":[{"href":"https:\/\/jinhuaceramic.com\/es\/wp-json\/wp\/v2\/product"}],"about":[{"href":"https:\/\/jinhuaceramic.com\/es\/wp-json\/wp\/v2\/types\/product"}],"replies":[{"embeddable":true,"href":"https:\/\/jinhuaceramic.com\/es\/wp-json\/wp\/v2\/comments?post=5118"}],"version-history":[{"count":0,"href":"https:\/\/jinhuaceramic.com\/es\/wp-json\/wp\/v2\/product\/5118\/revisions"}],"wp:featuredmedia":[{"embeddable":true,"href":"https:\/\/jinhuaceramic.com\/es\/wp-json\/wp\/v2\/media\/5123"}],"wp:attachment":[{"href":"https:\/\/jinhuaceramic.com\/es\/wp-json\/wp\/v2\/media?parent=5118"}],"wp:term":[{"taxonomy":"product_brand","embeddable":true,"href":"https:\/\/jinhuaceramic.com\/es\/wp-json\/wp\/v2\/product_brand?post=5118"},{"taxonomy":"product_cat","embeddable":true,"href":"https:\/\/jinhuaceramic.com\/es\/wp-json\/wp\/v2\/product_cat?post=5118"},{"taxonomy":"product_tag","embeddable":true,"href":"https:\/\/jinhuaceramic.com\/es\/wp-json\/wp\/v2\/product_tag?post=5118"}],"curies":[{"name":"wp","href":"https:\/\/api.w.org\/{rel}","templated":true}]}}