{"id":5170,"date":"2024-07-05T08:11:20","date_gmt":"2024-07-05T08:11:20","guid":{"rendered":"https:\/\/jinhuaceramic.com\/?post_type=product&#038;p=5170"},"modified":"2024-11-05T06:55:58","modified_gmt":"2024-11-05T06:55:58","slug":"bathroom-accessories-set-bulk","status":"publish","type":"product","link":"https:\/\/jinhuaceramic.com\/es\/product\/bathroom-accessories-set-bulk\/","title":{"rendered":"Juego de accesorios de ba\u00f1o de cer\u00e1mica de 6 piezas al por mayor, Accesorios de ba\u00f1o al por mayor"},"content":{"rendered":"<div class=\"wp-block-columns is-layout-flex wp-container-core-columns-is-layout-9d6595d7 wp-block-columns-is-layout-flex\">\n<div class=\"wp-block-column is-layout-flow wp-block-column-is-layout-flow\">\n<h3 class=\"wp-block-heading\">Set de Accesorios de Ba\u00f1o Premium a Granel Caracter\u00edsticas:<\/h3>\n\n\n\n<ul class=\"wp-block-list\">\n<li><strong>Lujosa combinaci\u00f3n de colores: <\/strong>Este juego de accesorios de ba\u00f1o de 6 piezas a granel est\u00e1 disponible en dos lujosos colores dorado y negro. El brillo dorado con la sencillez del negro los mantiene en armon\u00eda, lo que da lugar a un ambiente de ba\u00f1o elegante y noble.<\/li>\n\n\n\n<li><strong>Dise\u00f1o integral de seis piezas, gran practicidad: <\/strong>Este accesorio de ba\u00f1o de serie al por mayor viene con dispensadores de jab\u00f3n, jaboneras, vasos para cepillos de dientes y portavasos para cepillos de dientes que pueden satisfacer las demandas de uso diario y mantener su ba\u00f1o limpio, ordenado y funcional.<\/li>\n\n\n\n<li><strong>Duradero y f\u00e1cil de mantener: <\/strong>Nuestro juego de accesorios de ba\u00f1o a granel est\u00e1 fabricado en cer\u00e1mica de alta calidad con muy buena durabilidad y resistencia a las manchas. La superficie lisa hace la limpieza simple y conveniente, conveniente para los ambientes de alta frecuencia del cuarto de ba\u00f1o y la mantiene en un nuevo estado.<\/li>\n\n\n\n<li><strong>Adaptabilidad de estilos diversos para satisfacer necesidades personalizadas:<\/strong> Tanto si se trata de sencillez moderna como de elegancia cl\u00e1sica, nuestros accesorios de ba\u00f1o al por mayor pueden integrarse f\u00e1cilmente en diversos estilos decorativos, y los usuarios pueden elegir seg\u00fan sus preferencias y estilos de ba\u00f1o.<\/li>\n<\/ul>\n<\/div>\n\n\n\n<div class=\"wp-block-column is-layout-flow wp-block-column-is-layout-flow\">\n<figure class=\"wp-block-image size-full\"><img fetchpriority=\"high\" decoding=\"async\" width=\"674\" height=\"674\" src=\"https:\/\/jinhuaceramic.com\/wp-content\/uploads\/2024\/07\/bathroom-set-1.webp\" alt=\"Juego de 6 accesorios de ba\u00f1o de cer\u00e1mica al por mayor, Accesorios de ba\u00f1o al por mayor-2\" class=\"wp-image-5173\" srcset=\"https:\/\/jinhuaceramic.com\/wp-content\/uploads\/2024\/07\/bathroom-set-1.webp 674w, https:\/\/jinhuaceramic.com\/wp-content\/uploads\/2024\/07\/bathroom-set-1-300x300.webp 300w, https:\/\/jinhuaceramic.com\/wp-content\/uploads\/2024\/07\/bathroom-set-1-150x150.webp 150w, https:\/\/jinhuaceramic.com\/wp-content\/uploads\/2024\/07\/bathroom-set-1-12x12.webp 12w, https:\/\/jinhuaceramic.com\/wp-content\/uploads\/2024\/07\/bathroom-set-1-285x285.webp 285w, https:\/\/jinhuaceramic.com\/wp-content\/uploads\/2024\/07\/bathroom-set-1-270x270.webp 270w, https:\/\/jinhuaceramic.com\/wp-content\/uploads\/2024\/07\/bathroom-set-1-540x540.webp 540w, https:\/\/jinhuaceramic.com\/wp-content\/uploads\/2024\/07\/bathroom-set-1-660x660.webp 660w\" sizes=\"(max-width: 674px) 100vw, 674px\" \/><\/figure>\n<\/div>\n<\/div>","protected":false},"excerpt":{"rendered":"<p>Bienvenido a comprar accesorios de ba\u00f1o al por mayor. Este conjunto de accesorios de ba\u00f1o de cer\u00e1mica de 6 piezas al por mayor est\u00e1n disponibles en colores de lujo de oro y negro, que puede hacer que el cuarto de ba\u00f1o tan elegante y generoso. Hecho de cer\u00e1mica de alta calidad, este juego de ba\u00f1o al por mayor es totalmente funcional, y f\u00e1cil de limpiar. Es una buena elecci\u00f3n para cualquier cuarto de ba\u00f1o de hoteles y hogares de alta gama.<\/p>","protected":false},"featured_media":5174,"comment_status":"closed","ping_status":"closed","template":"","meta":{"_acf_changed":false},"product_brand":[],"product_cat":[51],"product_tag":[74],"class_list":{"0":"post-5170","1":"product","2":"type-product","3":"status-publish","4":"has-post-thumbnail","6":"product_cat-bathroom-accessories-wholesale","7":"product_tag-ceramic-bath-accessories-wholesale","9":"first","10":"instock","11":"shipping-taxable","12":"product-type-simple"},"acf":[],"_links":{"self":[{"href":"https:\/\/jinhuaceramic.com\/es\/wp-json\/wp\/v2\/product\/5170","targetHints":{"allow":["GET"]}}],"collection":[{"href":"https:\/\/jinhuaceramic.com\/es\/wp-json\/wp\/v2\/product"}],"about":[{"href":"https:\/\/jinhuaceramic.com\/es\/wp-json\/wp\/v2\/types\/product"}],"replies":[{"embeddable":true,"href":"https:\/\/jinhuaceramic.com\/es\/wp-json\/wp\/v2\/comments?post=5170"}],"version-history":[{"count":0,"href":"https:\/\/jinhuaceramic.com\/es\/wp-json\/wp\/v2\/product\/5170\/revisions"}],"wp:featuredmedia":[{"embeddable":true,"href":"https:\/\/jinhuaceramic.com\/es\/wp-json\/wp\/v2\/media\/5174"}],"wp:attachment":[{"href":"https:\/\/jinhuaceramic.com\/es\/wp-json\/wp\/v2\/media?parent=5170"}],"wp:term":[{"taxonomy":"product_brand","embeddable":true,"href":"https:\/\/jinhuaceramic.com\/es\/wp-json\/wp\/v2\/product_brand?post=5170"},{"taxonomy":"product_cat","embeddable":true,"href":"https:\/\/jinhuaceramic.com\/es\/wp-json\/wp\/v2\/product_cat?post=5170"},{"taxonomy":"product_tag","embeddable":true,"href":"https:\/\/jinhuaceramic.com\/es\/wp-json\/wp\/v2\/product_tag?post=5170"}],"curies":[{"name":"wp","href":"https:\/\/api.w.org\/{rel}","templated":true}]}}