{"id":5178,"date":"2024-07-05T08:06:41","date_gmt":"2024-07-05T08:06:41","guid":{"rendered":"https:\/\/jinhuaceramic.com\/?post_type=product&#038;p=5178"},"modified":"2025-03-11T08:24:49","modified_gmt":"2025-03-11T08:24:49","slug":"blue-wholesale-ceramic-bakeware-sets","status":"publish","type":"product","link":"https:\/\/jinhuaceramic.com\/es\/product\/blue-wholesale-ceramic-bakeware-sets\/","title":{"rendered":"Venta al por mayor juegos de utensilios de cer\u00e1mica para hornear, moldes de tama\u00f1o personalizado"},"content":{"rendered":"<div class=\"wp-block-columns is-layout-flex wp-container-core-columns-is-layout-9d6595d7 wp-block-columns-is-layout-flex\">\n<div class=\"wp-block-column is-layout-flow wp-block-column-is-layout-flow\">\n<h3 class=\"wp-block-heading\">Premium al por mayor de cer\u00e1mica Bakeware Set Caracter\u00edsticas:<\/h3>\n\n\n\n<ul class=\"wp-block-list\">\n<li><strong>Material cer\u00e1mico de gran durabilidad:<\/strong> Nuestros juegos de utensilios de cer\u00e1mica para hornear al por mayor est\u00e1n hechos de cer\u00e1mica duradera de alta calidad, que es resistente a las grietas y al calor, lo que garantiza un uso a largo plazo sin da\u00f1os.<\/li>\n\n\n\n<li><strong>Dise\u00f1o elegante: <\/strong>Estos moldes para hornear al por mayor tienen un dise\u00f1o sofisticado, que es a la vez elegante y pr\u00e1ctico, adecuado para exponer en la cocina y en la mesa del comedor.<\/li>\n\n\n\n<li><strong>Uso vers\u00e1til: <\/strong>Estos moldes para hornear al por mayor son adecuados para una variedad de necesidades de horneado, incluyendo pasteles, pan, barbacoa, etc., adecuados para ocasiones de horneado dom\u00e9stico y profesional.<\/li>\n\n\n\n<li><strong>Opciones de personalizaci\u00f3n masiva: <\/strong>Ofrecemos servicios de compra al por mayor de juegos de cer\u00e1mica para hornear, adecuados para restaurantes, minoristas y mayoristas, y admitimos una gran variedad de tama\u00f1os y modelos.<\/li>\n<\/ul>\n<\/div>\n\n\n\n<div class=\"wp-block-column is-layout-flow wp-block-column-is-layout-flow\">\n<figure class=\"wp-block-image size-full\"><img fetchpriority=\"high\" decoding=\"async\" width=\"1500\" height=\"1451\" src=\"https:\/\/jinhuaceramic.com\/wp-content\/uploads\/2024\/07\/bakeware.webp\" alt=\"Mayorista Sets de Cer\u00e1mica para Hornear, Sartenes Duraderas al por Mayor con Dise\u00f1o Elegante\" class=\"wp-image-5179\" srcset=\"https:\/\/jinhuaceramic.com\/wp-content\/uploads\/2024\/07\/bakeware.webp 1500w, https:\/\/jinhuaceramic.com\/wp-content\/uploads\/2024\/07\/bakeware-300x290.webp 300w, https:\/\/jinhuaceramic.com\/wp-content\/uploads\/2024\/07\/bakeware-768x743.webp 768w, https:\/\/jinhuaceramic.com\/wp-content\/uploads\/2024\/07\/bakeware-12x12.webp 12w, https:\/\/jinhuaceramic.com\/wp-content\/uploads\/2024\/07\/bakeware-285x276.webp 285w, https:\/\/jinhuaceramic.com\/wp-content\/uploads\/2024\/07\/bakeware-660x638.webp 660w, https:\/\/jinhuaceramic.com\/wp-content\/uploads\/2024\/07\/bakeware-150x145.webp 150w\" sizes=\"(max-width: 1500px) 100vw, 1500px\" \/><\/figure>\n<\/div>\n<\/div>","protected":false},"excerpt":{"rendered":"<p>Bienvenido a comprar moldes de cer\u00e1mica al por mayor. Estos juegos de utensilios para hornear de cer\u00e1mica al por mayor est\u00e1n hechos de material cer\u00e1mico muy duradero, que es resistente a las grietas y resistente al calor, lo que garantiza el uso a largo plazo. El exquisito dise\u00f1o es a la vez pr\u00e1ctico y elegante, adecuado para una variedad de prop\u00f3sitos de hornear. Ofrecemos servicios de personalizaci\u00f3n al por mayor para satisfacer las distintas necesidades de restaurantes, minoristas y mayoristas, ayud\u00e1ndole a crear una experiencia de horneado de alta calidad.<\/p>","protected":false},"featured_media":5180,"comment_status":"closed","ping_status":"closed","template":"","meta":{"_acf_changed":false},"product_brand":[],"product_cat":[53],"product_tag":[71],"class_list":{"0":"post-5178","1":"product","2":"type-product","3":"status-publish","4":"has-post-thumbnail","6":"product_cat-bakeware-in-bulk","7":"product_tag-wholesale-baking-pans","9":"first","10":"instock","11":"shipping-taxable","12":"product-type-simple"},"acf":[],"_links":{"self":[{"href":"https:\/\/jinhuaceramic.com\/es\/wp-json\/wp\/v2\/product\/5178","targetHints":{"allow":["GET"]}}],"collection":[{"href":"https:\/\/jinhuaceramic.com\/es\/wp-json\/wp\/v2\/product"}],"about":[{"href":"https:\/\/jinhuaceramic.com\/es\/wp-json\/wp\/v2\/types\/product"}],"replies":[{"embeddable":true,"href":"https:\/\/jinhuaceramic.com\/es\/wp-json\/wp\/v2\/comments?post=5178"}],"version-history":[{"count":0,"href":"https:\/\/jinhuaceramic.com\/es\/wp-json\/wp\/v2\/product\/5178\/revisions"}],"wp:featuredmedia":[{"embeddable":true,"href":"https:\/\/jinhuaceramic.com\/es\/wp-json\/wp\/v2\/media\/5180"}],"wp:attachment":[{"href":"https:\/\/jinhuaceramic.com\/es\/wp-json\/wp\/v2\/media?parent=5178"}],"wp:term":[{"taxonomy":"product_brand","embeddable":true,"href":"https:\/\/jinhuaceramic.com\/es\/wp-json\/wp\/v2\/product_brand?post=5178"},{"taxonomy":"product_cat","embeddable":true,"href":"https:\/\/jinhuaceramic.com\/es\/wp-json\/wp\/v2\/product_cat?post=5178"},{"taxonomy":"product_tag","embeddable":true,"href":"https:\/\/jinhuaceramic.com\/es\/wp-json\/wp\/v2\/product_tag?post=5178"}],"curies":[{"name":"wp","href":"https:\/\/api.w.org\/{rel}","templated":true}]}}