{"id":5209,"date":"2024-07-08T09:41:17","date_gmt":"2024-07-08T09:41:17","guid":{"rendered":"https:\/\/jinhuaceramic.com\/?post_type=product&#038;p=5209"},"modified":"2024-11-05T06:50:46","modified_gmt":"2024-11-05T06:50:46","slug":"4-piece-bathroom-sets-wholesale","status":"publish","type":"product","link":"https:\/\/jinhuaceramic.com\/es\/product\/4-piece-bathroom-sets-wholesale\/","title":{"rendered":"Lujoso Set de Ba\u00f1o de Cer\u00e1mica de 4 Piezas al por mayor, Accesorios de Ba\u00f1o Chic al por mayor"},"content":{"rendered":"<div class=\"wp-block-columns is-layout-flex wp-container-core-columns-is-layout-9d6595d7 wp-block-columns-is-layout-flex\">\n<div class=\"wp-block-column is-layout-flow wp-block-column-is-layout-flow\">\n<h3 class=\"wp-block-heading\">Caracter\u00edsticas de los juegos de ba\u00f1o premium al por mayor:<\/h3>\n\n\n\n<ul class=\"wp-block-list\">\n<li><strong>Dise\u00f1o de alta gama: <\/strong>Nuestros juegos de ba\u00f1o blancos de cuatro piezas al por mayor est\u00e1n dise\u00f1ados con estilo y elegancia, aportando un toque de lujo a los cuartos de ba\u00f1o. Sus l\u00edneas son tan sencillas y exquisitas que permiten su aplicaci\u00f3n en la decoraci\u00f3n de cuartos de ba\u00f1o de casas o hoteles de alta categor\u00eda.<\/li>\n\n\n\n<li><strong>Juego completo para el cuarto de ba\u00f1o: <\/strong>Nuestro juego de 4 accesorios de ba\u00f1o a granel, que incluye dispensador de jab\u00f3n, jabonera, vaso para cepillos de dientes y soporte para vasos de cepillos de dientes, est\u00e1 pensado para cubrir las necesidades habituales de un cuarto de ba\u00f1o. Pr\u00e1ctico y bonito, mantiene tu cuarto de ba\u00f1o limpio y ordenado, realzando el efecto decorativo de todo el espacio.<\/li>\n\n\n\n<li><strong>Material cer\u00e1mico de alta calidad: <\/strong>Nuestros juegos de ba\u00f1o al por mayor son de una calidad superior en cuanto al material cer\u00e1mico. La superficie es brillante, lo que no solo la hace lo suficientemente gruesa y resistente como para usarla y limpiarla f\u00e1cilmente, sino que tambi\u00e9n conserva su aspecto nuevo despu\u00e9s de mucho tiempo. Los materiales utilizados son duraderos y adecuados para los ba\u00f1os debido a su alta frecuencia de uso.<\/li>\n\n\n\n<li><strong>M\u00faltiples opciones de color: <\/strong>Adecuados para una gran variedad de estilos, nuestros accesorios de ba\u00f1o a granel est\u00e1n disponibles en una amplia gama de colores, que se pueden combinar de forma flexible seg\u00fan las necesidades de decoraci\u00f3n personalizada del cuarto de ba\u00f1o. Son f\u00e1cilmente compatibles tanto con cuartos de ba\u00f1o sencillos y modernos como con cuartos de ba\u00f1o cl\u00e1sicos y elegantes.<\/li>\n<\/ul>\n<\/div>\n\n\n\n<div class=\"wp-block-column is-layout-flow wp-block-column-is-layout-flow\">\n<figure class=\"wp-block-image size-full\"><img fetchpriority=\"high\" decoding=\"async\" width=\"1432\" height=\"1500\" src=\"https:\/\/jinhuaceramic.com\/wp-content\/uploads\/2024\/07\/Bathroom-Set-2.webp\" alt=\"Juegos de ba\u00f1o de cer\u00e1mica de lujo de 4 piezas al por mayor, accesorios de ba\u00f1o elegantes a granel-1\" class=\"wp-image-5213\" srcset=\"https:\/\/jinhuaceramic.com\/wp-content\/uploads\/2024\/07\/Bathroom-Set-2.webp 1432w, https:\/\/jinhuaceramic.com\/wp-content\/uploads\/2024\/07\/Bathroom-Set-2-286x300.webp 286w, https:\/\/jinhuaceramic.com\/wp-content\/uploads\/2024\/07\/Bathroom-Set-2-768x804.webp 768w, https:\/\/jinhuaceramic.com\/wp-content\/uploads\/2024\/07\/Bathroom-Set-2-11x12.webp 11w, https:\/\/jinhuaceramic.com\/wp-content\/uploads\/2024\/07\/Bathroom-Set-2-285x299.webp 285w, https:\/\/jinhuaceramic.com\/wp-content\/uploads\/2024\/07\/Bathroom-Set-2-630x660.webp 630w, https:\/\/jinhuaceramic.com\/wp-content\/uploads\/2024\/07\/Bathroom-Set-2-143x150.webp 143w\" sizes=\"(max-width: 1432px) 100vw, 1432px\" \/><\/figure>\n<\/div>\n<\/div>","protected":false},"excerpt":{"rendered":"<p>Bienvenido a la compra al por mayor de accesorios de ba\u00f1o. Este lujoso juego de ba\u00f1o de cuatro piezas al por mayor tiene un dise\u00f1o moderno, est\u00e1 fabricado con material cer\u00e1mico de buena calidad y es tanto pr\u00e1ctico como decorativo. Disponible en varios colores, es ideal para hoteles o hogares y ayudar\u00e1 a crear un espacio de ba\u00f1o limpio y bonito.<\/p>","protected":false},"featured_media":5210,"comment_status":"closed","ping_status":"closed","template":"","meta":{"_acf_changed":false},"product_brand":[],"product_cat":[51],"product_tag":[74],"class_list":{"0":"post-5209","1":"product","2":"type-product","3":"status-publish","4":"has-post-thumbnail","6":"product_cat-bathroom-accessories-wholesale","7":"product_tag-ceramic-bath-accessories-wholesale","9":"first","10":"instock","11":"shipping-taxable","12":"product-type-simple"},"acf":[],"_links":{"self":[{"href":"https:\/\/jinhuaceramic.com\/es\/wp-json\/wp\/v2\/product\/5209","targetHints":{"allow":["GET"]}}],"collection":[{"href":"https:\/\/jinhuaceramic.com\/es\/wp-json\/wp\/v2\/product"}],"about":[{"href":"https:\/\/jinhuaceramic.com\/es\/wp-json\/wp\/v2\/types\/product"}],"replies":[{"embeddable":true,"href":"https:\/\/jinhuaceramic.com\/es\/wp-json\/wp\/v2\/comments?post=5209"}],"version-history":[{"count":0,"href":"https:\/\/jinhuaceramic.com\/es\/wp-json\/wp\/v2\/product\/5209\/revisions"}],"wp:featuredmedia":[{"embeddable":true,"href":"https:\/\/jinhuaceramic.com\/es\/wp-json\/wp\/v2\/media\/5210"}],"wp:attachment":[{"href":"https:\/\/jinhuaceramic.com\/es\/wp-json\/wp\/v2\/media?parent=5209"}],"wp:term":[{"taxonomy":"product_brand","embeddable":true,"href":"https:\/\/jinhuaceramic.com\/es\/wp-json\/wp\/v2\/product_brand?post=5209"},{"taxonomy":"product_cat","embeddable":true,"href":"https:\/\/jinhuaceramic.com\/es\/wp-json\/wp\/v2\/product_cat?post=5209"},{"taxonomy":"product_tag","embeddable":true,"href":"https:\/\/jinhuaceramic.com\/es\/wp-json\/wp\/v2\/product_tag?post=5209"}],"curies":[{"name":"wp","href":"https:\/\/api.w.org\/{rel}","templated":true}]}}