{"id":5244,"date":"2024-07-13T08:39:20","date_gmt":"2024-07-13T08:39:20","guid":{"rendered":"https:\/\/jinhuaceramic.com\/?post_type=product&#038;p=5244"},"modified":"2024-11-08T01:56:23","modified_gmt":"2024-11-08T01:56:23","slug":"modern-ceramic-candle-jar-wholesale","status":"publish","type":"product","link":"https:\/\/jinhuaceramic.com\/es\/product\/modern-ceramic-candle-jar-wholesale\/","title":{"rendered":"Moderno Tarro de Cer\u00e1mica para Velas al por Mayor, Tarros Vacios para Velas al por Mayor con Dise\u00f1o Minimalista"},"content":{"rendered":"<div class=\"wp-block-columns is-layout-flex wp-container-core-columns-is-layout-9d6595d7 wp-block-columns-is-layout-flex\">\n<div class=\"wp-block-column is-layout-flow wp-block-column-is-layout-flow\">\n<h3 class=\"wp-block-heading\">Tarro de cer\u00e1mica de primera calidad para velas al por mayor Caracter\u00edsticas:<\/h3>\n\n\n\n<ul class=\"wp-block-list\">\n<li><strong>Belleza moderna que resalta el estilo minimalista: <\/strong>Con el concepto de dise\u00f1o minimalista, este tarro de cer\u00e1mica para velas al por mayor resalta la sencillez y elegancia de cada l\u00ednea. Podr\u00eda aportar frescura y serenidad al ambiente, independientemente de si se coloca en el sal\u00f3n, el dormitorio o la oficina.<\/li>\n\n\n\n<li><strong>Materiales cer\u00e1micos de alta calidad para garantizar un uso duradero:<\/strong> Estos tarros vac\u00edos para velas a granel est\u00e1n fabricados con materiales cer\u00e1micos seleccionados, cocidos a alta temperatura con una excelente resistencia al calor y un rendimiento antica\u00edda. El material no t\u00f3xico le permitir\u00e1 disfrutar plenamente de las velas sin preocupaciones. Puede utilizarse en hogares, oficinas o locales comerciales.<\/li>\n\n\n\n<li><strong>Dise\u00f1o vers\u00e1til, adecuado para una gran variedad de usos: <\/strong>Adem\u00e1s de servir como recipiente para una vela, este tarro de cer\u00e1mica para velas al por mayor tambi\u00e9n puede utilizarse para guardar peque\u00f1os objetos, adornos y otros elementos decorativos, lo que expresa plenamente su diversidad. Su aspecto sencillo combinado con su valor pr\u00e1ctico lo convierten en un compa\u00f1ero multifuncional en la vida cotidiana.<\/li>\n\n\n\n<li><strong>Flexible para satisfacer la demanda del mercado: <\/strong>Ofrecemos soluciones flexibles de compra a granel de tarros de velas vac\u00edos a granel para garantizar las necesidades de suministro de los clientes. Al mismo tiempo, apoyar la personalizaci\u00f3n personalizada, los clientes pueden personalizar los colores y logotipos de acuerdo con las tendencias del mercado y el estilo de marca personal para crear una imagen \u00fanica en el mercado.<\/li>\n<\/ul>\n<\/div>\n\n\n\n<div class=\"wp-block-column is-layout-flow wp-block-column-is-layout-flow\">\n<figure class=\"wp-block-image size-full\"><img fetchpriority=\"high\" decoding=\"async\" width=\"800\" height=\"800\" src=\"https:\/\/jinhuaceramic.com\/wp-content\/uploads\/2024\/07\/candle-jars.webp\" alt=\"Moderno Tarro de Cer\u00e1mica para Velas al por Mayor, Tarros Vacios para Velas al por Mayor con Dise\u00f1o Minimalista-1\" class=\"wp-image-5247\" srcset=\"https:\/\/jinhuaceramic.com\/wp-content\/uploads\/2024\/07\/candle-jars.webp 800w, https:\/\/jinhuaceramic.com\/wp-content\/uploads\/2024\/07\/candle-jars-300x300.webp 300w, https:\/\/jinhuaceramic.com\/wp-content\/uploads\/2024\/07\/candle-jars-150x150.webp 150w, https:\/\/jinhuaceramic.com\/wp-content\/uploads\/2024\/07\/candle-jars-768x768.webp 768w, https:\/\/jinhuaceramic.com\/wp-content\/uploads\/2024\/07\/candle-jars-12x12.webp 12w, https:\/\/jinhuaceramic.com\/wp-content\/uploads\/2024\/07\/candle-jars-285x285.webp 285w, https:\/\/jinhuaceramic.com\/wp-content\/uploads\/2024\/07\/candle-jars-270x270.webp 270w, https:\/\/jinhuaceramic.com\/wp-content\/uploads\/2024\/07\/candle-jars-540x540.webp 540w, https:\/\/jinhuaceramic.com\/wp-content\/uploads\/2024\/07\/candle-jars-660x660.webp 660w\" sizes=\"(max-width: 800px) 100vw, 800px\" \/><\/figure>\n<\/div>\n<\/div>","protected":false},"excerpt":{"rendered":"<p>Bienvenido a personalizar y comprar tarros de velas vac\u00edas al por mayor. Este tarro de cer\u00e1mica para velas al por mayor tiene un dise\u00f1o m\u00ednimo, por lo que siempre encajar\u00e1 en cualquier hogar o cualquier otro entorno comercial. Est\u00e1 hecho de material cer\u00e1mico de alta calidad para la durabilidad para garantizar la seguridad, versatilidad y flexibilidad, por lo que es una opci\u00f3n ideal para a\u00f1adir estilo al espacio.<\/p>","protected":false},"featured_media":5251,"comment_status":"closed","ping_status":"closed","template":"","meta":{"_acf_changed":false},"product_brand":[],"product_cat":[52],"product_tag":[66],"class_list":{"0":"post-5244","1":"product","2":"type-product","3":"status-publish","4":"has-post-thumbnail","6":"product_cat-wholesale-candle-containers","7":"product_tag-candle-jars-wholesale","9":"first","10":"instock","11":"shipping-taxable","12":"product-type-simple"},"acf":[],"_links":{"self":[{"href":"https:\/\/jinhuaceramic.com\/es\/wp-json\/wp\/v2\/product\/5244","targetHints":{"allow":["GET"]}}],"collection":[{"href":"https:\/\/jinhuaceramic.com\/es\/wp-json\/wp\/v2\/product"}],"about":[{"href":"https:\/\/jinhuaceramic.com\/es\/wp-json\/wp\/v2\/types\/product"}],"replies":[{"embeddable":true,"href":"https:\/\/jinhuaceramic.com\/es\/wp-json\/wp\/v2\/comments?post=5244"}],"version-history":[{"count":0,"href":"https:\/\/jinhuaceramic.com\/es\/wp-json\/wp\/v2\/product\/5244\/revisions"}],"wp:featuredmedia":[{"embeddable":true,"href":"https:\/\/jinhuaceramic.com\/es\/wp-json\/wp\/v2\/media\/5251"}],"wp:attachment":[{"href":"https:\/\/jinhuaceramic.com\/es\/wp-json\/wp\/v2\/media?parent=5244"}],"wp:term":[{"taxonomy":"product_brand","embeddable":true,"href":"https:\/\/jinhuaceramic.com\/es\/wp-json\/wp\/v2\/product_brand?post=5244"},{"taxonomy":"product_cat","embeddable":true,"href":"https:\/\/jinhuaceramic.com\/es\/wp-json\/wp\/v2\/product_cat?post=5244"},{"taxonomy":"product_tag","embeddable":true,"href":"https:\/\/jinhuaceramic.com\/es\/wp-json\/wp\/v2\/product_tag?post=5244"}],"curies":[{"name":"wp","href":"https:\/\/api.w.org\/{rel}","templated":true}]}}