{"id":5255,"date":"2024-07-13T08:43:27","date_gmt":"2024-07-13T08:43:27","guid":{"rendered":"https:\/\/jinhuaceramic.com\/?post_type=product&#038;p=5255"},"modified":"2025-03-11T08:33:55","modified_gmt":"2025-03-11T08:33:55","slug":"wholesale-ceramic-ramekins-2","status":"publish","type":"product","link":"https:\/\/jinhuaceramic.com\/es\/product\/wholesale-ceramic-ramekins-2\/","title":{"rendered":"Mayorista Ramekines de Cer\u00e1mica, Ramekines de Creme Brulee a Granel"},"content":{"rendered":"<div class=\"wp-block-columns is-layout-flex wp-container-core-columns-is-layout-9d6595d7 wp-block-columns-is-layout-flex\">\n<div class=\"wp-block-column is-layout-flow wp-block-column-is-layout-flow\">\n<h3 class=\"wp-block-heading\">Ramekins de cer\u00e1mica al por mayor de primera calidad Caracter\u00edsticas:<\/h3>\n\n\n\n<ul class=\"wp-block-list\">\n<li><strong>De varios colores: <\/strong>Nuestros recipientes de cer\u00e1mica al por mayor presentan una gran variedad de colores, que pueden resultar muy pr\u00e1cticos para sus usuarios, ya que se adaptan visualmente a sus preferencias personales o al estilo de decoraci\u00f3n de su mesa.<\/li>\n\n\n\n<li><strong>Adecuado para m\u00faltiples usos: <\/strong>Estos ramekins creme brulee a granel se puede utilizar para muchos prop\u00f3sitos, tales como pud\u00edn de caramelo, souffl\u00e9, y muchos otros postres. El tama\u00f1o es moderado y es adecuado no s\u00f3lo para hornear, sino tambi\u00e9n para muchas escenas diferentes, como un plato de condimentos, taz\u00f3n de aperitivos, y as\u00ed sucesivamente, bastante pr\u00e1ctico.<\/li>\n\n\n\n<li><strong>Resistencia a altas temperaturas:<\/strong> Nuestros ramequines de cer\u00e1mica al por mayor est\u00e1n fabricados con materiales cer\u00e1micos de alta calidad muy resistentes a la temperatura. Se pueden utilizar en hornos microondas y hornos para un calentamiento uniforme mientras se hornea para ayudar a cualquier persona a lograr postres perfectos.<\/li>\n\n\n\n<li><strong>F\u00e1cil de limpiar, apto para lavavajillas: <\/strong>Estos moldes para cr\u00e8me br\u00fbl\u00e9e a granel son preciosos, pr\u00e1cticos y f\u00e1ciles de limpiar, adem\u00e1s de aptos para el lavavajillas, para que la diversi\u00f3n de hornear no se vea entorpecida por la limpieza.<\/li>\n<\/ul>\n<\/div>\n\n\n\n<div class=\"wp-block-column is-layout-flow wp-block-column-is-layout-flow\">\n<figure class=\"wp-block-image size-full\"><img fetchpriority=\"high\" decoding=\"async\" width=\"1250\" height=\"1250\" src=\"https:\/\/jinhuaceramic.com\/wp-content\/uploads\/2024\/07\/ceramic-baking-ramekin.webp\" alt=\"f\u00e1brica-suministro-mayorista-de-cer\u00e1mica-ramekin-para-postre-hornear\" class=\"wp-image-5257\" srcset=\"https:\/\/jinhuaceramic.com\/wp-content\/uploads\/2024\/07\/ceramic-baking-ramekin.webp 1250w, https:\/\/jinhuaceramic.com\/wp-content\/uploads\/2024\/07\/ceramic-baking-ramekin-300x300.webp 300w, https:\/\/jinhuaceramic.com\/wp-content\/uploads\/2024\/07\/ceramic-baking-ramekin-150x150.webp 150w, https:\/\/jinhuaceramic.com\/wp-content\/uploads\/2024\/07\/ceramic-baking-ramekin-768x768.webp 768w, https:\/\/jinhuaceramic.com\/wp-content\/uploads\/2024\/07\/ceramic-baking-ramekin-12x12.webp 12w, https:\/\/jinhuaceramic.com\/wp-content\/uploads\/2024\/07\/ceramic-baking-ramekin-285x285.webp 285w, https:\/\/jinhuaceramic.com\/wp-content\/uploads\/2024\/07\/ceramic-baking-ramekin-270x270.webp 270w, https:\/\/jinhuaceramic.com\/wp-content\/uploads\/2024\/07\/ceramic-baking-ramekin-540x540.webp 540w, https:\/\/jinhuaceramic.com\/wp-content\/uploads\/2024\/07\/ceramic-baking-ramekin-660x660.webp 660w\" sizes=\"(max-width: 1250px) 100vw, 1250px\" \/><\/figure>\n<\/div>\n<\/div>","protected":false},"excerpt":{"rendered":"<p>Bienvenido a comprar calderos para creme brulee al por mayor. Nuestros ramekins de cer\u00e1mica al por mayor ofrecen una variedad de opciones de color, adecuados para decoraciones de mesa de diferentes estilos. El material cer\u00e1mico de alta calidad garantiza su resistencia a altas temperaturas, su idoneidad para su uso en hornos microondas y hornos, y admite la limpieza en lavavajillas, lo que resulta c\u00f3modo y pr\u00e1ctico.<\/p>","protected":false},"featured_media":5256,"comment_status":"closed","ping_status":"closed","template":"","meta":{"_acf_changed":false},"product_brand":[],"product_cat":[53],"product_tag":[69],"class_list":{"0":"post-5255","1":"product","2":"type-product","3":"status-publish","4":"has-post-thumbnail","6":"product_cat-bakeware-in-bulk","7":"product_tag-bulk-ramekins","9":"first","10":"instock","11":"shipping-taxable","12":"product-type-simple"},"acf":[],"_links":{"self":[{"href":"https:\/\/jinhuaceramic.com\/es\/wp-json\/wp\/v2\/product\/5255","targetHints":{"allow":["GET"]}}],"collection":[{"href":"https:\/\/jinhuaceramic.com\/es\/wp-json\/wp\/v2\/product"}],"about":[{"href":"https:\/\/jinhuaceramic.com\/es\/wp-json\/wp\/v2\/types\/product"}],"replies":[{"embeddable":true,"href":"https:\/\/jinhuaceramic.com\/es\/wp-json\/wp\/v2\/comments?post=5255"}],"version-history":[{"count":0,"href":"https:\/\/jinhuaceramic.com\/es\/wp-json\/wp\/v2\/product\/5255\/revisions"}],"wp:featuredmedia":[{"embeddable":true,"href":"https:\/\/jinhuaceramic.com\/es\/wp-json\/wp\/v2\/media\/5256"}],"wp:attachment":[{"href":"https:\/\/jinhuaceramic.com\/es\/wp-json\/wp\/v2\/media?parent=5255"}],"wp:term":[{"taxonomy":"product_brand","embeddable":true,"href":"https:\/\/jinhuaceramic.com\/es\/wp-json\/wp\/v2\/product_brand?post=5255"},{"taxonomy":"product_cat","embeddable":true,"href":"https:\/\/jinhuaceramic.com\/es\/wp-json\/wp\/v2\/product_cat?post=5255"},{"taxonomy":"product_tag","embeddable":true,"href":"https:\/\/jinhuaceramic.com\/es\/wp-json\/wp\/v2\/product_tag?post=5255"}],"curies":[{"name":"wp","href":"https:\/\/api.w.org\/{rel}","templated":true}]}}