{"id":5264,"date":"2024-07-13T08:50:11","date_gmt":"2024-07-13T08:50:11","guid":{"rendered":"https:\/\/jinhuaceramic.com\/?post_type=product&#038;p=5264"},"modified":"2024-11-05T06:25:57","modified_gmt":"2024-11-05T06:25:57","slug":"ceramic-soap-dispenser-wholesale","status":"publish","type":"product","link":"https:\/\/jinhuaceramic.com\/es\/product\/ceramic-soap-dispenser-wholesale\/","title":{"rendered":"Dispensador de jab\u00f3n mate de alta calidad al por mayor, Botella dispensadora de espuma de cer\u00e1mica al por mayor"},"content":{"rendered":"<div class=\"wp-block-columns is-layout-flex wp-container-core-columns-is-layout-9d6595d7 wp-block-columns-is-layout-flex\">\n<div class=\"wp-block-column is-layout-flow wp-block-column-is-layout-flow\">\n<h3 class=\"wp-block-heading\">Dispensador de jab\u00f3n Premium al por mayor Caracter\u00edsticas:<\/h3>\n\n\n\n<ul class=\"wp-block-list\">\n<li><strong>Superficie mate, textura de alta gama:<\/strong> Este dispensador de jab\u00f3n de cer\u00e1mica al por mayor utiliza un elegante tratamiento de esmalte mate, que aporta un suave efecto visual y un tacto exquisito, mostrando una textura de alta gama, adecuada para familias preocupadas por la calidad y hoteles de alta gama.<\/li>\n\n\n\n<li><strong>Ahorro de dosis gracias a su eficaz acci\u00f3n espumante: <\/strong>Esta botella dispensadora de espuma al por mayor ahorra cantidad de dosificaci\u00f3n y su uso es m\u00e1s eficaz. En comparaci\u00f3n con el l\u00edquido directo, es mucho m\u00e1s f\u00e1cil de aplicar y limpiar la espuma, lo que proporciona una mejor experiencia de usuario y ahorra recursos con un valor medioambiental mejorado.<\/li>\n\n\n\n<li><strong>Duradero y suave: <\/strong>Nuestro dispensador de jab\u00f3n al por mayor est\u00e1 fabricado con materiales cer\u00e1micos de alta calidad, lo que garantiza un rendimiento duradero y resistencia a las manchas. La superficie es lisa y muy f\u00e1cil de limpiar, capaz de permanecer brillante y nueva durante bastante tiempo, adecuada para hoteles y cuartos de ba\u00f1o dom\u00e9sticos donde se enfrenta a un uso frecuente.<\/li>\n\n\n\n<li><strong>Varios colores: <\/strong>Esta botella dispensadora de espuma al por mayor tiene muchos colores diferentes en mate y se puede aplicar a diferentes estilos de decoraci\u00f3n de interiores, desde la simplicidad moderna al estilo retro que podr\u00edan combinarse perfectamente, ayudando a los clientes a personalizar f\u00e1cilmente los productos que satisfagan las necesidades personalizadas.<\/li>\n<\/ul>\n<\/div>\n\n\n\n<div class=\"wp-block-column is-layout-flow wp-block-column-is-layout-flow\">\n<figure class=\"wp-block-image size-full\"><img fetchpriority=\"high\" decoding=\"async\" width=\"800\" height=\"1033\" src=\"https:\/\/jinhuaceramic.com\/wp-content\/uploads\/2024\/07\/soap-dispensers.webp\" alt=\"Dispensador de Jab\u00f3n Mate Premium al por mayor, Botella Dispensadora de Espuma de Cer\u00e1mica al por mayor-1\" class=\"wp-image-5270\" srcset=\"https:\/\/jinhuaceramic.com\/wp-content\/uploads\/2024\/07\/soap-dispensers.webp 800w, https:\/\/jinhuaceramic.com\/wp-content\/uploads\/2024\/07\/soap-dispensers-232x300.webp 232w, https:\/\/jinhuaceramic.com\/wp-content\/uploads\/2024\/07\/soap-dispensers-768x992.webp 768w, https:\/\/jinhuaceramic.com\/wp-content\/uploads\/2024\/07\/soap-dispensers-9x12.webp 9w, https:\/\/jinhuaceramic.com\/wp-content\/uploads\/2024\/07\/soap-dispensers-285x368.webp 285w, https:\/\/jinhuaceramic.com\/wp-content\/uploads\/2024\/07\/soap-dispensers-511x660.webp 511w, https:\/\/jinhuaceramic.com\/wp-content\/uploads\/2024\/07\/soap-dispensers-116x150.webp 116w\" sizes=\"(max-width: 800px) 100vw, 800px\" \/><\/figure>\n<\/div>\n<\/div>","protected":false},"excerpt":{"rendered":"<p>Bienvenido a comprar dispensador de jab\u00f3n al por mayor. Esta botella dispensadora de espuma de cer\u00e1mica mate al por mayor equipa una textura de alta gama con practicidad. Hecho de cer\u00e1mica de alta calidad, duradero y f\u00e1cil de limpiar. Varios colores lo convierten en un accesorio de ba\u00f1o ideal para un hogar y un hotel de alta gama.<\/p>","protected":false},"featured_media":5266,"comment_status":"closed","ping_status":"closed","template":"","meta":{"_acf_changed":false},"product_brand":[],"product_cat":[51],"product_tag":[73],"class_list":{"0":"post-5264","1":"product","2":"type-product","3":"status-publish","4":"has-post-thumbnail","6":"product_cat-bathroom-accessories-wholesale","7":"product_tag-custom-soap-dispensers","9":"first","10":"instock","11":"shipping-taxable","12":"product-type-simple"},"acf":[],"_links":{"self":[{"href":"https:\/\/jinhuaceramic.com\/es\/wp-json\/wp\/v2\/product\/5264","targetHints":{"allow":["GET"]}}],"collection":[{"href":"https:\/\/jinhuaceramic.com\/es\/wp-json\/wp\/v2\/product"}],"about":[{"href":"https:\/\/jinhuaceramic.com\/es\/wp-json\/wp\/v2\/types\/product"}],"replies":[{"embeddable":true,"href":"https:\/\/jinhuaceramic.com\/es\/wp-json\/wp\/v2\/comments?post=5264"}],"version-history":[{"count":0,"href":"https:\/\/jinhuaceramic.com\/es\/wp-json\/wp\/v2\/product\/5264\/revisions"}],"wp:featuredmedia":[{"embeddable":true,"href":"https:\/\/jinhuaceramic.com\/es\/wp-json\/wp\/v2\/media\/5266"}],"wp:attachment":[{"href":"https:\/\/jinhuaceramic.com\/es\/wp-json\/wp\/v2\/media?parent=5264"}],"wp:term":[{"taxonomy":"product_brand","embeddable":true,"href":"https:\/\/jinhuaceramic.com\/es\/wp-json\/wp\/v2\/product_brand?post=5264"},{"taxonomy":"product_cat","embeddable":true,"href":"https:\/\/jinhuaceramic.com\/es\/wp-json\/wp\/v2\/product_cat?post=5264"},{"taxonomy":"product_tag","embeddable":true,"href":"https:\/\/jinhuaceramic.com\/es\/wp-json\/wp\/v2\/product_tag?post=5264"}],"curies":[{"name":"wp","href":"https:\/\/api.w.org\/{rel}","templated":true}]}}