{"id":5273,"date":"2024-07-13T08:56:02","date_gmt":"2024-07-13T08:56:02","guid":{"rendered":"https:\/\/jinhuaceramic.com\/?post_type=product&#038;p=5273"},"modified":"2024-10-15T04:11:13","modified_gmt":"2024-10-15T04:11:13","slug":"custom-ceramic-candle-jars-in-bulk","status":"publish","type":"product","link":"https:\/\/jinhuaceramic.com\/es\/product\/custom-ceramic-candle-jars-in-bulk\/","title":{"rendered":"Tarros de Velas Exquisitas a Granel, Mayorista Tarros de Velas con Tapa"},"content":{"rendered":"<div class=\"wp-block-columns is-layout-flex wp-container-core-columns-is-layout-9d6595d7 wp-block-columns-is-layout-flex\">\n<div class=\"wp-block-column is-layout-flow wp-block-column-is-layout-flow\">\n<h3 class=\"wp-block-heading\">Tarros de Vela Premium a Granel Caracter\u00edsticas:<\/h3>\n\n\n\n<ul class=\"wp-block-list\">\n<li><strong>Exquisito dise\u00f1o minimalista: <\/strong>Estos tarros de velas a granel adoptan un concepto de dise\u00f1o minimalista, y sus l\u00edneas suaves y aspecto sencillo los hacen lucir elegantes y con estilo en cualquier entorno. Tanto si se trata de un hogar moderno como de una oficina o un lugar de alto nivel, pueden integrarse f\u00e1cilmente para realzar la belleza del espacio en general.<\/li>\n\n\n\n<li><strong>Satisfacer necesidades personalizadas: <\/strong>Ofrecemos una gran variedad de opciones de color para los tarros de velas con tapa al por mayor, lo que permite a los clientes elegir de acuerdo con diferentes estilos de decoraci\u00f3n y preferencias personales. Ya sea negro cl\u00e1sico, blanco y gris, o colores brillantes de moda, se puede encontrar un estilo adecuado para satisfacer diversas necesidades de dise\u00f1o.<\/li>\n\n\n\n<li><strong>Viene con un dise\u00f1o de tapa, pr\u00e1ctico y seguro: <\/strong>Cada uno de nuestros tarros de velas a granel est\u00e1 equipado con una tapa de cer\u00e1mica que garantiza que la vela no quede expuesta al polvo y la contaminaci\u00f3n cuando no se utiliza, y tambi\u00e9n ayuda a mantener la durabilidad del aroma. El dise\u00f1o de la tapa no s\u00f3lo es pr\u00e1ctico, sino que tambi\u00e9n a\u00f1ade una sensaci\u00f3n de refinamiento al aspecto general.<\/li>\n\n\n\n<li><strong>Adaptarse a las necesidades comerciales: <\/strong>Apoyamos la venta al por mayor de tarros de vela con tapa al por mayor, proporcionando a los clientes comerciales un suministro estable de productos. Adem\u00e1s, se puede personalizar seg\u00fan las necesidades del cliente, proporcionando colores personalizados e impresi\u00f3n de Logotipos para ayudar a las marcas a mostrar una imagen \u00fanica.<\/li>\n<\/ul>\n<\/div>\n\n\n\n<div class=\"wp-block-column is-layout-flow wp-block-column-is-layout-flow\">\n<figure class=\"wp-block-image size-full\"><img fetchpriority=\"high\" decoding=\"async\" width=\"800\" height=\"800\" src=\"https:\/\/jinhuaceramic.com\/wp-content\/uploads\/2024\/07\/ceramic-candle-jar-with-lid.webp\" alt=\"Exquisitos Tarros Para Velas Al Por Mayor, Mayorista Tarros Para Velas Con Tapa-1\" class=\"wp-image-5276\" srcset=\"https:\/\/jinhuaceramic.com\/wp-content\/uploads\/2024\/07\/ceramic-candle-jar-with-lid.webp 800w, https:\/\/jinhuaceramic.com\/wp-content\/uploads\/2024\/07\/ceramic-candle-jar-with-lid-300x300.webp 300w, https:\/\/jinhuaceramic.com\/wp-content\/uploads\/2024\/07\/ceramic-candle-jar-with-lid-150x150.webp 150w, https:\/\/jinhuaceramic.com\/wp-content\/uploads\/2024\/07\/ceramic-candle-jar-with-lid-768x768.webp 768w, https:\/\/jinhuaceramic.com\/wp-content\/uploads\/2024\/07\/ceramic-candle-jar-with-lid-12x12.webp 12w, https:\/\/jinhuaceramic.com\/wp-content\/uploads\/2024\/07\/ceramic-candle-jar-with-lid-285x285.webp 285w, https:\/\/jinhuaceramic.com\/wp-content\/uploads\/2024\/07\/ceramic-candle-jar-with-lid-270x270.webp 270w, https:\/\/jinhuaceramic.com\/wp-content\/uploads\/2024\/07\/ceramic-candle-jar-with-lid-540x540.webp 540w, https:\/\/jinhuaceramic.com\/wp-content\/uploads\/2024\/07\/ceramic-candle-jar-with-lid-660x660.webp 660w\" sizes=\"(max-width: 800px) 100vw, 800px\" \/><\/figure>\n<\/div>\n<\/div>","protected":false},"excerpt":{"rendered":"<p>Bienvenido a comprar al por mayor tarros para velas con tapa. Nuestros exquisitos tarros para velas al por mayor presentan un dise\u00f1o minimalista adecuado para diversos entornos dom\u00e9sticos y comerciales. Est\u00e1n disponibles en varios colores para satisfacer las necesidades individuales. Est\u00e1n equipados con pr\u00e1cticas tapas para garantizar el uso seguro de las velas y mantener su fragancia. Se admiten compras al por mayor y servicios personalizados.<\/p>","protected":false},"featured_media":5275,"comment_status":"closed","ping_status":"closed","template":"","meta":{"_acf_changed":false},"product_brand":[],"product_cat":[52],"product_tag":[67,66],"class_list":{"0":"post-5273","1":"product","2":"type-product","3":"status-publish","4":"has-post-thumbnail","6":"product_cat-wholesale-candle-containers","7":"product_tag-bulk-candle-jars-with-lids","8":"product_tag-candle-jars-wholesale","10":"first","11":"instock","12":"shipping-taxable","13":"product-type-simple"},"acf":[],"_links":{"self":[{"href":"https:\/\/jinhuaceramic.com\/es\/wp-json\/wp\/v2\/product\/5273","targetHints":{"allow":["GET"]}}],"collection":[{"href":"https:\/\/jinhuaceramic.com\/es\/wp-json\/wp\/v2\/product"}],"about":[{"href":"https:\/\/jinhuaceramic.com\/es\/wp-json\/wp\/v2\/types\/product"}],"replies":[{"embeddable":true,"href":"https:\/\/jinhuaceramic.com\/es\/wp-json\/wp\/v2\/comments?post=5273"}],"version-history":[{"count":0,"href":"https:\/\/jinhuaceramic.com\/es\/wp-json\/wp\/v2\/product\/5273\/revisions"}],"wp:featuredmedia":[{"embeddable":true,"href":"https:\/\/jinhuaceramic.com\/es\/wp-json\/wp\/v2\/media\/5275"}],"wp:attachment":[{"href":"https:\/\/jinhuaceramic.com\/es\/wp-json\/wp\/v2\/media?parent=5273"}],"wp:term":[{"taxonomy":"product_brand","embeddable":true,"href":"https:\/\/jinhuaceramic.com\/es\/wp-json\/wp\/v2\/product_brand?post=5273"},{"taxonomy":"product_cat","embeddable":true,"href":"https:\/\/jinhuaceramic.com\/es\/wp-json\/wp\/v2\/product_cat?post=5273"},{"taxonomy":"product_tag","embeddable":true,"href":"https:\/\/jinhuaceramic.com\/es\/wp-json\/wp\/v2\/product_tag?post=5273"}],"curies":[{"name":"wp","href":"https:\/\/api.w.org\/{rel}","templated":true}]}}