{"id":5293,"date":"2024-07-17T06:12:04","date_gmt":"2024-07-17T06:12:04","guid":{"rendered":"https:\/\/jinhuaceramic.com\/?post_type=product&#038;p=5293"},"modified":"2025-03-10T08:53:24","modified_gmt":"2025-03-10T08:53:24","slug":"ceramic-baking-dish-wholesale","status":"publish","type":"product","link":"https:\/\/jinhuaceramic.com\/es\/product\/ceramic-baking-dish-wholesale\/","title":{"rendered":"Plato de cer\u00e1mica para hornear al por mayor, moldes antiadherentes para hornear al por mayor"},"content":{"rendered":"<div class=\"wp-block-columns is-layout-flex wp-container-core-columns-is-layout-9d6595d7 wp-block-columns-is-layout-flex\">\n<div class=\"wp-block-column is-layout-flow wp-block-column-is-layout-flow\">\n<h3 class=\"wp-block-heading\">Plato de cer\u00e1mica para hornear al por mayor Caracter\u00edsticas:<\/h3>\n\n\n\n<ul class=\"wp-block-list\">\n<li><strong>Dise\u00f1o elegante:<\/strong> Nuestro plato de cer\u00e1mica para hornear al por mayor tiene un dise\u00f1o elegante con un aspecto estilizado y moderno, que combina bien con cualquier decoraci\u00f3n de cocina. Por fuera, presenta una textura martillada, mientras que por dentro contiene crestas elevadas y paralelas para asar a la parrilla.<\/li>\n\n\n\n<li><strong>Tama\u00f1o perfecto: <\/strong>Este molde al por mayor, profundo y espacioso, es ideal para preparar guisos familiares, lasa\u00f1as, gratinados y mucho m\u00e1s. Est\u00e1 disponible en dos tama\u00f1os para satisfacer diferentes necesidades culinarias.<\/li>\n\n\n\n<li><strong>Material cer\u00e1mico de primera calidad: <\/strong>Nuestro plato de cer\u00e1mica para hornear al por mayor est\u00e1 hecho de arcilla cer\u00e1mica de alta calidad. Son duraderos, resistentes a altas temperaturas y sin hojas. Se puede poner con seguridad en ambos microondas y hornos convencionales, en el lavavajillas y en el refrigerador.<\/li>\n\n\n\n<li><strong>C\u00f3modas asas:<\/strong> Dispone de dos c\u00f3modas asas para trasladar estos moldes al por mayor del horno a la mesa. Tiene un bonito aspecto, por lo que se utiliza como fuente para hornear y servir.<\/li>\n<\/ul>\n<\/div>\n\n\n\n<div class=\"wp-block-column is-layout-flow wp-block-column-is-layout-flow\">\n<figure class=\"wp-block-image size-full\"><img fetchpriority=\"high\" decoding=\"async\" width=\"1410\" height=\"1410\" src=\"https:\/\/jinhuaceramic.com\/wp-content\/uploads\/2024\/07\/ceramic-bakeware-set.webp\" alt=\"Juego de fuentes de cer\u00e1mica antiadherente para horno\" class=\"wp-image-5297\" srcset=\"https:\/\/jinhuaceramic.com\/wp-content\/uploads\/2024\/07\/ceramic-bakeware-set.webp 1410w, https:\/\/jinhuaceramic.com\/wp-content\/uploads\/2024\/07\/ceramic-bakeware-set-300x300.webp 300w, https:\/\/jinhuaceramic.com\/wp-content\/uploads\/2024\/07\/ceramic-bakeware-set-150x150.webp 150w, https:\/\/jinhuaceramic.com\/wp-content\/uploads\/2024\/07\/ceramic-bakeware-set-768x768.webp 768w, https:\/\/jinhuaceramic.com\/wp-content\/uploads\/2024\/07\/ceramic-bakeware-set-12x12.webp 12w, https:\/\/jinhuaceramic.com\/wp-content\/uploads\/2024\/07\/ceramic-bakeware-set-285x285.webp 285w, https:\/\/jinhuaceramic.com\/wp-content\/uploads\/2024\/07\/ceramic-bakeware-set-270x270.webp 270w, https:\/\/jinhuaceramic.com\/wp-content\/uploads\/2024\/07\/ceramic-bakeware-set-540x540.webp 540w, https:\/\/jinhuaceramic.com\/wp-content\/uploads\/2024\/07\/ceramic-bakeware-set-660x660.webp 660w\" sizes=\"(max-width: 1410px) 100vw, 1410px\" \/><\/figure>\n<\/div>\n<\/div>","protected":false},"excerpt":{"rendered":"<p>Bienvenido a comprar bandejas para hornear al por mayor. Esta fuente de cer\u00e1mica para hornear al por mayor es s\u00faper popular debido a su elegante dise\u00f1o, material cer\u00e1mico duradero y tama\u00f1o perfecto. Pr\u00e1ctico y elegante, todo el conjunto de utensilios para hornear elevar\u00e1 su rendimiento en la cocina y la experiencia, ya sea en la cocina com\u00fan diaria o cocinar ocasiones especiales.<\/p>","protected":false},"featured_media":5295,"comment_status":"closed","ping_status":"closed","template":"","meta":{"_acf_changed":false},"product_brand":[],"product_cat":[53],"product_tag":[71],"class_list":{"0":"post-5293","1":"product","2":"type-product","3":"status-publish","4":"has-post-thumbnail","6":"product_cat-bakeware-in-bulk","7":"product_tag-wholesale-baking-pans","9":"first","10":"instock","11":"shipping-taxable","12":"product-type-simple"},"acf":[],"_links":{"self":[{"href":"https:\/\/jinhuaceramic.com\/es\/wp-json\/wp\/v2\/product\/5293","targetHints":{"allow":["GET"]}}],"collection":[{"href":"https:\/\/jinhuaceramic.com\/es\/wp-json\/wp\/v2\/product"}],"about":[{"href":"https:\/\/jinhuaceramic.com\/es\/wp-json\/wp\/v2\/types\/product"}],"replies":[{"embeddable":true,"href":"https:\/\/jinhuaceramic.com\/es\/wp-json\/wp\/v2\/comments?post=5293"}],"version-history":[{"count":0,"href":"https:\/\/jinhuaceramic.com\/es\/wp-json\/wp\/v2\/product\/5293\/revisions"}],"wp:featuredmedia":[{"embeddable":true,"href":"https:\/\/jinhuaceramic.com\/es\/wp-json\/wp\/v2\/media\/5295"}],"wp:attachment":[{"href":"https:\/\/jinhuaceramic.com\/es\/wp-json\/wp\/v2\/media?parent=5293"}],"wp:term":[{"taxonomy":"product_brand","embeddable":true,"href":"https:\/\/jinhuaceramic.com\/es\/wp-json\/wp\/v2\/product_brand?post=5293"},{"taxonomy":"product_cat","embeddable":true,"href":"https:\/\/jinhuaceramic.com\/es\/wp-json\/wp\/v2\/product_cat?post=5293"},{"taxonomy":"product_tag","embeddable":true,"href":"https:\/\/jinhuaceramic.com\/es\/wp-json\/wp\/v2\/product_tag?post=5293"}],"curies":[{"name":"wp","href":"https:\/\/api.w.org\/{rel}","templated":true}]}}