{"id":5369,"date":"2024-07-17T06:18:21","date_gmt":"2024-07-17T06:18:21","guid":{"rendered":"https:\/\/jinhuaceramic.com\/?post_type=product&#038;p=5369"},"modified":"2024-09-21T04:08:20","modified_gmt":"2024-09-21T04:08:20","slug":"custom-ceramic-bathroom-sets-in-bulk","status":"publish","type":"product","link":"https:\/\/jinhuaceramic.com\/es\/product\/custom-ceramic-bathroom-sets-in-bulk\/","title":{"rendered":"Conjuntos de ba\u00f1o de cer\u00e1mica a medida de 6 piezas a granel para la decoraci\u00f3n del tocador"},"content":{"rendered":"<div class=\"wp-block-columns is-layout-flex wp-container-core-columns-is-layout-9d6595d7 wp-block-columns-is-layout-flex\">\n<div class=\"wp-block-column is-layout-flow wp-block-column-is-layout-flow\">\n<h3 class=\"wp-block-heading\">Premium Custom Juegos de ba\u00f1o de cer\u00e1mica Caracter\u00edsticas:<\/h3>\n\n\n\n<ul class=\"wp-block-list\">\n<li><strong>Dise\u00f1o atemporal:<\/strong> Estos juegos de ba\u00f1o de cer\u00e1mica a medida presentan un acabado blanco brillante con sutiles estr\u00edas verticales, que a\u00f1aden un aspecto texturizado elegante y atemporal. El color neutro permite que estos accesorios de ba\u00f1o combinen a la perfecci\u00f3n con una gran variedad de estilos de ba\u00f1o, desde minimalistas hasta lujosos.<\/li>\n\n\n\n<li><strong>Juego completo de 6 piezas:<\/strong> Estos sets de ba\u00f1o al por mayor incluyen dispensadores de jab\u00f3n, vasos para enjuague bucal, portacepillos de dientes, tarros de almacenaje, jaboneras y cajas para pa\u00f1uelos, que garantizan que todos sus accesorios de ba\u00f1o tengan el mismo estilo y est\u00e9n organizados.<\/li>\n\n\n\n<li><strong>Material de alta calidad:<\/strong> Estos juegos de ba\u00f1o personalizados a granel est\u00e1n fabricados con material cer\u00e1mico de alta calidad, duradero para un uso repetido a largo plazo y resistente a la corrosi\u00f3n y los ara\u00f1azos.<\/li>\n\n\n\n<li><strong>F\u00e1cil de limpiar:<\/strong> Estos juegos de ba\u00f1o de cer\u00e1mica al por mayor tienen una superficie lisa y son f\u00e1ciles de limpiar, por lo que mantendr\u00e1n su ba\u00f1o limpio, libre de g\u00e9rmenes e higi\u00e9nico durante mucho tiempo.<\/li>\n<\/ul>\n<\/div>\n\n\n\n<div class=\"wp-block-column is-layout-flow wp-block-column-is-layout-flow\">\n<figure class=\"wp-block-image size-full\"><img fetchpriority=\"high\" decoding=\"async\" width=\"1500\" height=\"1500\" src=\"https:\/\/jinhuaceramic.com\/wp-content\/uploads\/2024\/07\/bathroom-accessory-set.webp\" alt=\"conjuntos de ba\u00f1o de cer\u00e1mica a medida a granel para decoraci\u00f3n de tocador\" class=\"wp-image-5370\" srcset=\"https:\/\/jinhuaceramic.com\/wp-content\/uploads\/2024\/07\/bathroom-accessory-set.webp 1500w, https:\/\/jinhuaceramic.com\/wp-content\/uploads\/2024\/07\/bathroom-accessory-set-300x300.webp 300w, https:\/\/jinhuaceramic.com\/wp-content\/uploads\/2024\/07\/bathroom-accessory-set-150x150.webp 150w, https:\/\/jinhuaceramic.com\/wp-content\/uploads\/2024\/07\/bathroom-accessory-set-768x768.webp 768w, https:\/\/jinhuaceramic.com\/wp-content\/uploads\/2024\/07\/bathroom-accessory-set-12x12.webp 12w, https:\/\/jinhuaceramic.com\/wp-content\/uploads\/2024\/07\/bathroom-accessory-set-285x285.webp 285w, https:\/\/jinhuaceramic.com\/wp-content\/uploads\/2024\/07\/bathroom-accessory-set-270x270.webp 270w, https:\/\/jinhuaceramic.com\/wp-content\/uploads\/2024\/07\/bathroom-accessory-set-540x540.webp 540w, https:\/\/jinhuaceramic.com\/wp-content\/uploads\/2024\/07\/bathroom-accessory-set-660x660.webp 660w\" sizes=\"(max-width: 1500px) 100vw, 1500px\" \/><\/figure>\n<\/div>\n<\/div>","protected":false},"excerpt":{"rendered":"<p>Estos juegos de ba\u00f1o de cer\u00e1mica personalizados a granel son populares por su dise\u00f1o elegante y exclusivo, su fabricaci\u00f3n en cer\u00e1mica duradera, su f\u00e1cil limpieza y su sencillo mantenimiento. Cada accesorio de estos conjuntos de ba\u00f1o tiene su papel en la mejora de la decoraci\u00f3n del ba\u00f1o mientras que lo hace organizado.<\/p>","protected":false},"featured_media":5372,"comment_status":"closed","ping_status":"closed","template":"","meta":{"_acf_changed":false},"product_brand":[],"product_cat":[51],"product_tag":[74],"class_list":{"0":"post-5369","1":"product","2":"type-product","3":"status-publish","4":"has-post-thumbnail","6":"product_cat-bathroom-accessories-wholesale","7":"product_tag-ceramic-bath-accessories-wholesale","9":"first","10":"instock","11":"shipping-taxable","12":"product-type-simple"},"acf":[],"_links":{"self":[{"href":"https:\/\/jinhuaceramic.com\/es\/wp-json\/wp\/v2\/product\/5369","targetHints":{"allow":["GET"]}}],"collection":[{"href":"https:\/\/jinhuaceramic.com\/es\/wp-json\/wp\/v2\/product"}],"about":[{"href":"https:\/\/jinhuaceramic.com\/es\/wp-json\/wp\/v2\/types\/product"}],"replies":[{"embeddable":true,"href":"https:\/\/jinhuaceramic.com\/es\/wp-json\/wp\/v2\/comments?post=5369"}],"version-history":[{"count":0,"href":"https:\/\/jinhuaceramic.com\/es\/wp-json\/wp\/v2\/product\/5369\/revisions"}],"wp:featuredmedia":[{"embeddable":true,"href":"https:\/\/jinhuaceramic.com\/es\/wp-json\/wp\/v2\/media\/5372"}],"wp:attachment":[{"href":"https:\/\/jinhuaceramic.com\/es\/wp-json\/wp\/v2\/media?parent=5369"}],"wp:term":[{"taxonomy":"product_brand","embeddable":true,"href":"https:\/\/jinhuaceramic.com\/es\/wp-json\/wp\/v2\/product_brand?post=5369"},{"taxonomy":"product_cat","embeddable":true,"href":"https:\/\/jinhuaceramic.com\/es\/wp-json\/wp\/v2\/product_cat?post=5369"},{"taxonomy":"product_tag","embeddable":true,"href":"https:\/\/jinhuaceramic.com\/es\/wp-json\/wp\/v2\/product_tag?post=5369"}],"curies":[{"name":"wp","href":"https:\/\/api.w.org\/{rel}","templated":true}]}}