{"id":5379,"date":"2024-07-17T06:21:58","date_gmt":"2024-07-17T06:21:58","guid":{"rendered":"https:\/\/jinhuaceramic.com\/?post_type=product&#038;p=5379"},"modified":"2024-09-21T03:38:09","modified_gmt":"2024-09-21T03:38:09","slug":"wholesale-ceramic-candle-jar-in-bulk","status":"publish","type":"product","link":"https:\/\/jinhuaceramic.com\/es\/product\/wholesale-ceramic-candle-jar-in-bulk\/","title":{"rendered":"Mayorista Tarro De Cer\u00e1mica Con Dise\u00f1o A Cuadros Al Por Mayor"},"content":{"rendered":"<div class=\"wp-block-columns is-layout-flex wp-container-core-columns-is-layout-9d6595d7 wp-block-columns-is-layout-flex\">\n<div class=\"wp-block-column is-layout-flow wp-block-column-is-layout-flow\">\n<h3 class=\"wp-block-heading\">Tarro de cer\u00e1mica de la vela de la prima al por mayor Caracter\u00edsticas:<\/h3>\n\n\n\n<ul class=\"wp-block-list\">\n<li><strong>Dise\u00f1o \u00fanico: <\/strong>Estos tarros para velas al por mayor presentan un exclusivo dise\u00f1o a cuadros, disponible en una gran variedad de vivos colores. Estos tarros para velas tienen forma cil\u00edndrica y son ligeramente c\u00f3nicos en la parte superior, con una amplia abertura para encender y apagar las velas con facilidad.<\/li>\n\n\n\n<li><strong>Materiales de primera calidad: <\/strong>Estos tarros para velas a granel est\u00e1n fabricados con material cer\u00e1mico apto para uso alimentario, recubierto con un esmalte no t\u00f3xico, duradero, no se decolora y resistente a altas temperaturas.<\/li>\n\n\n\n<li><strong>Respetuoso con el medio ambiente: <\/strong>Estos tarros de cer\u00e1mica para velas al por mayor est\u00e1n hechos de arcilla cer\u00e1mica natural y respetuosa con el medio ambiente, que es reutilizable. Muy pr\u00e1cticos para guardar y sacar, y tambi\u00e9n f\u00e1ciles de llenar y rellenar.<\/li>\n\n\n\n<li><strong>Ventajas de la venta al por mayor:<\/strong> Como fabricante profesional de tarros de cer\u00e1mica para velas, Jinhua ofrece tarros para velas al por mayor con ventaja de precio, proporcionando a las empresas una opci\u00f3n de compra asequible que ayuda a reducir costes y aumentar beneficios.<\/li>\n<\/ul>\n<\/div>\n\n\n\n<div class=\"wp-block-column is-layout-flow wp-block-column-is-layout-flow\">\n<figure class=\"wp-block-image size-full\"><img fetchpriority=\"high\" decoding=\"async\" width=\"981\" height=\"981\" src=\"https:\/\/jinhuaceramic.com\/wp-content\/uploads\/2024\/07\/ceramic-candle-jars-1.webp\" alt=\"Mayorista - Portavelas de cer\u00e1mica con dise\u00f1o a granel\" class=\"wp-image-5385\" srcset=\"https:\/\/jinhuaceramic.com\/wp-content\/uploads\/2024\/07\/ceramic-candle-jars-1.webp 981w, https:\/\/jinhuaceramic.com\/wp-content\/uploads\/2024\/07\/ceramic-candle-jars-1-300x300.webp 300w, https:\/\/jinhuaceramic.com\/wp-content\/uploads\/2024\/07\/ceramic-candle-jars-1-150x150.webp 150w, https:\/\/jinhuaceramic.com\/wp-content\/uploads\/2024\/07\/ceramic-candle-jars-1-768x768.webp 768w, https:\/\/jinhuaceramic.com\/wp-content\/uploads\/2024\/07\/ceramic-candle-jars-1-12x12.webp 12w, https:\/\/jinhuaceramic.com\/wp-content\/uploads\/2024\/07\/ceramic-candle-jars-1-285x285.webp 285w, https:\/\/jinhuaceramic.com\/wp-content\/uploads\/2024\/07\/ceramic-candle-jars-1-270x270.webp 270w, https:\/\/jinhuaceramic.com\/wp-content\/uploads\/2024\/07\/ceramic-candle-jars-1-540x540.webp 540w, https:\/\/jinhuaceramic.com\/wp-content\/uploads\/2024\/07\/ceramic-candle-jars-1-660x660.webp 660w\" sizes=\"(max-width: 981px) 100vw, 981px\" \/><\/figure>\n<\/div>\n<\/div>","protected":false},"excerpt":{"rendered":"<p>Estos tarros de cer\u00e1mica para velas al por mayor con dise\u00f1os \u00fanicos a cuadros son muy apreciados por su duradera construcci\u00f3n en cer\u00e1mica, su llamativo dise\u00f1o y su precio competitivo. Como fabricante, tambi\u00e9n ofrecemos servicios de personalizaci\u00f3n. Bienvenido a su consulta.<\/p>","protected":false},"featured_media":5384,"comment_status":"closed","ping_status":"closed","template":"","meta":{"_acf_changed":false},"product_brand":[],"product_cat":[52],"product_tag":[66],"class_list":{"0":"post-5379","1":"product","2":"type-product","3":"status-publish","4":"has-post-thumbnail","6":"product_cat-wholesale-candle-containers","7":"product_tag-candle-jars-wholesale","9":"first","10":"instock","11":"shipping-taxable","12":"product-type-simple"},"acf":[],"_links":{"self":[{"href":"https:\/\/jinhuaceramic.com\/es\/wp-json\/wp\/v2\/product\/5379","targetHints":{"allow":["GET"]}}],"collection":[{"href":"https:\/\/jinhuaceramic.com\/es\/wp-json\/wp\/v2\/product"}],"about":[{"href":"https:\/\/jinhuaceramic.com\/es\/wp-json\/wp\/v2\/types\/product"}],"replies":[{"embeddable":true,"href":"https:\/\/jinhuaceramic.com\/es\/wp-json\/wp\/v2\/comments?post=5379"}],"version-history":[{"count":0,"href":"https:\/\/jinhuaceramic.com\/es\/wp-json\/wp\/v2\/product\/5379\/revisions"}],"wp:featuredmedia":[{"embeddable":true,"href":"https:\/\/jinhuaceramic.com\/es\/wp-json\/wp\/v2\/media\/5384"}],"wp:attachment":[{"href":"https:\/\/jinhuaceramic.com\/es\/wp-json\/wp\/v2\/media?parent=5379"}],"wp:term":[{"taxonomy":"product_brand","embeddable":true,"href":"https:\/\/jinhuaceramic.com\/es\/wp-json\/wp\/v2\/product_brand?post=5379"},{"taxonomy":"product_cat","embeddable":true,"href":"https:\/\/jinhuaceramic.com\/es\/wp-json\/wp\/v2\/product_cat?post=5379"},{"taxonomy":"product_tag","embeddable":true,"href":"https:\/\/jinhuaceramic.com\/es\/wp-json\/wp\/v2\/product_tag?post=5379"}],"curies":[{"name":"wp","href":"https:\/\/api.w.org\/{rel}","templated":true}]}}