{"id":5412,"date":"2024-07-20T08:07:55","date_gmt":"2024-07-20T08:07:55","guid":{"rendered":"https:\/\/jinhuaceramic.com\/?post_type=product&#038;p=5412"},"modified":"2025-03-10T09:20:14","modified_gmt":"2025-03-10T09:20:14","slug":"wholesale-ceramic-baking-pan-set","status":"publish","type":"product","link":"https:\/\/jinhuaceramic.com\/es\/product\/wholesale-ceramic-baking-pan-set\/","title":{"rendered":"Juego de Sartenes de Cer\u00e1mica al por mayor, China Bakeware Bulk"},"content":{"rendered":"<div class=\"wp-block-columns is-layout-flex wp-container-core-columns-is-layout-9d6595d7 wp-block-columns-is-layout-flex\">\n<div class=\"wp-block-column is-layout-flow wp-block-column-is-layout-flow\">\n<h3 class=\"wp-block-heading\">Juego de sartenes de cer\u00e1mica al por mayor de primera calidad Caracter\u00edsticas:<\/h3>\n\n\n\n<ul class=\"wp-block-list\">\n<li><strong>Dise\u00f1o elegante: <\/strong>Estos juegos de moldes de cer\u00e1mica al por mayor son muy pr\u00e1cticos y, a la vez, muy elegantes. Los lados ligeramente m\u00e1s delicados, los bordes delicadamente festoneados y un patr\u00f3n ligeramente texturizado en los laterales confieren a estos moldes un atractivo est\u00e9tico adicional.<\/li>\n\n\n\n<li><strong>Construcci\u00f3n duradera: <\/strong>Estos moldes de cer\u00e1mica al por mayor est\u00e1n fabricados con material cer\u00e1mico de alta calidad resistente al calor. La construcci\u00f3n de cer\u00e1mica tambi\u00e9n resiste muy bien las grietas, lo que garantiza un rendimiento duradero.<\/li>\n\n\n\n<li><strong>Glaseado antiadherente: <\/strong>Estos juegos de bandejas de cer\u00e1mica al por mayor tienen un revestimiento antiadherente; por lo tanto, la liberaci\u00f3n de los productos horneados y la limpieza de utensilios para hornear despu\u00e9s de su uso es bastante f\u00e1cil.<\/li>\n\n\n\n<li><strong>Set vers\u00e1til: <\/strong>Contiene diferentes tama\u00f1os de bandejas de cer\u00e1mica para hornear al por mayor para diferentes recetas, como cazuela, pollo asado, pan al horno, lasa\u00f1a de carne asada, verduras asadas, para sus diferentes necesidades de horneado.<\/li>\n<\/ul>\n<\/div>\n\n\n\n<div class=\"wp-block-column is-layout-flow wp-block-column-is-layout-flow\">\n<figure class=\"wp-block-image size-full\"><img fetchpriority=\"high\" decoding=\"async\" width=\"1001\" height=\"1001\" src=\"https:\/\/jinhuaceramic.com\/wp-content\/uploads\/2024\/07\/baking-dish-set-2.webp\" alt=\"venta al por mayor de utensilios de cer\u00e1mica para hornear de 4 tama\u00f1os\" class=\"wp-image-5405\" srcset=\"https:\/\/jinhuaceramic.com\/wp-content\/uploads\/2024\/07\/baking-dish-set-2.webp 1001w, https:\/\/jinhuaceramic.com\/wp-content\/uploads\/2024\/07\/baking-dish-set-2-300x300.webp 300w, https:\/\/jinhuaceramic.com\/wp-content\/uploads\/2024\/07\/baking-dish-set-2-150x150.webp 150w, https:\/\/jinhuaceramic.com\/wp-content\/uploads\/2024\/07\/baking-dish-set-2-768x768.webp 768w, https:\/\/jinhuaceramic.com\/wp-content\/uploads\/2024\/07\/baking-dish-set-2-12x12.webp 12w, https:\/\/jinhuaceramic.com\/wp-content\/uploads\/2024\/07\/baking-dish-set-2-285x285.webp 285w, https:\/\/jinhuaceramic.com\/wp-content\/uploads\/2024\/07\/baking-dish-set-2-270x270.webp 270w, https:\/\/jinhuaceramic.com\/wp-content\/uploads\/2024\/07\/baking-dish-set-2-540x540.webp 540w, https:\/\/jinhuaceramic.com\/wp-content\/uploads\/2024\/07\/baking-dish-set-2-660x660.webp 660w\" sizes=\"(max-width: 1001px) 100vw, 1001px\" \/><\/figure>\n<\/div>\n<\/div>","protected":false},"excerpt":{"rendered":"<p>Bienvenido a comprar moldes de cer\u00e1mica para hornear. Estos juegos de cacerolas de cer\u00e1mica para hornear al por mayor pueden satisfacer diversas necesidades de horneado. Es libre de plomo y no t\u00f3xico para garantizar la seguridad alimentaria. Dise\u00f1os resistentes a altas temperaturas para hornos y hornos de microondas, robusto y duradero, ser\u00e1 una gran opci\u00f3n para el hogar y hornear comercial.<\/p>","protected":false},"featured_media":5410,"comment_status":"closed","ping_status":"closed","template":"","meta":{"_acf_changed":false},"product_brand":[],"product_cat":[53],"product_tag":[71],"class_list":{"0":"post-5412","1":"product","2":"type-product","3":"status-publish","4":"has-post-thumbnail","6":"product_cat-bakeware-in-bulk","7":"product_tag-wholesale-baking-pans","9":"first","10":"instock","11":"shipping-taxable","12":"product-type-simple"},"acf":[],"_links":{"self":[{"href":"https:\/\/jinhuaceramic.com\/es\/wp-json\/wp\/v2\/product\/5412","targetHints":{"allow":["GET"]}}],"collection":[{"href":"https:\/\/jinhuaceramic.com\/es\/wp-json\/wp\/v2\/product"}],"about":[{"href":"https:\/\/jinhuaceramic.com\/es\/wp-json\/wp\/v2\/types\/product"}],"replies":[{"embeddable":true,"href":"https:\/\/jinhuaceramic.com\/es\/wp-json\/wp\/v2\/comments?post=5412"}],"version-history":[{"count":0,"href":"https:\/\/jinhuaceramic.com\/es\/wp-json\/wp\/v2\/product\/5412\/revisions"}],"wp:featuredmedia":[{"embeddable":true,"href":"https:\/\/jinhuaceramic.com\/es\/wp-json\/wp\/v2\/media\/5410"}],"wp:attachment":[{"href":"https:\/\/jinhuaceramic.com\/es\/wp-json\/wp\/v2\/media?parent=5412"}],"wp:term":[{"taxonomy":"product_brand","embeddable":true,"href":"https:\/\/jinhuaceramic.com\/es\/wp-json\/wp\/v2\/product_brand?post=5412"},{"taxonomy":"product_cat","embeddable":true,"href":"https:\/\/jinhuaceramic.com\/es\/wp-json\/wp\/v2\/product_cat?post=5412"},{"taxonomy":"product_tag","embeddable":true,"href":"https:\/\/jinhuaceramic.com\/es\/wp-json\/wp\/v2\/product_tag?post=5412"}],"curies":[{"name":"wp","href":"https:\/\/api.w.org\/{rel}","templated":true}]}}