{"id":5415,"date":"2024-07-20T08:26:20","date_gmt":"2024-07-20T08:26:20","guid":{"rendered":"https:\/\/jinhuaceramic.com\/?post_type=product&#038;p=5415"},"modified":"2024-11-05T04:00:49","modified_gmt":"2024-11-05T04:00:49","slug":"factory-supply-bathroom-accessories-set","status":"publish","type":"product","link":"https:\/\/jinhuaceramic.com\/es\/product\/factory-supply-bathroom-accessories-set\/","title":{"rendered":"Suministro de f\u00e1brica Juego de accesorios de ba\u00f1o, Juego de ba\u00f1o personalizado con dise\u00f1o acanalado"},"content":{"rendered":"<div class=\"wp-block-columns is-layout-flex wp-container-core-columns-is-layout-9d6595d7 wp-block-columns-is-layout-flex\">\n<div class=\"wp-block-column is-layout-flow wp-block-column-is-layout-flow\">\n<h3 class=\"wp-block-heading\">Premium Factory Supply Juego de accesorios de ba\u00f1o Caracter\u00edsticas:<\/h3>\n\n\n\n<ul class=\"wp-block-list\">\n<li><strong>Exquisito dise\u00f1o a rayas, a la moda y moderno: <\/strong>Nuestro juego de accesorios de ba\u00f1o suministrado de f\u00e1brica adopta un exquisito dise\u00f1o a rayas; dado que el producto tiene una textura y estratificaci\u00f3n especiales, crea un efecto visual moderno y a la moda. Adem\u00e1s, las rayas realzan la belleza del producto para garantizar que las manos obtengan mucha comodidad al sostenerlo.<\/li>\n\n\n\n<li><strong>Servicio personalizado, flexible para satisfacer las necesidades: <\/strong>Nuestro juego de ba\u00f1o personalizado ofrece un dise\u00f1o personalizado de color, LOGO y estilo. Puede fabricarse de acuerdo con la propia marca de los clientes o su estilo en el cuarto de ba\u00f1o, mostrando perfectamente la imagen de marca personalizada. Es especialmente adecuado para las necesidades de hoteles de alta categor\u00eda y proyectos empresariales.<\/li>\n\n\n\n<li><strong>Material cer\u00e1mico de alta calidad, s\u00f3lido y duradero: <\/strong>Nuestro juego de accesorios de ba\u00f1o suministrado de f\u00e1brica est\u00e1 fabricado en cer\u00e1mica de alta calidad. Esto garantiza una excelente durabilidad y resistencia a la decoloraci\u00f3n. El producto puede seguir siendo brillante como nuevo y limpiarse f\u00e1cilmente incluso despu\u00e9s de un uso prolongado para mantenerlo durante una vida \u00fatil prolongada.<\/li>\n\n\n\n<li><strong>Accesorios de ba\u00f1o completos, funciones completas: <\/strong>Nuestro juego de ba\u00f1o personalizado incluye varios accesorios de ba\u00f1o de uso com\u00fan, como dispensadores de jab\u00f3n, jaboneras y vasos para cepillos de dientes. El dise\u00f1o es sencillo y pr\u00e1ctico, satisface las necesidades funcionales en la vida diaria y a\u00f1adir\u00e1 exquisitos efectos decorativos al espacio de ba\u00f1o.<\/li>\n<\/ul>\n<\/div>\n\n\n\n<div class=\"wp-block-column is-layout-flow wp-block-column-is-layout-flow\">\n<figure class=\"wp-block-image size-full\"><img fetchpriority=\"high\" decoding=\"async\" width=\"737\" height=\"737\" src=\"https:\/\/jinhuaceramic.com\/wp-content\/uploads\/2024\/07\/black-bathroom-set.webp\" alt=\"F\u00e1brica de suministro de accesorios de ba\u00f1o Set, Custom Bath Set con dise\u00f1o acanalado-1\" class=\"wp-image-5419\" srcset=\"https:\/\/jinhuaceramic.com\/wp-content\/uploads\/2024\/07\/black-bathroom-set.webp 737w, https:\/\/jinhuaceramic.com\/wp-content\/uploads\/2024\/07\/black-bathroom-set-300x300.webp 300w, https:\/\/jinhuaceramic.com\/wp-content\/uploads\/2024\/07\/black-bathroom-set-150x150.webp 150w, https:\/\/jinhuaceramic.com\/wp-content\/uploads\/2024\/07\/black-bathroom-set-12x12.webp 12w, https:\/\/jinhuaceramic.com\/wp-content\/uploads\/2024\/07\/black-bathroom-set-285x285.webp 285w, https:\/\/jinhuaceramic.com\/wp-content\/uploads\/2024\/07\/black-bathroom-set-270x270.webp 270w, https:\/\/jinhuaceramic.com\/wp-content\/uploads\/2024\/07\/black-bathroom-set-540x540.webp 540w, https:\/\/jinhuaceramic.com\/wp-content\/uploads\/2024\/07\/black-bathroom-set-660x660.webp 660w\" sizes=\"(max-width: 737px) 100vw, 737px\" \/><\/figure>\n<\/div>\n<\/div>\n\n\n\n<p><\/p>","protected":false},"excerpt":{"rendered":"<p>Bienvenido a comprar el juego de accesorios de ba\u00f1o suministrado por la f\u00e1brica. Este conjunto de ba\u00f1o personalizado con dise\u00f1o de rayas est\u00e1 de moda y \u00fanico, hecho de material cer\u00e1mico de alta calidad, que combina belleza y durabilidad. Apoyar los servicios personalizados, adecuados para la compra a granel de hoteles de alta gama y proyectos comerciales.<\/p>","protected":false},"featured_media":5418,"comment_status":"closed","ping_status":"closed","template":"","meta":{"_acf_changed":false},"product_brand":[],"product_cat":[51],"product_tag":[74],"class_list":{"0":"post-5415","1":"product","2":"type-product","3":"status-publish","4":"has-post-thumbnail","6":"product_cat-bathroom-accessories-wholesale","7":"product_tag-ceramic-bath-accessories-wholesale","9":"first","10":"instock","11":"shipping-taxable","12":"product-type-simple"},"acf":[],"_links":{"self":[{"href":"https:\/\/jinhuaceramic.com\/es\/wp-json\/wp\/v2\/product\/5415","targetHints":{"allow":["GET"]}}],"collection":[{"href":"https:\/\/jinhuaceramic.com\/es\/wp-json\/wp\/v2\/product"}],"about":[{"href":"https:\/\/jinhuaceramic.com\/es\/wp-json\/wp\/v2\/types\/product"}],"replies":[{"embeddable":true,"href":"https:\/\/jinhuaceramic.com\/es\/wp-json\/wp\/v2\/comments?post=5415"}],"version-history":[{"count":0,"href":"https:\/\/jinhuaceramic.com\/es\/wp-json\/wp\/v2\/product\/5415\/revisions"}],"wp:featuredmedia":[{"embeddable":true,"href":"https:\/\/jinhuaceramic.com\/es\/wp-json\/wp\/v2\/media\/5418"}],"wp:attachment":[{"href":"https:\/\/jinhuaceramic.com\/es\/wp-json\/wp\/v2\/media?parent=5415"}],"wp:term":[{"taxonomy":"product_brand","embeddable":true,"href":"https:\/\/jinhuaceramic.com\/es\/wp-json\/wp\/v2\/product_brand?post=5415"},{"taxonomy":"product_cat","embeddable":true,"href":"https:\/\/jinhuaceramic.com\/es\/wp-json\/wp\/v2\/product_cat?post=5415"},{"taxonomy":"product_tag","embeddable":true,"href":"https:\/\/jinhuaceramic.com\/es\/wp-json\/wp\/v2\/product_tag?post=5415"}],"curies":[{"name":"wp","href":"https:\/\/api.w.org\/{rel}","templated":true}]}}