{"id":5434,"date":"2024-07-20T08:18:01","date_gmt":"2024-07-20T08:18:01","guid":{"rendered":"https:\/\/jinhuaceramic.com\/?post_type=product&#038;p=5434"},"modified":"2024-09-21T03:42:05","modified_gmt":"2024-09-21T03:42:05","slug":"buy-ceramic-pumpkin-candle-jars-in-bulk","status":"publish","type":"product","link":"https:\/\/jinhuaceramic.com\/es\/product\/buy-ceramic-pumpkin-candle-jars-in-bulk\/","title":{"rendered":"Comprar tarros de cer\u00e1mica al por mayor para hacer velas"},"content":{"rendered":"<div class=\"wp-block-columns is-layout-flex wp-container-core-columns-is-layout-9d6595d7 wp-block-columns-is-layout-flex\">\n<div class=\"wp-block-column is-layout-flow wp-block-column-is-layout-flow\">\n<h3 class=\"wp-block-heading\">Tarros de Vela de Calabaza Premium a Granel Caracter\u00edsticas:<\/h3>\n\n\n\n<ul class=\"wp-block-list\">\n<li><strong>Dise\u00f1o \u00fanico: <\/strong>Estos tarros para velas de calabaza a granel con tapa presentan una singular forma de calabaza. Est\u00e1n disponibles en tres colores: negro mate, rojo terracota y blanco cremoso cl\u00e1sico. El v\u00e1stago de la tapa del tarro negro est\u00e1 exquisitamente decorado con oro, lo que a\u00f1ade un toque de lujo a su encanto r\u00fastico.<\/li>\n\n\n\n<li><strong>Material de primera calidad:<\/strong> Estos tarros de velas de calabaza a granel con tapa est\u00e1n hechos de cer\u00e1mica apta para alimentos, que es resistente al calor, a prueba de explosiones, sin plomo, no t\u00f3xica, m\u00e1s segura, saludable y reutilizable que los tarros de metal.<\/li>\n\n\n\n<li><strong>Uso vers\u00e1til: <\/strong>Estos tarros de cer\u00e1mica al por mayor para velas con tapa no s\u00f3lo se pueden utilizar para hacer velas, sino que tambi\u00e9n son perfectos para almacenar alimentos b\u00e1sicos secos de cocina como especias, hierbas, alubias, caf\u00e9, arroz, caramelos y az\u00facar.<\/li>\n\n\n\n<li><strong>Amplia aplicabilidad:<\/strong> Estos dise\u00f1os a granel de tarros de vela con forma de calabaza son adecuados para diversas ocasiones y estilos de decoraci\u00f3n, ya sea decoraci\u00f3n del hogar, decoraci\u00f3n de fiestas o locales comerciales, pueden mostrar su encanto \u00fanico.<\/li>\n<\/ul>\n<\/div>\n\n\n\n<div class=\"wp-block-column is-layout-flow wp-block-column-is-layout-flow\">\n<figure class=\"wp-block-image size-full\"><img fetchpriority=\"high\" decoding=\"async\" width=\"800\" height=\"800\" src=\"https:\/\/jinhuaceramic.com\/wp-content\/uploads\/2024\/07\/candle-jar-with-lid-1.webp\" alt=\"Tarros de cer\u00e1mica para velas de calabaza con tapa\" class=\"wp-image-5439\" srcset=\"https:\/\/jinhuaceramic.com\/wp-content\/uploads\/2024\/07\/candle-jar-with-lid-1.webp 800w, https:\/\/jinhuaceramic.com\/wp-content\/uploads\/2024\/07\/candle-jar-with-lid-1-300x300.webp 300w, https:\/\/jinhuaceramic.com\/wp-content\/uploads\/2024\/07\/candle-jar-with-lid-1-150x150.webp 150w, https:\/\/jinhuaceramic.com\/wp-content\/uploads\/2024\/07\/candle-jar-with-lid-1-768x768.webp 768w, https:\/\/jinhuaceramic.com\/wp-content\/uploads\/2024\/07\/candle-jar-with-lid-1-12x12.webp 12w, https:\/\/jinhuaceramic.com\/wp-content\/uploads\/2024\/07\/candle-jar-with-lid-1-285x285.webp 285w, https:\/\/jinhuaceramic.com\/wp-content\/uploads\/2024\/07\/candle-jar-with-lid-1-270x270.webp 270w, https:\/\/jinhuaceramic.com\/wp-content\/uploads\/2024\/07\/candle-jar-with-lid-1-540x540.webp 540w, https:\/\/jinhuaceramic.com\/wp-content\/uploads\/2024\/07\/candle-jar-with-lid-1-660x660.webp 660w\" sizes=\"(max-width: 800px) 100vw, 800px\" \/><\/figure>\n<\/div>\n<\/div>","protected":false},"excerpt":{"rendered":"<p>Estos tarros de cer\u00e1mica con forma de calabaza para velas a granel son populares por su exclusivo dise\u00f1o en forma de calabaza, su resistente estructura de cer\u00e1mica y su versatilidad. Combinando practicidad y belleza, estos tarros para velas pueden utilizarse como decoraci\u00f3n para muchas ocasiones, en casa o en establecimientos comerciales. Es una gran elecci\u00f3n para hacer velas.<\/p>","protected":false},"featured_media":5441,"comment_status":"closed","ping_status":"closed","template":"","meta":{"_acf_changed":false},"product_brand":[],"product_cat":[52],"product_tag":[67,66],"class_list":{"0":"post-5434","1":"product","2":"type-product","3":"status-publish","4":"has-post-thumbnail","6":"product_cat-wholesale-candle-containers","7":"product_tag-bulk-candle-jars-with-lids","8":"product_tag-candle-jars-wholesale","10":"first","11":"instock","12":"shipping-taxable","13":"product-type-simple"},"acf":[],"_links":{"self":[{"href":"https:\/\/jinhuaceramic.com\/es\/wp-json\/wp\/v2\/product\/5434","targetHints":{"allow":["GET"]}}],"collection":[{"href":"https:\/\/jinhuaceramic.com\/es\/wp-json\/wp\/v2\/product"}],"about":[{"href":"https:\/\/jinhuaceramic.com\/es\/wp-json\/wp\/v2\/types\/product"}],"replies":[{"embeddable":true,"href":"https:\/\/jinhuaceramic.com\/es\/wp-json\/wp\/v2\/comments?post=5434"}],"version-history":[{"count":0,"href":"https:\/\/jinhuaceramic.com\/es\/wp-json\/wp\/v2\/product\/5434\/revisions"}],"wp:featuredmedia":[{"embeddable":true,"href":"https:\/\/jinhuaceramic.com\/es\/wp-json\/wp\/v2\/media\/5441"}],"wp:attachment":[{"href":"https:\/\/jinhuaceramic.com\/es\/wp-json\/wp\/v2\/media?parent=5434"}],"wp:term":[{"taxonomy":"product_brand","embeddable":true,"href":"https:\/\/jinhuaceramic.com\/es\/wp-json\/wp\/v2\/product_brand?post=5434"},{"taxonomy":"product_cat","embeddable":true,"href":"https:\/\/jinhuaceramic.com\/es\/wp-json\/wp\/v2\/product_cat?post=5434"},{"taxonomy":"product_tag","embeddable":true,"href":"https:\/\/jinhuaceramic.com\/es\/wp-json\/wp\/v2\/product_tag?post=5434"}],"curies":[{"name":"wp","href":"https:\/\/api.w.org\/{rel}","templated":true}]}}