{"id":5453,"date":"2024-07-20T08:34:42","date_gmt":"2024-07-20T08:34:42","guid":{"rendered":"https:\/\/jinhuaceramic.com\/?post_type=product&#038;p=5453"},"modified":"2025-03-11T07:56:20","modified_gmt":"2025-03-11T07:56:20","slug":"ceramic-pie-pan-bulk-for-baking","status":"publish","type":"product","link":"https:\/\/jinhuaceramic.com\/es\/product\/ceramic-pie-pan-bulk-for-baking\/","title":{"rendered":"Sart\u00e9n de Cer\u00e1mica al por Mayor, Sart\u00e9n de Cer\u00e1mica al por Mayor"},"content":{"rendered":"<div class=\"wp-block-columns is-layout-flex wp-container-core-columns-is-layout-9d6595d7 wp-block-columns-is-layout-flex\">\n<div class=\"wp-block-column is-layout-flow wp-block-column-is-layout-flow\">\n<h3 class=\"wp-block-heading\">Sart\u00e9n de cer\u00e1mica premium para tartas a granel Caracter\u00edsticas:<\/h3>\n\n\n\n<ul class=\"wp-block-list\">\n<li><strong>Elegante dise\u00f1o de encaje beige:<\/strong> El suave color beige con exquisito dise\u00f1o de encaje de este molde de cer\u00e1mica para tartas a granel, adem\u00e1s de aportar un aspecto y tacto propios del producto, tambi\u00e9n a\u00f1ade elegancia a sus trabajos de reposter\u00eda para cualquier ocasi\u00f3n.<\/li>\n\n\n\n<li><strong>Material sin plomo, seguro y saludable: <\/strong>Este molde para hornear a medida est\u00e1 fabricado con material sin plomo. Eso significa que cada uso es seguro y saludable de acuerdo con los requisitos de las normas de calidad alimentaria, que protegen su salud y la de su familia.<\/li>\n\n\n\n<li><strong>Escenario de uso multifunci\u00f3n: <\/strong>Este molde de cer\u00e1mica para tartas a granel permite cambiar f\u00e1cilmente entre cocci\u00f3n y almacenamiento en diversos aparatos de cocina, como microondas, hornos, lavavajillas y frigor\u00edficos.<\/li>\n\n\n\n<li><strong>Durabilidad y facilidad de limpieza: <\/strong>Nuestro molde para hornear a medida utiliza cer\u00e1mica de calidad con una excelente resistencia al calor, apta para hornear a altas temperaturas. Es lavable, admite la limpieza en lavavajillas, ahorra tiempo y esfuerzo, y mejora en gran medida la comodidad de uso diario.<\/li>\n<\/ul>\n<\/div>\n\n\n\n<div class=\"wp-block-column is-layout-flow wp-block-column-is-layout-flow\">\n<figure class=\"wp-block-image size-full\"><img fetchpriority=\"high\" decoding=\"async\" width=\"1200\" height=\"1200\" src=\"https:\/\/jinhuaceramic.com\/wp-content\/uploads\/2024\/07\/baking-dishes-1.webp\" alt=\"sart\u00e9n de cer\u00e1mica con bordes festoneados sin plomo para hornear\" class=\"wp-image-5456\" srcset=\"https:\/\/jinhuaceramic.com\/wp-content\/uploads\/2024\/07\/baking-dishes-1.webp 1200w, https:\/\/jinhuaceramic.com\/wp-content\/uploads\/2024\/07\/baking-dishes-1-300x300.webp 300w, https:\/\/jinhuaceramic.com\/wp-content\/uploads\/2024\/07\/baking-dishes-1-150x150.webp 150w, https:\/\/jinhuaceramic.com\/wp-content\/uploads\/2024\/07\/baking-dishes-1-768x768.webp 768w, https:\/\/jinhuaceramic.com\/wp-content\/uploads\/2024\/07\/baking-dishes-1-12x12.webp 12w, https:\/\/jinhuaceramic.com\/wp-content\/uploads\/2024\/07\/baking-dishes-1-285x285.webp 285w, https:\/\/jinhuaceramic.com\/wp-content\/uploads\/2024\/07\/baking-dishes-1-270x270.webp 270w, https:\/\/jinhuaceramic.com\/wp-content\/uploads\/2024\/07\/baking-dishes-1-540x540.webp 540w, https:\/\/jinhuaceramic.com\/wp-content\/uploads\/2024\/07\/baking-dishes-1-660x660.webp 660w\" sizes=\"(max-width: 1200px) 100vw, 1200px\" \/><\/figure>\n<\/div>\n<\/div>","protected":false},"excerpt":{"rendered":"<p>Bienvenido al molde para tartas a medida. Este elegante molde de cer\u00e1mica beige para tartas a granel con exquisito dise\u00f1o de encaje est\u00e1 hecho de material sin plomo para garantizar la salud y la seguridad. Apto para microondas, horno, frigor\u00edfico y lavavajillas, puede f\u00e1cilmente hacer frente a diversas necesidades de hornear para el almacenamiento, por lo que es una opci\u00f3n ideal para el hogar y cocinas profesionales.<\/p>","protected":false},"featured_media":5457,"comment_status":"closed","ping_status":"closed","template":"","meta":{"_acf_changed":false},"product_brand":[],"product_cat":[53],"product_tag":[70],"class_list":{"0":"post-5453","1":"product","2":"type-product","3":"status-publish","4":"has-post-thumbnail","6":"product_cat-bakeware-in-bulk","7":"product_tag-custom-pie-pans","9":"first","10":"instock","11":"shipping-taxable","12":"product-type-simple"},"acf":[],"_links":{"self":[{"href":"https:\/\/jinhuaceramic.com\/es\/wp-json\/wp\/v2\/product\/5453","targetHints":{"allow":["GET"]}}],"collection":[{"href":"https:\/\/jinhuaceramic.com\/es\/wp-json\/wp\/v2\/product"}],"about":[{"href":"https:\/\/jinhuaceramic.com\/es\/wp-json\/wp\/v2\/types\/product"}],"replies":[{"embeddable":true,"href":"https:\/\/jinhuaceramic.com\/es\/wp-json\/wp\/v2\/comments?post=5453"}],"version-history":[{"count":0,"href":"https:\/\/jinhuaceramic.com\/es\/wp-json\/wp\/v2\/product\/5453\/revisions"}],"wp:featuredmedia":[{"embeddable":true,"href":"https:\/\/jinhuaceramic.com\/es\/wp-json\/wp\/v2\/media\/5457"}],"wp:attachment":[{"href":"https:\/\/jinhuaceramic.com\/es\/wp-json\/wp\/v2\/media?parent=5453"}],"wp:term":[{"taxonomy":"product_brand","embeddable":true,"href":"https:\/\/jinhuaceramic.com\/es\/wp-json\/wp\/v2\/product_brand?post=5453"},{"taxonomy":"product_cat","embeddable":true,"href":"https:\/\/jinhuaceramic.com\/es\/wp-json\/wp\/v2\/product_cat?post=5453"},{"taxonomy":"product_tag","embeddable":true,"href":"https:\/\/jinhuaceramic.com\/es\/wp-json\/wp\/v2\/product_tag?post=5453"}],"curies":[{"name":"wp","href":"https:\/\/api.w.org\/{rel}","templated":true}]}}