{"id":5470,"date":"2024-07-24T10:38:12","date_gmt":"2024-07-24T10:38:12","guid":{"rendered":"https:\/\/jinhuaceramic.com\/?post_type=product&#038;p=5470"},"modified":"2025-01-16T06:25:49","modified_gmt":"2025-01-16T06:25:49","slug":"divided-ceramic-plates-wholesale","status":"publish","type":"product","link":"https:\/\/jinhuaceramic.com\/es\/product\/divided-ceramic-plates-wholesale\/","title":{"rendered":"Platos Ceramicos Divididos al por mayor, Platos Ceramicos Blancos a granel"},"content":{"rendered":"<div class=\"wp-block-columns is-layout-flex wp-container-core-columns-is-layout-9d6595d7 wp-block-columns-is-layout-flex\">\n<div class=\"wp-block-column is-layout-flow wp-block-column-is-layout-flow\">\n<h3 class=\"wp-block-heading\">Platos de Cer\u00e1mica Premium al por mayor Caracter\u00edsticas:<\/h3>\n\n\n\n<ul class=\"wp-block-list\">\n<li><strong>Dise\u00f1o cl\u00e1sico en cer\u00e1mica blanca, vers\u00e1til y pr\u00e1ctico: <\/strong>Nuestros platos de cer\u00e1mica al por mayor adoptan un dise\u00f1o blanco cl\u00e1sico, sencillo y elegante, que puede combinarse f\u00e1cilmente con diversas vajillas y estilos de cocina. Es adecuado para comidas familiares diarias, ocasiones formales o restaurantes.<\/li>\n\n\n\n<li><strong>Dise\u00f1o con varios compartimentos, que clasifica los alimentos para mayor comodidad:<\/strong> Estos platos de cer\u00e1mica blanca a granel est\u00e1n dise\u00f1ados con 2 zonas de separaci\u00f3n, especialmente indicados para servir diferentes alimentos por separado, manteniendo el sabor original de la comida, evitando mezclar sabores, y es especialmente adecuado para reuniones familiares de varios platos o catering de restaurantes.<\/li>\n\n\n\n<li><strong>De alta calidad y no t\u00f3xico: <\/strong>Estos platos de cer\u00e1mica al por mayor est\u00e1n hechos de cer\u00e1mica de alta calidad, que es saludable y sin plomo, sin t\u00f3xicos en el interior. Se puede garantizar un uso seguro bajo altas temperaturas para garantizar la salud y la seguridad en los alimentos. Este producto es adecuado para hornos microondas, hornos y lavavajillas.<\/li>\n\n\n\n<li><strong>Duradero y f\u00e1cil de limpiar: <\/strong>Estos platos de cer\u00e1mica blanca a granel tienen un cuerpo liso y tierno, son extremadamente duraderos. Anti-ara\u00f1azos y desgaste, y es f\u00e1cil de limpiar despu\u00e9s de usarlos, si usted los est\u00e1 lavando a mano o ponerlos en un lavavajillas. Se puede limpiar r\u00e1pidamente, conveniente para el mantenimiento diario.<\/li>\n<\/ul>\n<\/div>\n\n\n\n<div class=\"wp-block-column is-layout-flow wp-block-column-is-layout-flow\">\n<figure class=\"wp-block-image size-full\"><img fetchpriority=\"high\" decoding=\"async\" width=\"640\" height=\"640\" src=\"https:\/\/jinhuaceramic.com\/wp-content\/uploads\/2024\/07\/Serving-Tray.webp\" alt=\"platos de ceramica r\u00fastica-divididos-mayoristas-para-servir-snacks\" class=\"wp-image-5473\" srcset=\"https:\/\/jinhuaceramic.com\/wp-content\/uploads\/2024\/07\/Serving-Tray.webp 640w, https:\/\/jinhuaceramic.com\/wp-content\/uploads\/2024\/07\/Serving-Tray-300x300.webp 300w, https:\/\/jinhuaceramic.com\/wp-content\/uploads\/2024\/07\/Serving-Tray-150x150.webp 150w, https:\/\/jinhuaceramic.com\/wp-content\/uploads\/2024\/07\/Serving-Tray-12x12.webp 12w, https:\/\/jinhuaceramic.com\/wp-content\/uploads\/2024\/07\/Serving-Tray-285x285.webp 285w, https:\/\/jinhuaceramic.com\/wp-content\/uploads\/2024\/07\/Serving-Tray-270x270.webp 270w, https:\/\/jinhuaceramic.com\/wp-content\/uploads\/2024\/07\/Serving-Tray-540x540.webp 540w\" sizes=\"(max-width: 640px) 100vw, 640px\" \/><\/figure>\n<\/div>\n<\/div>","protected":false},"excerpt":{"rendered":"<p>Bienvenido a comprar platos de cer\u00e1mica blanca al por mayor. Nuestros platos de cer\u00e1mica al por mayor, con su dise\u00f1o simple y elegante y su pr\u00e1ctica funci\u00f3n de partici\u00f3n, son adecuados para clasificar y sostener diferentes alimentos. Hecho de cer\u00e1mica no t\u00f3xica de alta calidad, es adecuado para una variedad de equipos de cocina, durable y f\u00e1cil de limpiar, y es una opci\u00f3n ideal para comer en casa y restaurante.<\/p>","protected":false},"featured_media":5471,"comment_status":"closed","ping_status":"closed","template":"","meta":{"_acf_changed":false},"product_brand":[],"product_cat":[54,84],"product_tag":[77],"class_list":{"0":"post-5470","1":"product","2":"type-product","3":"status-publish","4":"has-post-thumbnail","6":"product_cat-tableware-wholesale","7":"product_cat-wholesale-ceramic-plates","8":"product_tag-bulk-serving-platters","10":"first","11":"instock","12":"shipping-taxable","13":"product-type-simple"},"acf":[],"_links":{"self":[{"href":"https:\/\/jinhuaceramic.com\/es\/wp-json\/wp\/v2\/product\/5470","targetHints":{"allow":["GET"]}}],"collection":[{"href":"https:\/\/jinhuaceramic.com\/es\/wp-json\/wp\/v2\/product"}],"about":[{"href":"https:\/\/jinhuaceramic.com\/es\/wp-json\/wp\/v2\/types\/product"}],"replies":[{"embeddable":true,"href":"https:\/\/jinhuaceramic.com\/es\/wp-json\/wp\/v2\/comments?post=5470"}],"version-history":[{"count":0,"href":"https:\/\/jinhuaceramic.com\/es\/wp-json\/wp\/v2\/product\/5470\/revisions"}],"wp:featuredmedia":[{"embeddable":true,"href":"https:\/\/jinhuaceramic.com\/es\/wp-json\/wp\/v2\/media\/5471"}],"wp:attachment":[{"href":"https:\/\/jinhuaceramic.com\/es\/wp-json\/wp\/v2\/media?parent=5470"}],"wp:term":[{"taxonomy":"product_brand","embeddable":true,"href":"https:\/\/jinhuaceramic.com\/es\/wp-json\/wp\/v2\/product_brand?post=5470"},{"taxonomy":"product_cat","embeddable":true,"href":"https:\/\/jinhuaceramic.com\/es\/wp-json\/wp\/v2\/product_cat?post=5470"},{"taxonomy":"product_tag","embeddable":true,"href":"https:\/\/jinhuaceramic.com\/es\/wp-json\/wp\/v2\/product_tag?post=5470"}],"curies":[{"name":"wp","href":"https:\/\/api.w.org\/{rel}","templated":true}]}}