{"id":5478,"date":"2024-07-24T10:54:57","date_gmt":"2024-07-24T10:54:57","guid":{"rendered":"https:\/\/jinhuaceramic.com\/?post_type=product&#038;p=5478"},"modified":"2024-11-05T03:57:16","modified_gmt":"2024-11-05T03:57:16","slug":"stylish-wholesale-ceramic-soap-holders","status":"publish","type":"product","link":"https:\/\/jinhuaceramic.com\/es\/product\/stylish-wholesale-ceramic-soap-holders\/","title":{"rendered":"Elegantes Jaboneras de Cer\u00e1mica al por mayor, Jaboneras a granel con soporte"},"content":{"rendered":"<div class=\"wp-block-columns is-layout-flex wp-container-core-columns-is-layout-9d6595d7 wp-block-columns-is-layout-flex\">\n<div class=\"wp-block-column is-layout-flow wp-block-column-is-layout-flow\">\n<h3 class=\"wp-block-heading\">Premium al por mayor de cer\u00e1mica Jaboneras Caracter\u00edsticas:<\/h3>\n\n\n\n<ul class=\"wp-block-list\">\n<li><strong>Dise\u00f1o novedoso, forma \u00fanica: <\/strong>Estos jaboneros de cer\u00e1mica al por mayor adoptan dise\u00f1os innovadores y estructuras de soporte \u00fanicas, a\u00f1adiendo moda y funcionalidad a la jabonera tradicional. Su aspecto moderno se adapta a varios estilos de ba\u00f1o y realza el efecto decorativo general.<\/li>\n\n\n\n<li><strong>Ricamente coloreados para satisfacer necesidades personalizadas: <\/strong>Estas jaboneras a granel vienen en varios colores, y los usuarios pueden elegir seg\u00fan el estilo tem\u00e1tico de los distintos cuartos de ba\u00f1o o marcas. Desde el cl\u00e1sico blanco hasta los modernos colores oscuros, puede combinar f\u00e1cilmente con diversos estilos de decoraci\u00f3n.<\/li>\n\n\n\n<li><strong>La cer\u00e1mica duradera es resistente y f\u00e1cil de limpiar: <\/strong>Adquiera jaboneras de cer\u00e1mica al por mayor fabricadas en cer\u00e1mica de alta calidad para garantizar la durabilidad de la jabonera y no dejar que aparezcan manchas. El material es liso, f\u00e1cil de limpiar y brillante durante bastante tiempo, lo que resulta muy adecuado para el uso diario en ba\u00f1os dom\u00e9sticos o de hoteles.<\/li>\n\n\n\n<li><strong>Pr\u00e1ctico y bonito: <\/strong>Estas jaboneras a granel no s\u00f3lo son bonitas, sino que tambi\u00e9n mantienen el jab\u00f3n seco y prolongan su vida \u00fatil. La combinaci\u00f3n de su funcionalidad y su aspecto elegante las convierte en un accesorio de ba\u00f1o pr\u00e1ctico y decorativo a la vez, muy apreciado por los usuarios.<\/li>\n<\/ul>\n<\/div>\n\n\n\n<div class=\"wp-block-column is-layout-flow wp-block-column-is-layout-flow\">\n<figure class=\"wp-block-image size-full\"><img fetchpriority=\"high\" decoding=\"async\" width=\"800\" height=\"800\" src=\"https:\/\/jinhuaceramic.com\/wp-content\/uploads\/2024\/07\/ceramic-soap-holder.webp\" alt=\"Elegantes Jaboneras de Cer\u00e1mica al por mayor, Jaboneras a granel con soportes-5\" class=\"wp-image-5480\" srcset=\"https:\/\/jinhuaceramic.com\/wp-content\/uploads\/2024\/07\/ceramic-soap-holder.webp 800w, https:\/\/jinhuaceramic.com\/wp-content\/uploads\/2024\/07\/ceramic-soap-holder-300x300.webp 300w, https:\/\/jinhuaceramic.com\/wp-content\/uploads\/2024\/07\/ceramic-soap-holder-150x150.webp 150w, https:\/\/jinhuaceramic.com\/wp-content\/uploads\/2024\/07\/ceramic-soap-holder-768x768.webp 768w, https:\/\/jinhuaceramic.com\/wp-content\/uploads\/2024\/07\/ceramic-soap-holder-12x12.webp 12w, https:\/\/jinhuaceramic.com\/wp-content\/uploads\/2024\/07\/ceramic-soap-holder-285x285.webp 285w, https:\/\/jinhuaceramic.com\/wp-content\/uploads\/2024\/07\/ceramic-soap-holder-270x270.webp 270w, https:\/\/jinhuaceramic.com\/wp-content\/uploads\/2024\/07\/ceramic-soap-holder-540x540.webp 540w, https:\/\/jinhuaceramic.com\/wp-content\/uploads\/2024\/07\/ceramic-soap-holder-660x660.webp 660w\" sizes=\"(max-width: 800px) 100vw, 800px\" \/><\/figure>\n<\/div>\n<\/div>\n\n\n\n<p><\/p>","protected":false},"excerpt":{"rendered":"<p>Bienvenido a comprar jaboneras al por mayor. Nuestras elegantes jaboneras de cer\u00e1mica al por mayor tienen una forma \u00fanica y son pr\u00e1cticas. Disponible en varios colores para adaptarse al estilo de diferentes cuartos de ba\u00f1o, es de material cer\u00e1mico de alta calidad para una mayor durabilidad y f\u00e1cil limpieza, por lo tanto, una buena selecci\u00f3n entre los hogares y hoteles para accesorios de ba\u00f1o.<\/p>","protected":false},"featured_media":5483,"comment_status":"closed","ping_status":"closed","template":"","meta":{"_acf_changed":false},"product_brand":[],"product_cat":[51],"product_tag":[72],"class_list":{"0":"post-5478","1":"product","2":"type-product","3":"status-publish","4":"has-post-thumbnail","6":"product_cat-bathroom-accessories-wholesale","7":"product_tag-wholesale-soap-dishes","9":"first","10":"instock","11":"shipping-taxable","12":"product-type-simple"},"acf":[],"_links":{"self":[{"href":"https:\/\/jinhuaceramic.com\/es\/wp-json\/wp\/v2\/product\/5478","targetHints":{"allow":["GET"]}}],"collection":[{"href":"https:\/\/jinhuaceramic.com\/es\/wp-json\/wp\/v2\/product"}],"about":[{"href":"https:\/\/jinhuaceramic.com\/es\/wp-json\/wp\/v2\/types\/product"}],"replies":[{"embeddable":true,"href":"https:\/\/jinhuaceramic.com\/es\/wp-json\/wp\/v2\/comments?post=5478"}],"version-history":[{"count":0,"href":"https:\/\/jinhuaceramic.com\/es\/wp-json\/wp\/v2\/product\/5478\/revisions"}],"wp:featuredmedia":[{"embeddable":true,"href":"https:\/\/jinhuaceramic.com\/es\/wp-json\/wp\/v2\/media\/5483"}],"wp:attachment":[{"href":"https:\/\/jinhuaceramic.com\/es\/wp-json\/wp\/v2\/media?parent=5478"}],"wp:term":[{"taxonomy":"product_brand","embeddable":true,"href":"https:\/\/jinhuaceramic.com\/es\/wp-json\/wp\/v2\/product_brand?post=5478"},{"taxonomy":"product_cat","embeddable":true,"href":"https:\/\/jinhuaceramic.com\/es\/wp-json\/wp\/v2\/product_cat?post=5478"},{"taxonomy":"product_tag","embeddable":true,"href":"https:\/\/jinhuaceramic.com\/es\/wp-json\/wp\/v2\/product_tag?post=5478"}],"curies":[{"name":"wp","href":"https:\/\/api.w.org\/{rel}","templated":true}]}}