{"id":5487,"date":"2024-07-24T10:49:22","date_gmt":"2024-07-24T10:49:22","guid":{"rendered":"https:\/\/jinhuaceramic.com\/?post_type=product&#038;p=5487"},"modified":"2024-11-07T10:12:11","modified_gmt":"2024-11-07T10:12:11","slug":"ceramic-incense-holder-wholesale","status":"publish","type":"product","link":"https:\/\/jinhuaceramic.com\/es\/product\/ceramic-incense-holder-wholesale\/","title":{"rendered":"Porta Incienso de Ceramica al por mayor, Cuencos para sahumerios, Porta Palo Santo"},"content":{"rendered":"<div class=\"wp-block-columns is-layout-flex wp-container-core-columns-is-layout-9d6595d7 wp-block-columns-is-layout-flex\">\n<div class=\"wp-block-column is-layout-flow wp-block-column-is-layout-flow\">\n<h3 class=\"wp-block-heading\">Premium&nbsp;<a href=\"https:\/\/jinhuaceramic.com\/es\/ceramic-incense-holder-and-sage-holder\/\">Portaincienso de cer\u00e1mica al por mayor<\/a> Caracter\u00edsticas:<\/h3>\n\n\n\n<ul class=\"wp-block-list\">\n<li><strong>Dise\u00f1o llamativo: <\/strong>Este porta-incienso de cer\u00e1mica al por mayor tiene un color blanco puro con motivos moteados de puntos negros, a\u00f1adiendo un toque de modernidad y elegancia para ser un punto de atracci\u00f3n en cualquier ambiente.<\/li>\n\n\n\n<li><strong>Multifuncional:<\/strong> Estos cuencos para sahumerios al por mayor y soportes para palo santo tienen una forma \u00fanica y multifuncional. Tienen un aumento cil\u00edndrico en el centro con una secci\u00f3n central hueca, puede contener diversos productos de aromaterapia como palos de incienso, palos de palo santo, o incluso paquetes de salvia.<\/li>\n\n\n\n<li><strong>Material duradero:<\/strong> Fabricado con materiales duraderos, este porta-incienso de cer\u00e1mica al por mayor est\u00e1 hecho con cer\u00e1mica resistente al calor, respetuosa con el medio ambiente y no t\u00f3xica, muy segura para contener varillas de aromaterapia.<\/li>\n\n\n\n<li><strong>Eficaz recogedor de cenizas: <\/strong>Nuestros cuencos para sahumerios al por mayor tienen una base ancha, lo que garantiza que todas las cenizas de los palitos de aromaterapia que se quemen caer\u00e1n en el soporte y no ensuciar\u00e1n; esto asegura que se pueda limpiar f\u00e1cil y r\u00e1pidamente despu\u00e9s de su uso.<\/li>\n<\/ul>\n<\/div>\n\n\n\n<div class=\"wp-block-column is-layout-flow wp-block-column-is-layout-flow\">\n<figure class=\"wp-block-image size-full\"><img fetchpriority=\"high\" decoding=\"async\" width=\"1500\" height=\"1500\" src=\"https:\/\/jinhuaceramic.com\/wp-content\/uploads\/2024\/07\/Sage-Incense-Holder.webp\" alt=\"PORTA-INCIENSOS DE CER\u00c1MICA AL POR MAYOR PARA SALVIA O FONDO\" class=\"wp-image-5492\" srcset=\"https:\/\/jinhuaceramic.com\/wp-content\/uploads\/2024\/07\/Sage-Incense-Holder.webp 1500w, https:\/\/jinhuaceramic.com\/wp-content\/uploads\/2024\/07\/Sage-Incense-Holder-300x300.webp 300w, https:\/\/jinhuaceramic.com\/wp-content\/uploads\/2024\/07\/Sage-Incense-Holder-150x150.webp 150w, https:\/\/jinhuaceramic.com\/wp-content\/uploads\/2024\/07\/Sage-Incense-Holder-768x768.webp 768w, https:\/\/jinhuaceramic.com\/wp-content\/uploads\/2024\/07\/Sage-Incense-Holder-12x12.webp 12w, https:\/\/jinhuaceramic.com\/wp-content\/uploads\/2024\/07\/Sage-Incense-Holder-285x285.webp 285w, https:\/\/jinhuaceramic.com\/wp-content\/uploads\/2024\/07\/Sage-Incense-Holder-270x270.webp 270w, https:\/\/jinhuaceramic.com\/wp-content\/uploads\/2024\/07\/Sage-Incense-Holder-540x540.webp 540w, https:\/\/jinhuaceramic.com\/wp-content\/uploads\/2024\/07\/Sage-Incense-Holder-660x660.webp 660w\" sizes=\"(max-width: 1500px) 100vw, 1500px\" \/><\/figure>\n<\/div>\n<\/div>","protected":false},"excerpt":{"rendered":"<p>Bienvenido a la compra de incienso titular de palo al por mayor, tazones de sahumerio al por mayor y palo santo titular al por mayor. Este porta-incienso de cer\u00e1mica al por mayor es de aspecto impresionante, s\u00f3lido en su construcci\u00f3n, vers\u00e1til, y pensado en su dise\u00f1o para sostener incienso, palo santos, o incluso manojos de salvia. La combinaci\u00f3n de belleza y funcionalidad lo convierte en la primera elecci\u00f3n de los clientes.<\/p>","protected":false},"featured_media":5490,"comment_status":"closed","ping_status":"closed","template":"","meta":{"_acf_changed":false},"product_brand":[],"product_cat":[52],"product_tag":[68],"class_list":{"0":"post-5487","1":"product","2":"type-product","3":"status-publish","4":"has-post-thumbnail","6":"product_cat-wholesale-candle-containers","7":"product_tag-ceramic-candlesticks-bulk","9":"first","10":"instock","11":"shipping-taxable","12":"product-type-simple"},"acf":[],"_links":{"self":[{"href":"https:\/\/jinhuaceramic.com\/es\/wp-json\/wp\/v2\/product\/5487","targetHints":{"allow":["GET"]}}],"collection":[{"href":"https:\/\/jinhuaceramic.com\/es\/wp-json\/wp\/v2\/product"}],"about":[{"href":"https:\/\/jinhuaceramic.com\/es\/wp-json\/wp\/v2\/types\/product"}],"replies":[{"embeddable":true,"href":"https:\/\/jinhuaceramic.com\/es\/wp-json\/wp\/v2\/comments?post=5487"}],"version-history":[{"count":0,"href":"https:\/\/jinhuaceramic.com\/es\/wp-json\/wp\/v2\/product\/5487\/revisions"}],"wp:featuredmedia":[{"embeddable":true,"href":"https:\/\/jinhuaceramic.com\/es\/wp-json\/wp\/v2\/media\/5490"}],"wp:attachment":[{"href":"https:\/\/jinhuaceramic.com\/es\/wp-json\/wp\/v2\/media?parent=5487"}],"wp:term":[{"taxonomy":"product_brand","embeddable":true,"href":"https:\/\/jinhuaceramic.com\/es\/wp-json\/wp\/v2\/product_brand?post=5487"},{"taxonomy":"product_cat","embeddable":true,"href":"https:\/\/jinhuaceramic.com\/es\/wp-json\/wp\/v2\/product_cat?post=5487"},{"taxonomy":"product_tag","embeddable":true,"href":"https:\/\/jinhuaceramic.com\/es\/wp-json\/wp\/v2\/product_tag?post=5487"}],"curies":[{"name":"wp","href":"https:\/\/api.w.org\/{rel}","templated":true}]}}