{"id":5506,"date":"2024-07-26T01:56:20","date_gmt":"2024-07-26T01:56:20","guid":{"rendered":"https:\/\/jinhuaceramic.com\/?post_type=product&#038;p=5506"},"modified":"2025-03-10T08:47:09","modified_gmt":"2025-03-10T08:47:09","slug":"non-stick-wholesale-baking-pans","status":"publish","type":"product","link":"https:\/\/jinhuaceramic.com\/es\/product\/non-stick-wholesale-baking-pans\/","title":{"rendered":"Comprar moldes de cer\u00e1mica antiadherente al por mayor"},"content":{"rendered":"<div class=\"wp-block-columns is-layout-flex wp-container-core-columns-is-layout-9d6595d7 wp-block-columns-is-layout-flex\">\n<div class=\"wp-block-column is-layout-flow wp-block-column-is-layout-flow\">\n<h3 class=\"wp-block-heading\">Sartenes de cer\u00e1mica de primera calidad al por mayor Caracter\u00edsticas:<\/h3>\n\n\n\n<ul class=\"wp-block-list\">\n<li><strong>Atractivo est\u00e9tico:<\/strong> Estos moldes para hornear al por mayor presentan un dise\u00f1o rectangular cl\u00e1sico en un gris claro degradado. El exterior de los moldes tambi\u00e9n presenta un dise\u00f1o acanalado horizontal que a\u00f1ade un toque de sofisticaci\u00f3n. El efecto degradado y el dise\u00f1o estriado realzan la est\u00e9tica de los moldes.<\/li>\n\n\n\n<li><strong>Material de alta calidad: <\/strong>Estos juegos de fuentes para hornear al por mayor est\u00e1n fabricados con arcilla cer\u00e1mica de alta calidad, lo que garantiza su durabilidad y una distribuci\u00f3n uniforme del calor para obtener siempre unos resultados de horneado perfectos. Estas fuentes son aptas para horno, microondas, congelador y lavavajillas.<\/li>\n\n\n\n<li><strong>Uso vers\u00e1til:<\/strong> Estas bandejas para hornear al por mayor est\u00e1n disponibles en dos tama\u00f1os: la bandeja grande para porciones m\u00e1s grandes y la bandeja peque\u00f1a perfecta para guarniciones o porciones m\u00e1s peque\u00f1as. Ambos platos est\u00e1n dise\u00f1ados con una amplia profundidad para evitar derrames, por lo que son ideales para una variedad de necesidades de horneado.<\/li>\n\n\n\n<li><strong>Apilables y c\u00f3modas asas:<\/strong> Estos juegos de fuentes de horno se pueden apilar en grandes cantidades para ahorrar espacio en el armario. Las bandejas tienen dos asas para facilitar su manejo, por lo que es f\u00e1cil de transferir los productos horneados directamente desde el horno a la mesa para servir.<\/li>\n<\/ul>\n<\/div>\n\n\n\n<div class=\"wp-block-column is-layout-flow wp-block-column-is-layout-flow\">\n<figure class=\"wp-block-image size-full\"><img fetchpriority=\"high\" decoding=\"async\" width=\"1000\" height=\"1000\" src=\"https:\/\/jinhuaceramic.com\/wp-content\/uploads\/2024\/07\/ceramic-bakeware-3.webp\" alt=\"comprar bandejas de cer\u00e1mica antiadherentes al por mayor a granel\" class=\"wp-image-5511\" srcset=\"https:\/\/jinhuaceramic.com\/wp-content\/uploads\/2024\/07\/ceramic-bakeware-3.webp 1000w, https:\/\/jinhuaceramic.com\/wp-content\/uploads\/2024\/07\/ceramic-bakeware-3-300x300.webp 300w, https:\/\/jinhuaceramic.com\/wp-content\/uploads\/2024\/07\/ceramic-bakeware-3-150x150.webp 150w, https:\/\/jinhuaceramic.com\/wp-content\/uploads\/2024\/07\/ceramic-bakeware-3-768x768.webp 768w, https:\/\/jinhuaceramic.com\/wp-content\/uploads\/2024\/07\/ceramic-bakeware-3-12x12.webp 12w, https:\/\/jinhuaceramic.com\/wp-content\/uploads\/2024\/07\/ceramic-bakeware-3-285x285.webp 285w, https:\/\/jinhuaceramic.com\/wp-content\/uploads\/2024\/07\/ceramic-bakeware-3-270x270.webp 270w, https:\/\/jinhuaceramic.com\/wp-content\/uploads\/2024\/07\/ceramic-bakeware-3-540x540.webp 540w, https:\/\/jinhuaceramic.com\/wp-content\/uploads\/2024\/07\/ceramic-bakeware-3-660x660.webp 660w\" sizes=\"(max-width: 1000px) 100vw, 1000px\" \/><\/figure>\n<\/div>\n<\/div>","protected":false},"excerpt":{"rendered":"<p>Estos moldes de cer\u00e1mica al por mayor son populares por su elegante dise\u00f1o, su resistente fabricaci\u00f3n en cer\u00e1mica y su versatilidad. Estos moldes con asas son a la vez elegantes y pr\u00e1cticos, y son adecuados para una variedad de ocasiones, ya sea para uso diario en el hogar o para recibir invitados.<\/p>","protected":false},"featured_media":5512,"comment_status":"closed","ping_status":"closed","template":"","meta":{"_acf_changed":false},"product_brand":[],"product_cat":[53],"product_tag":[71],"class_list":{"0":"post-5506","1":"product","2":"type-product","3":"status-publish","4":"has-post-thumbnail","6":"product_cat-bakeware-in-bulk","7":"product_tag-wholesale-baking-pans","9":"first","10":"instock","11":"shipping-taxable","12":"product-type-simple"},"acf":[],"_links":{"self":[{"href":"https:\/\/jinhuaceramic.com\/es\/wp-json\/wp\/v2\/product\/5506","targetHints":{"allow":["GET"]}}],"collection":[{"href":"https:\/\/jinhuaceramic.com\/es\/wp-json\/wp\/v2\/product"}],"about":[{"href":"https:\/\/jinhuaceramic.com\/es\/wp-json\/wp\/v2\/types\/product"}],"replies":[{"embeddable":true,"href":"https:\/\/jinhuaceramic.com\/es\/wp-json\/wp\/v2\/comments?post=5506"}],"version-history":[{"count":0,"href":"https:\/\/jinhuaceramic.com\/es\/wp-json\/wp\/v2\/product\/5506\/revisions"}],"wp:featuredmedia":[{"embeddable":true,"href":"https:\/\/jinhuaceramic.com\/es\/wp-json\/wp\/v2\/media\/5512"}],"wp:attachment":[{"href":"https:\/\/jinhuaceramic.com\/es\/wp-json\/wp\/v2\/media?parent=5506"}],"wp:term":[{"taxonomy":"product_brand","embeddable":true,"href":"https:\/\/jinhuaceramic.com\/es\/wp-json\/wp\/v2\/product_brand?post=5506"},{"taxonomy":"product_cat","embeddable":true,"href":"https:\/\/jinhuaceramic.com\/es\/wp-json\/wp\/v2\/product_cat?post=5506"},{"taxonomy":"product_tag","embeddable":true,"href":"https:\/\/jinhuaceramic.com\/es\/wp-json\/wp\/v2\/product_tag?post=5506"}],"curies":[{"name":"wp","href":"https:\/\/api.w.org\/{rel}","templated":true}]}}