{"id":5518,"date":"2024-07-26T10:12:02","date_gmt":"2024-07-26T10:12:02","guid":{"rendered":"https:\/\/jinhuaceramic.com\/?post_type=product&#038;p=5518"},"modified":"2024-11-05T03:52:15","modified_gmt":"2024-11-05T03:52:15","slug":"wholesale-ceramic-bathroom-set","status":"publish","type":"product","link":"https:\/\/jinhuaceramic.com\/es\/product\/wholesale-ceramic-bathroom-set\/","title":{"rendered":"Mayorista Juego De Ba\u00f1o De Cer\u00e1mica, Accesorios De Ba\u00f1o Personalizados Para Hotel"},"content":{"rendered":"<div class=\"wp-block-columns is-layout-flex wp-container-core-columns-is-layout-9d6595d7 wp-block-columns-is-layout-flex\">\n<div class=\"wp-block-column is-layout-flow wp-block-column-is-layout-flow\">\n<h3 class=\"wp-block-heading\">Premium al por mayor de cer\u00e1mica Set de ba\u00f1o Caracter\u00edsticas:<\/h3>\n\n\n\n<ul class=\"wp-block-list\">\n<li><strong>Color blanco puro y dorado:<\/strong> Este juego de ba\u00f1o de cer\u00e1mica al por mayor es blanco pero con la elegancia que desprende la decoraci\u00f3n dorada. Ofrece un efecto visual cl\u00e1sico y noble, muy adecuado para el exquisito cuarto de ba\u00f1o de un hotel de alta gama.<\/li>\n\n\n\n<li><strong>Material cer\u00e1mico de alta calidad, asegurando la calidad: <\/strong>Este juego de accesorios de ba\u00f1o personalizados est\u00e1 fabricado con materiales cer\u00e1micos de alta calidad. La superficie es suave y delicada, no se raya f\u00e1cilmente y es muy duradera. Adem\u00e1s, es f\u00e1cil de limpiar, y brillante como nuevo, incluso despu\u00e9s de mucho tiempo de uso.<\/li>\n\n\n\n<li><strong>Servicio personalizado para las necesidades de las marcas hoteleras:<\/strong> Nuestro juego de ba\u00f1o de cer\u00e1mica al por mayor admite servicios personalizados. De acuerdo con el estilo de la marca, los clientes pueden elegir colores y opciones de logotipo entre otros elementos de dise\u00f1o para hacer accesorios de ba\u00f1o exclusivos.<\/li>\n\n\n\n<li><strong>Pr\u00e1ctico y funcional: <\/strong>Nuestro juego de accesorios de ba\u00f1o personalizados incluye accesorios habituales en la vida diaria, como dosificadores de jab\u00f3n, jaboneras, vasos para cepillos de dientes, etc. El resultado es totalmente funcional y pr\u00e1ctico. Adem\u00e1s de bonito, mejora la limpieza del cuarto de ba\u00f1o.<\/li>\n<\/ul>\n<\/div>\n\n\n\n<div class=\"wp-block-column is-layout-flow wp-block-column-is-layout-flow\">\n<figure class=\"wp-block-image size-full\"><img fetchpriority=\"high\" decoding=\"async\" width=\"1500\" height=\"1500\" src=\"https:\/\/jinhuaceramic.com\/wp-content\/uploads\/2024\/07\/bathroom-accessories-2.webp\" alt=\"Mayorista Juego De Ba\u00f1o De Cer\u00e1mica, Accesorios De Ba\u00f1o Personalizados Para Hotel-1\" class=\"wp-image-5520\" srcset=\"https:\/\/jinhuaceramic.com\/wp-content\/uploads\/2024\/07\/bathroom-accessories-2.webp 1500w, https:\/\/jinhuaceramic.com\/wp-content\/uploads\/2024\/07\/bathroom-accessories-2-300x300.webp 300w, https:\/\/jinhuaceramic.com\/wp-content\/uploads\/2024\/07\/bathroom-accessories-2-150x150.webp 150w, https:\/\/jinhuaceramic.com\/wp-content\/uploads\/2024\/07\/bathroom-accessories-2-768x768.webp 768w, https:\/\/jinhuaceramic.com\/wp-content\/uploads\/2024\/07\/bathroom-accessories-2-12x12.webp 12w, https:\/\/jinhuaceramic.com\/wp-content\/uploads\/2024\/07\/bathroom-accessories-2-285x285.webp 285w, https:\/\/jinhuaceramic.com\/wp-content\/uploads\/2024\/07\/bathroom-accessories-2-270x270.webp 270w, https:\/\/jinhuaceramic.com\/wp-content\/uploads\/2024\/07\/bathroom-accessories-2-540x540.webp 540w, https:\/\/jinhuaceramic.com\/wp-content\/uploads\/2024\/07\/bathroom-accessories-2-660x660.webp 660w\" sizes=\"(max-width: 1500px) 100vw, 1500px\" \/><\/figure>\n<\/div>\n<\/div>","protected":false},"excerpt":{"rendered":"<p>Bienvenido al set de accesorios de ba\u00f1o personalizados. Este juego de ba\u00f1o de cer\u00e1mica de lujo en blanco y dorado al por mayor presenta un delicado dise\u00f1o y materiales cer\u00e1micos de alta gama, que integran funcionalidad y est\u00e9tica y satisfacen perfectamente las necesidades de los hoteles de alta gama. Se puede personalizar.<\/p>","protected":false},"featured_media":5519,"comment_status":"closed","ping_status":"closed","template":"","meta":{"_acf_changed":false},"product_brand":[],"product_cat":[51],"product_tag":[74],"class_list":{"0":"post-5518","1":"product","2":"type-product","3":"status-publish","4":"has-post-thumbnail","6":"product_cat-bathroom-accessories-wholesale","7":"product_tag-ceramic-bath-accessories-wholesale","9":"first","10":"instock","11":"shipping-taxable","12":"product-type-simple"},"acf":[],"_links":{"self":[{"href":"https:\/\/jinhuaceramic.com\/es\/wp-json\/wp\/v2\/product\/5518","targetHints":{"allow":["GET"]}}],"collection":[{"href":"https:\/\/jinhuaceramic.com\/es\/wp-json\/wp\/v2\/product"}],"about":[{"href":"https:\/\/jinhuaceramic.com\/es\/wp-json\/wp\/v2\/types\/product"}],"replies":[{"embeddable":true,"href":"https:\/\/jinhuaceramic.com\/es\/wp-json\/wp\/v2\/comments?post=5518"}],"version-history":[{"count":0,"href":"https:\/\/jinhuaceramic.com\/es\/wp-json\/wp\/v2\/product\/5518\/revisions"}],"wp:featuredmedia":[{"embeddable":true,"href":"https:\/\/jinhuaceramic.com\/es\/wp-json\/wp\/v2\/media\/5519"}],"wp:attachment":[{"href":"https:\/\/jinhuaceramic.com\/es\/wp-json\/wp\/v2\/media?parent=5518"}],"wp:term":[{"taxonomy":"product_brand","embeddable":true,"href":"https:\/\/jinhuaceramic.com\/es\/wp-json\/wp\/v2\/product_brand?post=5518"},{"taxonomy":"product_cat","embeddable":true,"href":"https:\/\/jinhuaceramic.com\/es\/wp-json\/wp\/v2\/product_cat?post=5518"},{"taxonomy":"product_tag","embeddable":true,"href":"https:\/\/jinhuaceramic.com\/es\/wp-json\/wp\/v2\/product_tag?post=5518"}],"curies":[{"name":"wp","href":"https:\/\/api.w.org\/{rel}","templated":true}]}}