{"id":5536,"date":"2024-07-31T03:11:42","date_gmt":"2024-07-31T03:11:42","guid":{"rendered":"https:\/\/jinhuaceramic.com\/?post_type=product&#038;p=5536"},"modified":"2024-10-15T06:38:24","modified_gmt":"2024-10-15T06:38:24","slug":"ceramic-bulk-candle-jars","status":"publish","type":"product","link":"https:\/\/jinhuaceramic.com\/es\/product\/ceramic-bulk-candle-jars\/","title":{"rendered":"Tarros para velas a granel modernos, Tarros para velas mate con tapa al por mayor"},"content":{"rendered":"<div class=\"wp-block-columns is-layout-flex wp-container-core-columns-is-layout-9d6595d7 wp-block-columns-is-layout-flex\">\n<div class=\"wp-block-column is-layout-flow wp-block-column-is-layout-flow\">\n<h3 class=\"wp-block-heading\">Tarros de vela a granel Premium Caracter\u00edsticas:<\/h3>\n\n\n\n<ul class=\"wp-block-list\">\n<li><strong>Esmalte mate \u00fanico, tacto delicado: <\/strong>Esta serie de tarros para velas a granel utiliza un tratamiento de esmaltado mate, con una textura \u00fanica y un tacto suave y delicado. La superficie mate no solo es bonita, sino que tambi\u00e9n evita los residuos evidentes de huellas dactilares y manchas.<\/li>\n\n\n\n<li><strong>Dise\u00f1o moderno y sencillo, vers\u00e1til para m\u00faltiples escenarios: <\/strong>Estos tarros de vela mate con tapa al por mayor tienen un estilo de dise\u00f1o sencillo y elegante y l\u00edneas suaves. Son adecuados para diversas escenas modernas, incluyendo el hogar, oficina o restaurante, etc., a\u00f1adiendo elegancia y moda al espacio.<\/li>\n\n\n\n<li><strong>Variedad de colores para resaltar el estilo personal: <\/strong>Esta serie de tarros de vela mate con tapa al por mayor ofrece una rica variedad de opciones de color, desde los cl\u00e1sicos tonos neutros hasta los populares colores personalizados, para satisfacer las necesidades de los clientes en cuanto a diferentes estilos decorativos. Los clientes pueden elegir la combinaci\u00f3n de colores m\u00e1s adecuada seg\u00fan el espacio espec\u00edfico o el estilo de la marca.<\/li>\n\n\n\n<li><strong>Viene con un dise\u00f1o de tapa para mejorar la practicidad: <\/strong>Nuestros tarros de velas a granel est\u00e1n equipados con una tapa que coordina con el cuerpo del tarro, lo que no s\u00f3lo puede proteger eficazmente la vela de la contaminaci\u00f3n por polvo, sino tambi\u00e9n prolongar la durabilidad de la fragancia, al tiempo que a\u00f1ade una refinada integridad al producto en general.<\/li>\n<\/ul>\n<\/div>\n\n\n\n<div class=\"wp-block-column is-layout-flow wp-block-column-is-layout-flow\">\n<figure class=\"wp-block-image size-full\"><img fetchpriority=\"high\" decoding=\"async\" width=\"2776\" height=\"2776\" src=\"https:\/\/jinhuaceramic.com\/wp-content\/uploads\/2024\/07\/candle-jar-ceramic.webp\" alt=\"Tarros de Velas a Granel, Tarros de Velas Mate con Tapa al por Mayor-1\" class=\"wp-image-5538\" srcset=\"https:\/\/jinhuaceramic.com\/wp-content\/uploads\/2024\/07\/candle-jar-ceramic.webp 2776w, https:\/\/jinhuaceramic.com\/wp-content\/uploads\/2024\/07\/candle-jar-ceramic-300x300.webp 300w, https:\/\/jinhuaceramic.com\/wp-content\/uploads\/2024\/07\/candle-jar-ceramic-150x150.webp 150w, https:\/\/jinhuaceramic.com\/wp-content\/uploads\/2024\/07\/candle-jar-ceramic-768x768.webp 768w, https:\/\/jinhuaceramic.com\/wp-content\/uploads\/2024\/07\/candle-jar-ceramic-12x12.webp 12w, https:\/\/jinhuaceramic.com\/wp-content\/uploads\/2024\/07\/candle-jar-ceramic-285x285.webp 285w, https:\/\/jinhuaceramic.com\/wp-content\/uploads\/2024\/07\/candle-jar-ceramic-1600x1600.webp 1600w, https:\/\/jinhuaceramic.com\/wp-content\/uploads\/2024\/07\/candle-jar-ceramic-270x270.webp 270w, https:\/\/jinhuaceramic.com\/wp-content\/uploads\/2024\/07\/candle-jar-ceramic-540x540.webp 540w, https:\/\/jinhuaceramic.com\/wp-content\/uploads\/2024\/07\/candle-jar-ceramic-660x660.webp 660w\" sizes=\"(max-width: 2776px) 100vw, 2776px\" \/><\/figure>\n<\/div>\n<\/div>","protected":false},"excerpt":{"rendered":"<p>Bienvenido a comprar tarros para velas al por mayor. Esta moderna serie de tarros de vela mate con tapa al por mayor presenta un esmalte mate \u00fanico y un tacto suave, y ofrece una variedad de opciones de color para adaptarse a diferentes estilos decorativos. La combinaci\u00f3n de dise\u00f1o sencillo y tapas pr\u00e1cticas es perfecta para escenas dom\u00e9sticas o comerciales, realzando tanto la belleza como la practicidad, y es una elecci\u00f3n ideal para recipientes de velas.<\/p>","protected":false},"featured_media":5541,"comment_status":"closed","ping_status":"closed","template":"","meta":{"_acf_changed":false},"product_brand":[],"product_cat":[52],"product_tag":[67,66],"class_list":{"0":"post-5536","1":"product","2":"type-product","3":"status-publish","4":"has-post-thumbnail","6":"product_cat-wholesale-candle-containers","7":"product_tag-bulk-candle-jars-with-lids","8":"product_tag-candle-jars-wholesale","10":"first","11":"instock","12":"shipping-taxable","13":"product-type-simple"},"acf":[],"_links":{"self":[{"href":"https:\/\/jinhuaceramic.com\/es\/wp-json\/wp\/v2\/product\/5536","targetHints":{"allow":["GET"]}}],"collection":[{"href":"https:\/\/jinhuaceramic.com\/es\/wp-json\/wp\/v2\/product"}],"about":[{"href":"https:\/\/jinhuaceramic.com\/es\/wp-json\/wp\/v2\/types\/product"}],"replies":[{"embeddable":true,"href":"https:\/\/jinhuaceramic.com\/es\/wp-json\/wp\/v2\/comments?post=5536"}],"version-history":[{"count":0,"href":"https:\/\/jinhuaceramic.com\/es\/wp-json\/wp\/v2\/product\/5536\/revisions"}],"wp:featuredmedia":[{"embeddable":true,"href":"https:\/\/jinhuaceramic.com\/es\/wp-json\/wp\/v2\/media\/5541"}],"wp:attachment":[{"href":"https:\/\/jinhuaceramic.com\/es\/wp-json\/wp\/v2\/media?parent=5536"}],"wp:term":[{"taxonomy":"product_brand","embeddable":true,"href":"https:\/\/jinhuaceramic.com\/es\/wp-json\/wp\/v2\/product_brand?post=5536"},{"taxonomy":"product_cat","embeddable":true,"href":"https:\/\/jinhuaceramic.com\/es\/wp-json\/wp\/v2\/product_cat?post=5536"},{"taxonomy":"product_tag","embeddable":true,"href":"https:\/\/jinhuaceramic.com\/es\/wp-json\/wp\/v2\/product_tag?post=5536"}],"curies":[{"name":"wp","href":"https:\/\/api.w.org\/{rel}","templated":true}]}}