{"id":5594,"date":"2024-08-02T02:57:30","date_gmt":"2024-08-02T02:57:30","guid":{"rendered":"https:\/\/jinhuaceramic.com\/?post_type=product&#038;p=5594"},"modified":"2024-09-21T03:38:07","modified_gmt":"2024-09-21T03:38:07","slug":"mug-shaped-cute-candle-jars-wholesale","status":"publish","type":"product","link":"https:\/\/jinhuaceramic.com\/es\/product\/mug-shaped-cute-candle-jars-wholesale\/","title":{"rendered":"Tarros de cer\u00e1mica en forma de taza de vela linda al por mayor con un dise\u00f1o \u00fanico"},"content":{"rendered":"<div class=\"wp-block-columns is-layout-flex wp-container-core-columns-is-layout-9d6595d7 wp-block-columns-is-layout-flex\">\n<div class=\"wp-block-column is-layout-flow wp-block-column-is-layout-flow\">\n<h3 class=\"wp-block-heading\">Premium Cute Candle Jars Wholesale Caracter\u00edsticas:<\/h3>\n\n\n\n<ul class=\"wp-block-list\">\n<li><strong>Dise\u00f1o \u00fanico: <\/strong>Estos bonitos tarros de cer\u00e1mica para velas al por mayor presentan un dise\u00f1o \u00fanico en forma de taza con asas gruesas y ergon\u00f3micas, que no s\u00f3lo son bonitas sino que tambi\u00e9n garantizan un agarre c\u00f3modo y una mayor comodidad de uso.<\/li>\n\n\n\n<li><strong>Color vers\u00e1til:<\/strong> Estos tarros de cer\u00e1mica para velas al por mayor est\u00e1n disponibles en amarillo p\u00e1lido, verde claro y un blanco iridiscente \u00fanico que desprende un ambiente c\u00e1lido y acogedor. Adem\u00e1s de los colores existentes, estos tarros de velas tambi\u00e9n se pueden personalizar en los colores que deseen los clientes.<\/li>\n\n\n\n<li><strong>Material cer\u00e1mico de alta calidad: <\/strong>Estos bonitos tarros para velas al por mayor est\u00e1n hechos de cer\u00e1mica de alta calidad, que es muy duradera y resistente a las altas temperaturas, lo que garantiza un uso seguro y duradero, sin plomo y no t\u00f3xico, m\u00e1s seguro, saludable y reutilizable que los tarros de metal.<\/li>\n\n\n\n<li><strong>Reutilizable y respetuoso con el medio ambiente:<\/strong> Una vez consumida la vela, el tarro de cer\u00e1mica puede lavarse f\u00e1cilmente y reutilizarse para diversos fines, como guardar peque\u00f1os objetos, como decoraci\u00f3n, o puede usarse como maceta para peque\u00f1as suculentas, lo que es sostenible y reduce los residuos.<\/li>\n<\/ul>\n<\/div>\n\n\n\n<div class=\"wp-block-column is-layout-flow wp-block-column-is-layout-flow\">\n<figure class=\"wp-block-image size-full\"><img fetchpriority=\"high\" decoding=\"async\" width=\"720\" height=\"721\" src=\"https:\/\/jinhuaceramic.com\/wp-content\/uploads\/2024\/08\/candle-cup.webp\" alt=\"tarros-vela-en-forma-de-taza-al-mayor-con-dise\u00f1o-\u00fanico-2\" class=\"wp-image-5595\" srcset=\"https:\/\/jinhuaceramic.com\/wp-content\/uploads\/2024\/08\/candle-cup.webp 720w, https:\/\/jinhuaceramic.com\/wp-content\/uploads\/2024\/08\/candle-cup-300x300.webp 300w, https:\/\/jinhuaceramic.com\/wp-content\/uploads\/2024\/08\/candle-cup-150x150.webp 150w, https:\/\/jinhuaceramic.com\/wp-content\/uploads\/2024\/08\/candle-cup-12x12.webp 12w, https:\/\/jinhuaceramic.com\/wp-content\/uploads\/2024\/08\/candle-cup-285x285.webp 285w, https:\/\/jinhuaceramic.com\/wp-content\/uploads\/2024\/08\/candle-cup-270x270.webp 270w, https:\/\/jinhuaceramic.com\/wp-content\/uploads\/2024\/08\/candle-cup-540x540.webp 540w, https:\/\/jinhuaceramic.com\/wp-content\/uploads\/2024\/08\/candle-cup-660x660.webp 660w\" sizes=\"(max-width: 720px) 100vw, 720px\" \/><\/figure>\n<\/div>\n<\/div>","protected":false},"excerpt":{"rendered":"<p>Estos bonitos tarros de cer\u00e1mica para velas al por mayor son populares por su material cer\u00e1mico de alta calidad, su dise\u00f1o \u00fanico en forma de taza, su reutilizaci\u00f3n y su respeto por el medio ambiente. Combinando practicidad y belleza, estos tarros de cer\u00e1mica para velas son el complemento perfecto para cualquier hogar o como regalo para los amantes de las velas.<\/p>","protected":false},"featured_media":5597,"comment_status":"closed","ping_status":"closed","template":"","meta":{"_acf_changed":false},"product_brand":[],"product_cat":[52],"product_tag":[66],"class_list":{"0":"post-5594","1":"product","2":"type-product","3":"status-publish","4":"has-post-thumbnail","6":"product_cat-wholesale-candle-containers","7":"product_tag-candle-jars-wholesale","9":"first","10":"instock","11":"shipping-taxable","12":"product-type-simple"},"acf":[],"_links":{"self":[{"href":"https:\/\/jinhuaceramic.com\/es\/wp-json\/wp\/v2\/product\/5594","targetHints":{"allow":["GET"]}}],"collection":[{"href":"https:\/\/jinhuaceramic.com\/es\/wp-json\/wp\/v2\/product"}],"about":[{"href":"https:\/\/jinhuaceramic.com\/es\/wp-json\/wp\/v2\/types\/product"}],"replies":[{"embeddable":true,"href":"https:\/\/jinhuaceramic.com\/es\/wp-json\/wp\/v2\/comments?post=5594"}],"version-history":[{"count":0,"href":"https:\/\/jinhuaceramic.com\/es\/wp-json\/wp\/v2\/product\/5594\/revisions"}],"wp:featuredmedia":[{"embeddable":true,"href":"https:\/\/jinhuaceramic.com\/es\/wp-json\/wp\/v2\/media\/5597"}],"wp:attachment":[{"href":"https:\/\/jinhuaceramic.com\/es\/wp-json\/wp\/v2\/media?parent=5594"}],"wp:term":[{"taxonomy":"product_brand","embeddable":true,"href":"https:\/\/jinhuaceramic.com\/es\/wp-json\/wp\/v2\/product_brand?post=5594"},{"taxonomy":"product_cat","embeddable":true,"href":"https:\/\/jinhuaceramic.com\/es\/wp-json\/wp\/v2\/product_cat?post=5594"},{"taxonomy":"product_tag","embeddable":true,"href":"https:\/\/jinhuaceramic.com\/es\/wp-json\/wp\/v2\/product_tag?post=5594"}],"curies":[{"name":"wp","href":"https:\/\/api.w.org\/{rel}","templated":true}]}}