{"id":5610,"date":"2024-08-02T09:55:26","date_gmt":"2024-08-02T09:55:26","guid":{"rendered":"https:\/\/jinhuaceramic.com\/?post_type=product&#038;p=5610"},"modified":"2025-03-10T08:48:16","modified_gmt":"2025-03-10T08:48:16","slug":"wholesale-ceramic-bakeware-sets","status":"publish","type":"product","link":"https:\/\/jinhuaceramic.com\/es\/product\/wholesale-ceramic-bakeware-sets\/","title":{"rendered":"Comprar al por mayor Juegos de Cer\u00e1mica para Hornear, Exquisitos Platos para Hornear"},"content":{"rendered":"<div class=\"wp-block-columns is-layout-flex wp-container-core-columns-is-layout-9d6595d7 wp-block-columns-is-layout-flex\">\n<div class=\"wp-block-column is-layout-flow wp-block-column-is-layout-flow\">\n<h3 class=\"wp-block-heading\">Premium al por mayor de cer\u00e1mica Bakeware Sets Caracter\u00edsticas:<\/h3>\n\n\n\n<ul class=\"wp-block-list\">\n<li><strong>Dise\u00f1o noble: <\/strong>Estos juegos de cer\u00e1mica para hornear al por mayor est\u00e1n dise\u00f1ados para ser elegantes e incomprensiblemente dise\u00f1ados para el estilo y el patr\u00f3n. Esto encaja en diferentes tipos de configuraciones de cocina y modales en la mesa. El dise\u00f1o no s\u00f3lo hace hincapi\u00e9 en la funcionalidad, sino que tambi\u00e9n consagra la belleza.<\/li>\n\n\n\n<li><strong>Resistente a la temperatura:<\/strong> De calidad superior, de gres resistente a altas temperaturas de hasta 450 \u00b0 F, nuestros platos para hornear al por mayor puede soportar la temperatura de cocci\u00f3n, y mantener resistente a las grietas como la cer\u00e1mica. Estos platos para hornear a granel son vers\u00e1tiles en la aplicaci\u00f3n de pan, pasteles y asado.<\/li>\n\n\n\n<li><strong>Vers\u00e1til: <\/strong>Estos juegos de cer\u00e1mica para hornear al por mayor son funcionales y muy pr\u00e1cticos, ya que pueden hornear todo tipo de alimentos, desde pollo asado hasta tarta de manzana, e incluso servirse directamente del horno a la mesa. El acabado liso reduce la tendencia a que los alimentos se peguen a la superficie, lo que facilita la limpieza.<\/li>\n\n\n\n<li><strong>Personalizaci\u00f3n flexible: <\/strong>Ofrecemos magn\u00edficos precios al por mayor de fuentes para hornear, que admiten tama\u00f1os, colores y dise\u00f1os personalizados seg\u00fan las necesidades del cliente. Ya se trate de un restaurante, hotel o minorista, puede encontrar el estilo y las especificaciones adecuadas.<\/li>\n<\/ul>\n<\/div>\n\n\n\n<div class=\"wp-block-column is-layout-flow wp-block-column-is-layout-flow\">\n<figure class=\"wp-block-image size-full\"><img fetchpriority=\"high\" decoding=\"async\" width=\"1000\" height=\"1000\" src=\"https:\/\/jinhuaceramic.com\/wp-content\/uploads\/2024\/08\/bakeware-set.webp\" alt=\"comprar juegos de utensilios de cocina de cer\u00e1mica al por mayor-1\" class=\"wp-image-5612\" srcset=\"https:\/\/jinhuaceramic.com\/wp-content\/uploads\/2024\/08\/bakeware-set.webp 1000w, https:\/\/jinhuaceramic.com\/wp-content\/uploads\/2024\/08\/bakeware-set-300x300.webp 300w, https:\/\/jinhuaceramic.com\/wp-content\/uploads\/2024\/08\/bakeware-set-150x150.webp 150w, https:\/\/jinhuaceramic.com\/wp-content\/uploads\/2024\/08\/bakeware-set-768x768.webp 768w, https:\/\/jinhuaceramic.com\/wp-content\/uploads\/2024\/08\/bakeware-set-12x12.webp 12w, https:\/\/jinhuaceramic.com\/wp-content\/uploads\/2024\/08\/bakeware-set-285x285.webp 285w, https:\/\/jinhuaceramic.com\/wp-content\/uploads\/2024\/08\/bakeware-set-270x270.webp 270w, https:\/\/jinhuaceramic.com\/wp-content\/uploads\/2024\/08\/bakeware-set-540x540.webp 540w, https:\/\/jinhuaceramic.com\/wp-content\/uploads\/2024\/08\/bakeware-set-660x660.webp 660w\" sizes=\"(max-width: 1000px) 100vw, 1000px\" \/><\/figure>\n<\/div>\n<\/div>","protected":false},"excerpt":{"rendered":"<p>Bienvenido a comprar vajillas para hornear. Nuestros juegos de cer\u00e1mica para hornear al por mayor son productos delicados y de buena calidad, de cer\u00e1mica resistente a altas temperaturas. Eso da una muy buena sensaci\u00f3n al hornear. Su versatilidad hace que sea adecuado para hornear y mostrar una gran cantidad de alimentos, conveniente y hermoso. Se puede personalizar en masa, y es la mejor opci\u00f3n para restaurantes, minoristas y uso dom\u00e9stico.<\/p>","protected":false},"featured_media":5615,"comment_status":"closed","ping_status":"closed","template":"","meta":{"_acf_changed":false},"product_brand":[],"product_cat":[53],"product_tag":[71],"class_list":{"0":"post-5610","1":"product","2":"type-product","3":"status-publish","4":"has-post-thumbnail","6":"product_cat-bakeware-in-bulk","7":"product_tag-wholesale-baking-pans","9":"first","10":"instock","11":"shipping-taxable","12":"product-type-simple"},"acf":[],"_links":{"self":[{"href":"https:\/\/jinhuaceramic.com\/es\/wp-json\/wp\/v2\/product\/5610","targetHints":{"allow":["GET"]}}],"collection":[{"href":"https:\/\/jinhuaceramic.com\/es\/wp-json\/wp\/v2\/product"}],"about":[{"href":"https:\/\/jinhuaceramic.com\/es\/wp-json\/wp\/v2\/types\/product"}],"replies":[{"embeddable":true,"href":"https:\/\/jinhuaceramic.com\/es\/wp-json\/wp\/v2\/comments?post=5610"}],"version-history":[{"count":0,"href":"https:\/\/jinhuaceramic.com\/es\/wp-json\/wp\/v2\/product\/5610\/revisions"}],"wp:featuredmedia":[{"embeddable":true,"href":"https:\/\/jinhuaceramic.com\/es\/wp-json\/wp\/v2\/media\/5615"}],"wp:attachment":[{"href":"https:\/\/jinhuaceramic.com\/es\/wp-json\/wp\/v2\/media?parent=5610"}],"wp:term":[{"taxonomy":"product_brand","embeddable":true,"href":"https:\/\/jinhuaceramic.com\/es\/wp-json\/wp\/v2\/product_brand?post=5610"},{"taxonomy":"product_cat","embeddable":true,"href":"https:\/\/jinhuaceramic.com\/es\/wp-json\/wp\/v2\/product_cat?post=5610"},{"taxonomy":"product_tag","embeddable":true,"href":"https:\/\/jinhuaceramic.com\/es\/wp-json\/wp\/v2\/product_tag?post=5610"}],"curies":[{"name":"wp","href":"https:\/\/api.w.org\/{rel}","templated":true}]}}