{"id":5624,"date":"2024-08-03T09:46:11","date_gmt":"2024-08-03T09:46:11","guid":{"rendered":"https:\/\/jinhuaceramic.com\/?post_type=product&#038;p=5624"},"modified":"2024-11-05T03:46:31","modified_gmt":"2024-11-05T03:46:31","slug":"wholesale-bathroom-accessory-set","status":"publish","type":"product","link":"https:\/\/jinhuaceramic.com\/es\/product\/wholesale-bathroom-accessory-set\/","title":{"rendered":"Juego de Accesorios de Ba\u00f1o de Lujo al por Mayor, Accesorios de Ba\u00f1o Chic al por Mayor"},"content":{"rendered":"<div class=\"wp-block-columns is-layout-flex wp-container-core-columns-is-layout-9d6595d7 wp-block-columns-is-layout-flex\">\n<div class=\"wp-block-column is-layout-flow wp-block-column-is-layout-flow\">\n<h3 class=\"wp-block-heading\">Juego de accesorios de ba\u00f1o de primera calidad al por mayor Caracter\u00edsticas:<\/h3>\n\n\n\n<ul class=\"wp-block-list\">\n<li><strong>Exquisita decoraci\u00f3n estampada, lujosa sensaci\u00f3n visual: <\/strong>Este conjunto de accesorios de ba\u00f1o al por mayor utiliza un exquisito dise\u00f1o para aportar una sensaci\u00f3n de lujo a la vista. Ya sea para un cuarto de ba\u00f1o en casa o un hotel de clase alta, que refleja la elegancia y el gusto de moda.<\/li>\n\n\n\n<li><strong>Dise\u00f1o con bordes dorados, que resalta su elegante calidad:<\/strong> Cada bulto de accesorios de ba\u00f1o est\u00e1 decorado con bordes dorados, lo que a\u00f1ade m\u00e1s nobleza al producto. La combinaci\u00f3n de detalles dorados y patrones exquisitos revela a la perfecci\u00f3n el equilibrio entre elegancia y aristocracia.<\/li>\n\n\n\n<li><strong>Cer\u00e1mica de alta calidad, duradera y f\u00e1cil de limpiar:<\/strong> Nuestro juego de accesorios de ba\u00f1o al por mayor est\u00e1 fabricado con materiales cer\u00e1micos de alta calidad, con una superficie suave y delicada, excelente durabilidad y capacidad para resistir la decoloraci\u00f3n. Los materiales cer\u00e1micos son f\u00e1ciles de limpiar y pueden mantenerse brillantes como nuevos durante mucho tiempo.<\/li>\n\n\n\n<li><strong>Tanto funcionales como de embellecimiento: <\/strong>Estos accesorios de ba\u00f1o a granel incluyen pr\u00e1cticos art\u00edculos de ba\u00f1o, como jaboneras, dosificadores de jab\u00f3n, vasos para cepillos de dientes, etc., todos ellos muy completos, de gran belleza visual y que aportan una textura de gran calidad al cuarto de ba\u00f1o.<\/li>\n<\/ul>\n<\/div>\n\n\n\n<div class=\"wp-block-column is-layout-flow wp-block-column-is-layout-flow\">\n<figure class=\"wp-block-image size-full\"><img fetchpriority=\"high\" decoding=\"async\" width=\"673\" height=\"666\" src=\"https:\/\/jinhuaceramic.com\/wp-content\/uploads\/2024\/08\/bathroom-accessory-set.webp\" alt=\"Juego de Accesorios de Ba\u00f1o de Lujo al por Mayor, Accesorios de Ba\u00f1o Chic a Granel-1\" class=\"wp-image-5625\" srcset=\"https:\/\/jinhuaceramic.com\/wp-content\/uploads\/2024\/08\/bathroom-accessory-set.webp 673w, https:\/\/jinhuaceramic.com\/wp-content\/uploads\/2024\/08\/bathroom-accessory-set-300x297.webp 300w, https:\/\/jinhuaceramic.com\/wp-content\/uploads\/2024\/08\/bathroom-accessory-set-12x12.webp 12w, https:\/\/jinhuaceramic.com\/wp-content\/uploads\/2024\/08\/bathroom-accessory-set-285x282.webp 285w, https:\/\/jinhuaceramic.com\/wp-content\/uploads\/2024\/08\/bathroom-accessory-set-660x653.webp 660w, https:\/\/jinhuaceramic.com\/wp-content\/uploads\/2024\/08\/bathroom-accessory-set-150x148.webp 150w\" sizes=\"(max-width: 673px) 100vw, 673px\" \/><\/figure>\n<\/div>\n<\/div>","protected":false},"excerpt":{"rendered":"<p>Bienvenido a comprar accesorios de ba\u00f1o al por mayor. Este lujoso juego de accesorios de ba\u00f1o al por mayor con delicados motivos y bordes dorados desprende elegancia y nobleza en cada detalle. Material de cer\u00e1mica fina de excelente durabilidad y f\u00e1cil limpieza. Satisface las necesidades de un juego completo de accesorios, adecuado para familias de alta gama y hoteles de lujo para comprar al por mayor.<\/p>","protected":false},"featured_media":5629,"comment_status":"closed","ping_status":"closed","template":"","meta":{"_acf_changed":false},"product_brand":[],"product_cat":[51],"product_tag":[74],"class_list":{"0":"post-5624","1":"product","2":"type-product","3":"status-publish","4":"has-post-thumbnail","6":"product_cat-bathroom-accessories-wholesale","7":"product_tag-ceramic-bath-accessories-wholesale","9":"first","10":"instock","11":"shipping-taxable","12":"product-type-simple"},"acf":[],"_links":{"self":[{"href":"https:\/\/jinhuaceramic.com\/es\/wp-json\/wp\/v2\/product\/5624","targetHints":{"allow":["GET"]}}],"collection":[{"href":"https:\/\/jinhuaceramic.com\/es\/wp-json\/wp\/v2\/product"}],"about":[{"href":"https:\/\/jinhuaceramic.com\/es\/wp-json\/wp\/v2\/types\/product"}],"replies":[{"embeddable":true,"href":"https:\/\/jinhuaceramic.com\/es\/wp-json\/wp\/v2\/comments?post=5624"}],"version-history":[{"count":0,"href":"https:\/\/jinhuaceramic.com\/es\/wp-json\/wp\/v2\/product\/5624\/revisions"}],"wp:featuredmedia":[{"embeddable":true,"href":"https:\/\/jinhuaceramic.com\/es\/wp-json\/wp\/v2\/media\/5629"}],"wp:attachment":[{"href":"https:\/\/jinhuaceramic.com\/es\/wp-json\/wp\/v2\/media?parent=5624"}],"wp:term":[{"taxonomy":"product_brand","embeddable":true,"href":"https:\/\/jinhuaceramic.com\/es\/wp-json\/wp\/v2\/product_brand?post=5624"},{"taxonomy":"product_cat","embeddable":true,"href":"https:\/\/jinhuaceramic.com\/es\/wp-json\/wp\/v2\/product_cat?post=5624"},{"taxonomy":"product_tag","embeddable":true,"href":"https:\/\/jinhuaceramic.com\/es\/wp-json\/wp\/v2\/product_tag?post=5624"}],"curies":[{"name":"wp","href":"https:\/\/api.w.org\/{rel}","templated":true}]}}