{"id":5640,"date":"2024-08-07T10:05:30","date_gmt":"2024-08-07T10:05:30","guid":{"rendered":"https:\/\/jinhuaceramic.com\/?post_type=product&#038;p=5640"},"modified":"2024-10-15T06:47:23","modified_gmt":"2024-10-15T06:47:23","slug":"factory-supply-candle-jar-bulk","status":"publish","type":"product","link":"https:\/\/jinhuaceramic.com\/es\/product\/factory-supply-candle-jar-bulk\/","title":{"rendered":"Delicados Tarros para Velas al por mayor, Recipientes de lujo para velas al por mayor"},"content":{"rendered":"<div class=\"wp-block-columns is-layout-flex wp-container-core-columns-is-layout-9d6595d7 wp-block-columns-is-layout-flex\">\n<div class=\"wp-block-column is-layout-flow wp-block-column-is-layout-flow\">\n<h3 class=\"wp-block-heading\">Tarro de cer\u00e1mica de primera calidad para velas a granel Caracter\u00edsticas:<\/h3>\n\n\n\n<ul class=\"wp-block-list\">\n<li><strong>Exquisito dise\u00f1o de l\u00edneas en relieve: <\/strong>Este tarro de cer\u00e1mica para velas a granel presenta un exquisito dise\u00f1o de l\u00edneas en relieve con una textura tridimensional, que a\u00f1ade una estratificaci\u00f3n visual al producto. Cada detalle est\u00e1 cuidadosamente tallado para crear un aspecto general lujoso y de alta gama.<\/li>\n\n\n\n<li><strong>Sistema de color Morandi de alta gama: <\/strong>Nuestros lujosos recipientes para velas al por mayor ofrecen una gran variedad de opciones de colores Morandi, con tonos suaves y sobrios que pueden combinarse f\u00e1cilmente con diversos estilos de decoraci\u00f3n de interiores. Tanto si se trata de un entorno dom\u00e9stico como de un local comercial, los tonos Morandi pueden aportar un disfrute visual apacible y confortable y realzar el sabor del espacio.<\/li>\n\n\n\n<li><strong>Excelente toque: <\/strong>La superficie de este tarro de cer\u00e1mica para velas a granel se ha procesado con delicadeza y resulta muy agradable al tacto. Al tocarlo, se puede sentir la textura tridimensional del exquisito relieve, que a\u00f1ade una sensaci\u00f3n de artesan\u00eda al producto. Este delicado tacto hace que el producto no s\u00f3lo destaque visualmente, sino que tambi\u00e9n proporciona a la gente una agradable experiencia al utilizarlo.<\/li>\n\n\n\n<li><strong>Admite la personalizaci\u00f3n masiva para satisfacer diversas necesidades: <\/strong>Ofrecemos servicios de suministro y personalizaci\u00f3n a gran escala de recipientes de lujo para velas al por mayor. Los clientes pueden elegir colores exclusivos y la impresi\u00f3n del logotipo seg\u00fan su imagen de marca o la demanda del mercado para crear productos personalizados.<\/li>\n<\/ul>\n<\/div>\n\n\n\n<div class=\"wp-block-column is-layout-flow wp-block-column-is-layout-flow\">\n<figure class=\"wp-block-image size-full\"><img fetchpriority=\"high\" decoding=\"async\" width=\"800\" height=\"800\" src=\"https:\/\/jinhuaceramic.com\/wp-content\/uploads\/2024\/08\/candle-jar-empty.webp\" alt=\"Delicados Tarros de Velas a Granel, Recipientes de Lujo para Velas al por Mayor-1\" class=\"wp-image-5644\" srcset=\"https:\/\/jinhuaceramic.com\/wp-content\/uploads\/2024\/08\/candle-jar-empty.webp 800w, https:\/\/jinhuaceramic.com\/wp-content\/uploads\/2024\/08\/candle-jar-empty-300x300.webp 300w, https:\/\/jinhuaceramic.com\/wp-content\/uploads\/2024\/08\/candle-jar-empty-150x150.webp 150w, https:\/\/jinhuaceramic.com\/wp-content\/uploads\/2024\/08\/candle-jar-empty-768x768.webp 768w, https:\/\/jinhuaceramic.com\/wp-content\/uploads\/2024\/08\/candle-jar-empty-12x12.webp 12w, https:\/\/jinhuaceramic.com\/wp-content\/uploads\/2024\/08\/candle-jar-empty-285x285.webp 285w, https:\/\/jinhuaceramic.com\/wp-content\/uploads\/2024\/08\/candle-jar-empty-270x270.webp 270w, https:\/\/jinhuaceramic.com\/wp-content\/uploads\/2024\/08\/candle-jar-empty-540x540.webp 540w, https:\/\/jinhuaceramic.com\/wp-content\/uploads\/2024\/08\/candle-jar-empty-660x660.webp 660w\" sizes=\"(max-width: 800px) 100vw, 800px\" \/><\/figure>\n<\/div>\n<\/div>","protected":false},"excerpt":{"rendered":"<p>Bienvenido a comprar tarros de cer\u00e1mica para velas al por mayor. Nuestros lujosos recipientes para velas al por mayor est\u00e1n dise\u00f1ados con exquisitas l\u00edneas en relieve y colores Morandi de alta calidad, que aportan efectos visuales elegantes y discretos y una excelente experiencia al tacto. Su delicado tacto y sus m\u00faltiples opciones de color lo convierten en una decoraci\u00f3n ideal para el hogar y en un regalo de alta gama. Admitimos compras al por mayor y servicios personalizados para satisfacer las necesidades de las empresas.<\/p>","protected":false},"featured_media":5645,"comment_status":"closed","ping_status":"closed","template":"","meta":{"_acf_changed":false},"product_brand":[],"product_cat":[52],"product_tag":[66],"class_list":{"0":"post-5640","1":"product","2":"type-product","3":"status-publish","4":"has-post-thumbnail","6":"product_cat-wholesale-candle-containers","7":"product_tag-candle-jars-wholesale","9":"first","10":"instock","11":"shipping-taxable","12":"product-type-simple"},"acf":[],"_links":{"self":[{"href":"https:\/\/jinhuaceramic.com\/es\/wp-json\/wp\/v2\/product\/5640","targetHints":{"allow":["GET"]}}],"collection":[{"href":"https:\/\/jinhuaceramic.com\/es\/wp-json\/wp\/v2\/product"}],"about":[{"href":"https:\/\/jinhuaceramic.com\/es\/wp-json\/wp\/v2\/types\/product"}],"replies":[{"embeddable":true,"href":"https:\/\/jinhuaceramic.com\/es\/wp-json\/wp\/v2\/comments?post=5640"}],"version-history":[{"count":0,"href":"https:\/\/jinhuaceramic.com\/es\/wp-json\/wp\/v2\/product\/5640\/revisions"}],"wp:featuredmedia":[{"embeddable":true,"href":"https:\/\/jinhuaceramic.com\/es\/wp-json\/wp\/v2\/media\/5645"}],"wp:attachment":[{"href":"https:\/\/jinhuaceramic.com\/es\/wp-json\/wp\/v2\/media?parent=5640"}],"wp:term":[{"taxonomy":"product_brand","embeddable":true,"href":"https:\/\/jinhuaceramic.com\/es\/wp-json\/wp\/v2\/product_brand?post=5640"},{"taxonomy":"product_cat","embeddable":true,"href":"https:\/\/jinhuaceramic.com\/es\/wp-json\/wp\/v2\/product_cat?post=5640"},{"taxonomy":"product_tag","embeddable":true,"href":"https:\/\/jinhuaceramic.com\/es\/wp-json\/wp\/v2\/product_tag?post=5640"}],"curies":[{"name":"wp","href":"https:\/\/api.w.org\/{rel}","templated":true}]}}