{"id":5653,"date":"2024-08-07T10:14:22","date_gmt":"2024-08-07T10:14:22","guid":{"rendered":"https:\/\/jinhuaceramic.com\/?post_type=product&#038;p=5653"},"modified":"2025-03-11T08:21:04","modified_gmt":"2025-03-11T08:21:04","slug":"factory-wholesale-bakeware","status":"publish","type":"product","link":"https:\/\/jinhuaceramic.com\/es\/product\/factory-wholesale-bakeware\/","title":{"rendered":"Mayorista Bakeware Set, Ramequines y moldes de cer\u00e1mica para tartas al por mayor"},"content":{"rendered":"<div class=\"wp-block-columns is-layout-flex wp-container-core-columns-is-layout-9d6595d7 wp-block-columns-is-layout-flex\">\n<div class=\"wp-block-column is-layout-flow wp-block-column-is-layout-flow\">\n<h3 class=\"wp-block-heading\">Bakeware Premium al por mayor Caracter\u00edsticas:<\/h3>\n\n\n\n<ul class=\"wp-block-list\">\n<li><strong>Tama\u00f1os y formas variados: <\/strong>Este juego de utensilios para hornear al por mayor incluye fuentes de cer\u00e1mica para hornear, moldes para hornear, moldes para tartas y ramequines de varios tama\u00f1os y formas adecuados para diferentes necesidades de horneado.<\/li>\n\n\n\n<li><strong>Dise\u00f1o estampado en azul y blanco: <\/strong>Estos ramequines y moldes para tartas de cer\u00e1mica a granel utilizan el blanco cl\u00e1sico con exquisitos motivos azules, que pueden embellecer los utensilios de reposter\u00eda y aportar un ambiente art\u00edstico a la cocina y a la mesa de comedor, sea cual sea el estilo de la vajilla.<\/li>\n\n\n\n<li><strong>Material cer\u00e1mico de alta calidad:<\/strong> Todos los utensilios para hornear al por mayor est\u00e1n fabricados con cer\u00e1mica duradera de alta calidad, capaz de distribuir uniformemente el calor en el interior, lo que garantiza que, al hornear, los alimentos se calienten uniformemente y adquieran un sabor perfecto; la resistencia de la cer\u00e1mica a las altas temperaturas permite utilizarla tanto en hornos como en microondas.<\/li>\n\n\n\n<li><strong>F\u00e1cil limpieza y mantenimiento: <\/strong>Estos moldes de cer\u00e1mica y moldes para tartas a granel tienen un bonito aspecto, pero tambi\u00e9n son seguros para su uso en lavavajillas, f\u00e1ciles de limpiar, lo que ayuda a los usuarios a terminar r\u00e1pidamente el trabajo despu\u00e9s de hornear.<\/li>\n<\/ul>\n<\/div>\n\n\n\n<div class=\"wp-block-column is-layout-flow wp-block-column-is-layout-flow\">\n<figure class=\"wp-block-image size-full\"><img fetchpriority=\"high\" decoding=\"async\" width=\"456\" height=\"456\" src=\"https:\/\/jinhuaceramic.com\/wp-content\/uploads\/2024\/08\/ceramic-bakeware-1.webp\" alt=\"F\u00e1brica al por mayor de utensilios para hornear, bandejas de cer\u00e1mica para hornear a granel\" class=\"wp-image-5659\" srcset=\"https:\/\/jinhuaceramic.com\/wp-content\/uploads\/2024\/08\/ceramic-bakeware-1.webp 456w, https:\/\/jinhuaceramic.com\/wp-content\/uploads\/2024\/08\/ceramic-bakeware-1-300x300.webp 300w, https:\/\/jinhuaceramic.com\/wp-content\/uploads\/2024\/08\/ceramic-bakeware-1-150x150.webp 150w, https:\/\/jinhuaceramic.com\/wp-content\/uploads\/2024\/08\/ceramic-bakeware-1-12x12.webp 12w, https:\/\/jinhuaceramic.com\/wp-content\/uploads\/2024\/08\/ceramic-bakeware-1-285x285.webp 285w, https:\/\/jinhuaceramic.com\/wp-content\/uploads\/2024\/08\/ceramic-bakeware-1-270x270.webp 270w\" sizes=\"(max-width: 456px) 100vw, 456px\" \/><\/figure>\n<\/div>\n<\/div>\n\n\n\n<p><\/p>","protected":false},"excerpt":{"rendered":"<p>Bienvenido a comprar ramequines de cer\u00e1mica y moldes para tartas al por mayor. Esta serie de utensilios para hornear al por mayor contiene boles para hornear y moldes para tartas de varios tama\u00f1os y formas para adaptarse a diversos fines en la reposter\u00eda. Adem\u00e1s, sus elegantes motivos blancos y azules a\u00f1aden un delicado toque decorativo a la cocina y la mesa de comedor, mostrando plenamente la mezcla perfecta de belleza y practicidad.<\/p>","protected":false},"featured_media":5655,"comment_status":"closed","ping_status":"closed","template":"","meta":{"_acf_changed":false},"product_brand":[],"product_cat":[53],"product_tag":[71],"class_list":{"0":"post-5653","1":"product","2":"type-product","3":"status-publish","4":"has-post-thumbnail","6":"product_cat-bakeware-in-bulk","7":"product_tag-wholesale-baking-pans","9":"first","10":"instock","11":"shipping-taxable","12":"product-type-simple"},"acf":[],"_links":{"self":[{"href":"https:\/\/jinhuaceramic.com\/es\/wp-json\/wp\/v2\/product\/5653","targetHints":{"allow":["GET"]}}],"collection":[{"href":"https:\/\/jinhuaceramic.com\/es\/wp-json\/wp\/v2\/product"}],"about":[{"href":"https:\/\/jinhuaceramic.com\/es\/wp-json\/wp\/v2\/types\/product"}],"replies":[{"embeddable":true,"href":"https:\/\/jinhuaceramic.com\/es\/wp-json\/wp\/v2\/comments?post=5653"}],"version-history":[{"count":0,"href":"https:\/\/jinhuaceramic.com\/es\/wp-json\/wp\/v2\/product\/5653\/revisions"}],"wp:featuredmedia":[{"embeddable":true,"href":"https:\/\/jinhuaceramic.com\/es\/wp-json\/wp\/v2\/media\/5655"}],"wp:attachment":[{"href":"https:\/\/jinhuaceramic.com\/es\/wp-json\/wp\/v2\/media?parent=5653"}],"wp:term":[{"taxonomy":"product_brand","embeddable":true,"href":"https:\/\/jinhuaceramic.com\/es\/wp-json\/wp\/v2\/product_brand?post=5653"},{"taxonomy":"product_cat","embeddable":true,"href":"https:\/\/jinhuaceramic.com\/es\/wp-json\/wp\/v2\/product_cat?post=5653"},{"taxonomy":"product_tag","embeddable":true,"href":"https:\/\/jinhuaceramic.com\/es\/wp-json\/wp\/v2\/product_tag?post=5653"}],"curies":[{"name":"wp","href":"https:\/\/api.w.org\/{rel}","templated":true}]}}