{"id":5663,"date":"2024-08-07T10:24:28","date_gmt":"2024-08-07T10:24:28","guid":{"rendered":"https:\/\/jinhuaceramic.com\/?post_type=product&#038;p=5663"},"modified":"2024-11-05T03:42:03","modified_gmt":"2024-11-05T03:42:03","slug":"wholesale-bathroom-accessories-bulk","status":"publish","type":"product","link":"https:\/\/jinhuaceramic.com\/es\/product\/wholesale-bathroom-accessories-bulk\/","title":{"rendered":"Accesorios de ba\u00f1o de cer\u00e1mica al por mayor, Elegantes dispensadores de jab\u00f3n al por mayor"},"content":{"rendered":"<div class=\"wp-block-columns is-layout-flex wp-container-core-columns-is-layout-9d6595d7 wp-block-columns-is-layout-flex\">\n<div class=\"wp-block-column is-layout-flow wp-block-column-is-layout-flow\">\n<h3 class=\"wp-block-heading\">Accesorios de ba\u00f1o Premium a granel Caracter\u00edsticas:<\/h3>\n\n\n\n<ul class=\"wp-block-list\">\n<li><strong>Dise\u00f1o exquisito y complicado:<\/strong> Este juego a granel de accesorios de ba\u00f1o blancos tiene una forma \u00fanica y est\u00e1 decorado con motivos en forma de coraz\u00f3n, que atraen un toque c\u00e1lido y rom\u00e1ntico. Tanto para el hogar como para un hotel boutique, aportar\u00e1 una experiencia visual c\u00e1lida y suave.<\/li>\n\n\n\n<li><strong>Color blanco a juego, estilo vers\u00e1til:<\/strong> Fabricado en cer\u00e1mica blanca pura, su aspecto es sencillo y generoso. Tanto si su cuarto de ba\u00f1o es de estilo moderno, cl\u00e1sico o buc\u00f3lico, nuestros dispensadores de jab\u00f3n, jaboneras y portacepillos de dientes al por mayor a granel se integrar\u00e1n perfectamente en su cuarto de ba\u00f1o para proporcionarle un ambiente limpio y confortable.<\/li>\n\n\n\n<li><strong>Material de primera calidad:<\/strong> Nuestros accesorios de ba\u00f1o blancos a granel son adecuados para el uso diario o para las necesidades de hoteles de alta gama. El material cer\u00e1mico es de primera calidad, fuerte y duradero, con una superficie suave y delicada, resistente a los ara\u00f1azos y buena resistencia a los \u00e1cidos. Es f\u00e1cil de limpiar y mantiene el brillo como nuevo despu\u00e9s de mucho tiempo de uso.<\/li>\n\n\n\n<li><strong>Accesorios de ba\u00f1o completos, muy pr\u00e1cticos: <\/strong>Este set de ba\u00f1o de cer\u00e1mica al por mayor incluye dispensadores de jab\u00f3n al por mayor, jaboneras y portacepillos de dientes al por mayor en masa que se venden al por mayor a precios muy asequibles. Los accesorios son todos completamente funcionales y s\u00f3lo servir\u00e1 a las necesidades diarias al tiempo que el cuarto de ba\u00f1o m\u00e1s limpio y m\u00e1s bella, proporcionando as\u00ed una experiencia de uso m\u00e1s c\u00f3modo.<\/li>\n<\/ul>\n<\/div>\n\n\n\n<div class=\"wp-block-column is-layout-flow wp-block-column-is-layout-flow\">\n<figure class=\"wp-block-image size-full\"><img fetchpriority=\"high\" decoding=\"async\" width=\"750\" height=\"1000\" src=\"https:\/\/jinhuaceramic.com\/wp-content\/uploads\/2024\/08\/bathroom-sets.webp\" alt=\"Accesorios de Ba\u00f1o de Cer\u00e1mica a Granel, Elegantes Dispensadores de Jab\u00f3n al por Mayor-1\" class=\"wp-image-5668\" srcset=\"https:\/\/jinhuaceramic.com\/wp-content\/uploads\/2024\/08\/bathroom-sets.webp 750w, https:\/\/jinhuaceramic.com\/wp-content\/uploads\/2024\/08\/bathroom-sets-225x300.webp 225w, https:\/\/jinhuaceramic.com\/wp-content\/uploads\/2024\/08\/bathroom-sets-9x12.webp 9w, https:\/\/jinhuaceramic.com\/wp-content\/uploads\/2024\/08\/bathroom-sets-285x380.webp 285w, https:\/\/jinhuaceramic.com\/wp-content\/uploads\/2024\/08\/bathroom-sets-495x660.webp 495w, https:\/\/jinhuaceramic.com\/wp-content\/uploads\/2024\/08\/bathroom-sets-113x150.webp 113w\" sizes=\"(max-width: 750px) 100vw, 750px\" \/><\/figure>\n<\/div>\n<\/div>","protected":false},"excerpt":{"rendered":"<p>Bienvenido a comprar accesorios de ba\u00f1o al por mayor. Este dispensador de jab\u00f3n al por mayor, jabonera y portacepillos de dientes al por mayor est\u00e1n hechos con elegantes patrones en forma de coraz\u00f3n, creando un ambiente c\u00e1lido y rom\u00e1ntico en el ba\u00f1o. El blanco puro puede combinar con todos los estilos. El material de cer\u00e1mica lo hace duradero y f\u00e1cil de limpiar.<\/p>","protected":false},"featured_media":5669,"comment_status":"closed","ping_status":"closed","template":"","meta":{"_acf_changed":false},"product_brand":[],"product_cat":[51],"product_tag":[74],"class_list":{"0":"post-5663","1":"product","2":"type-product","3":"status-publish","4":"has-post-thumbnail","6":"product_cat-bathroom-accessories-wholesale","7":"product_tag-ceramic-bath-accessories-wholesale","9":"first","10":"instock","11":"shipping-taxable","12":"product-type-simple"},"acf":[],"_links":{"self":[{"href":"https:\/\/jinhuaceramic.com\/es\/wp-json\/wp\/v2\/product\/5663","targetHints":{"allow":["GET"]}}],"collection":[{"href":"https:\/\/jinhuaceramic.com\/es\/wp-json\/wp\/v2\/product"}],"about":[{"href":"https:\/\/jinhuaceramic.com\/es\/wp-json\/wp\/v2\/types\/product"}],"replies":[{"embeddable":true,"href":"https:\/\/jinhuaceramic.com\/es\/wp-json\/wp\/v2\/comments?post=5663"}],"version-history":[{"count":0,"href":"https:\/\/jinhuaceramic.com\/es\/wp-json\/wp\/v2\/product\/5663\/revisions"}],"wp:featuredmedia":[{"embeddable":true,"href":"https:\/\/jinhuaceramic.com\/es\/wp-json\/wp\/v2\/media\/5669"}],"wp:attachment":[{"href":"https:\/\/jinhuaceramic.com\/es\/wp-json\/wp\/v2\/media?parent=5663"}],"wp:term":[{"taxonomy":"product_brand","embeddable":true,"href":"https:\/\/jinhuaceramic.com\/es\/wp-json\/wp\/v2\/product_brand?post=5663"},{"taxonomy":"product_cat","embeddable":true,"href":"https:\/\/jinhuaceramic.com\/es\/wp-json\/wp\/v2\/product_cat?post=5663"},{"taxonomy":"product_tag","embeddable":true,"href":"https:\/\/jinhuaceramic.com\/es\/wp-json\/wp\/v2\/product_tag?post=5663"}],"curies":[{"name":"wp","href":"https:\/\/api.w.org\/{rel}","templated":true}]}}