{"id":5694,"date":"2024-08-10T10:10:47","date_gmt":"2024-08-10T10:10:47","guid":{"rendered":"https:\/\/jinhuaceramic.com\/?post_type=product&#038;p=5694"},"modified":"2024-11-07T10:03:28","modified_gmt":"2024-11-07T10:03:28","slug":"tealight-candle-holder-wholesale","status":"publish","type":"product","link":"https:\/\/jinhuaceramic.com\/es\/product\/tealight-candle-holder-wholesale\/","title":{"rendered":"Portacandelitas de Cer\u00e1mica al por mayor, Difusor de Aceites Esenciales al por mayor"},"content":{"rendered":"<div class=\"wp-block-columns is-layout-flex wp-container-core-columns-is-layout-9d6595d7 wp-block-columns-is-layout-flex\">\n<div class=\"wp-block-column is-layout-flow wp-block-column-is-layout-flow\">\n<h3 class=\"wp-block-heading\">Portacandelitas de cer\u00e1mica al por mayor Caracter\u00edsticas:<\/h3>\n\n\n\n<ul class=\"wp-block-list\">\n<li><strong>La funcionalidad se une a la belleza:<\/strong> Este exquisito portacandelitas de cer\u00e1mica de dos capas tiene al por mayor un cuenco difusor en la capa superior para aceites esenciales y un espacio para colocar candelitas en la capa inferior. Puede colocarse en dormitorios, salones o spas.<\/li>\n\n\n\n<li><strong>Combinar la difusi\u00f3n con la iluminaci\u00f3n: <\/strong>Este gran difusor de aceites esenciales a granel combina las funciones de difusi\u00f3n de aceites esenciales e iluminaci\u00f3n de velas candelita para crear un ambiente sereno en un segundo. Viene con luz suave y fragancia al mismo tiempo, por lo que no s\u00f3lo es m\u00e1s funcional, pero tambi\u00e9n es capaz de dar a este producto un efecto de decoraci\u00f3n especial.<\/li>\n\n\n\n<li><strong>Disponible en muchos colores para adaptarse a diferentes estilos decorativos:<\/strong> Nuestro portacandelitas de cer\u00e1mica al por mayor tiene m\u00faltiples opciones de color, desde suaves tonos neutros hasta vivos colores brillantes, que podr\u00edan encajar perfectamente con alguna decoraci\u00f3n particular del hogar.<\/li>\n\n\n\n<li><strong>Material cer\u00e1mico de alta calidad, duradero y f\u00e1cil de limpiar:<\/strong> El difusor de aceites esenciales a granel tiene una buena resistencia al calor y es f\u00e1cil de limpiar. De este modo, la superficie de la cer\u00e1mica es lisa y f\u00e1cil de limpiar, por lo que se mantendr\u00e1 en buen estado durante un uso prolongado. Tambi\u00e9n es seguro y respetuoso con el medio ambiente para su uso en hogares o lugares comerciales.<\/li>\n<\/ul>\n<\/div>\n\n\n\n<div class=\"wp-block-column is-layout-flow wp-block-column-is-layout-flow\">\n<figure class=\"wp-block-image size-full\"><img fetchpriority=\"high\" decoding=\"async\" width=\"1052\" height=\"1052\" src=\"https:\/\/jinhuaceramic.com\/wp-content\/uploads\/2024\/08\/ceramic-tealight-candle-holder.webp\" alt=\"Portavelas de Cer\u00e1mica al por mayor, Difusores de Aroma\" class=\"wp-image-5697\" srcset=\"https:\/\/jinhuaceramic.com\/wp-content\/uploads\/2024\/08\/ceramic-tealight-candle-holder.webp 1052w, https:\/\/jinhuaceramic.com\/wp-content\/uploads\/2024\/08\/ceramic-tealight-candle-holder-300x300.webp 300w, https:\/\/jinhuaceramic.com\/wp-content\/uploads\/2024\/08\/ceramic-tealight-candle-holder-150x150.webp 150w, https:\/\/jinhuaceramic.com\/wp-content\/uploads\/2024\/08\/ceramic-tealight-candle-holder-768x768.webp 768w, https:\/\/jinhuaceramic.com\/wp-content\/uploads\/2024\/08\/ceramic-tealight-candle-holder-12x12.webp 12w, https:\/\/jinhuaceramic.com\/wp-content\/uploads\/2024\/08\/ceramic-tealight-candle-holder-285x285.webp 285w, https:\/\/jinhuaceramic.com\/wp-content\/uploads\/2024\/08\/ceramic-tealight-candle-holder-270x270.webp 270w, https:\/\/jinhuaceramic.com\/wp-content\/uploads\/2024\/08\/ceramic-tealight-candle-holder-540x540.webp 540w, https:\/\/jinhuaceramic.com\/wp-content\/uploads\/2024\/08\/ceramic-tealight-candle-holder-660x660.webp 660w\" sizes=\"(max-width: 1052px) 100vw, 1052px\" \/><\/figure>\n<\/div>\n<\/div>","protected":false},"excerpt":{"rendered":"<p>Bienvenido a comprar portavelas de t\u00e9 al por mayor. El hermoso difusor de aceite esencial a granel tiene un dise\u00f1o de dos niveles: el nivel superior se utiliza para la difusi\u00f3n de aceite esencial, y el nivel inferior pone velas de t\u00e9 en el interior y combina la doble funci\u00f3n de difusi\u00f3n de aroma y la iluminaci\u00f3n. Hay muchos colores disponibles para diferentes estilos de hogar.<\/p>","protected":false},"featured_media":5695,"comment_status":"closed","ping_status":"closed","template":"","meta":{"_acf_changed":false},"product_brand":[],"product_cat":[52],"product_tag":[79],"class_list":{"0":"post-5694","1":"product","2":"type-product","3":"status-publish","4":"has-post-thumbnail","6":"product_cat-wholesale-candle-containers","7":"product_tag-tea-light-candle-holders-bulk","9":"first","10":"instock","11":"shipping-taxable","12":"product-type-simple"},"acf":[],"_links":{"self":[{"href":"https:\/\/jinhuaceramic.com\/es\/wp-json\/wp\/v2\/product\/5694","targetHints":{"allow":["GET"]}}],"collection":[{"href":"https:\/\/jinhuaceramic.com\/es\/wp-json\/wp\/v2\/product"}],"about":[{"href":"https:\/\/jinhuaceramic.com\/es\/wp-json\/wp\/v2\/types\/product"}],"replies":[{"embeddable":true,"href":"https:\/\/jinhuaceramic.com\/es\/wp-json\/wp\/v2\/comments?post=5694"}],"version-history":[{"count":0,"href":"https:\/\/jinhuaceramic.com\/es\/wp-json\/wp\/v2\/product\/5694\/revisions"}],"wp:featuredmedia":[{"embeddable":true,"href":"https:\/\/jinhuaceramic.com\/es\/wp-json\/wp\/v2\/media\/5695"}],"wp:attachment":[{"href":"https:\/\/jinhuaceramic.com\/es\/wp-json\/wp\/v2\/media?parent=5694"}],"wp:term":[{"taxonomy":"product_brand","embeddable":true,"href":"https:\/\/jinhuaceramic.com\/es\/wp-json\/wp\/v2\/product_brand?post=5694"},{"taxonomy":"product_cat","embeddable":true,"href":"https:\/\/jinhuaceramic.com\/es\/wp-json\/wp\/v2\/product_cat?post=5694"},{"taxonomy":"product_tag","embeddable":true,"href":"https:\/\/jinhuaceramic.com\/es\/wp-json\/wp\/v2\/product_tag?post=5694"}],"curies":[{"name":"wp","href":"https:\/\/api.w.org\/{rel}","templated":true}]}}