{"id":5748,"date":"2024-08-15T06:24:22","date_gmt":"2024-08-15T06:24:22","guid":{"rendered":"https:\/\/jinhuaceramic.com\/?post_type=product&#038;p=5748"},"modified":"2024-10-15T08:37:44","modified_gmt":"2024-10-15T08:37:44","slug":"hotel-bath-accessories-wholesale","status":"publish","type":"product","link":"https:\/\/jinhuaceramic.com\/es\/product\/hotel-bath-accessories-wholesale\/","title":{"rendered":"Accesorios de Ba\u00f1o de Hotel Todo Negro al por mayor, Personalizar Juegos de Ba\u00f1o"},"content":{"rendered":"<div class=\"wp-block-columns is-layout-flex wp-container-core-columns-is-layout-9d6595d7 wp-block-columns-is-layout-flex\">\n<div class=\"wp-block-column is-layout-flow wp-block-column-is-layout-flow\">\n<h3 class=\"wp-block-heading\">Accesorios de Ba\u00f1o Premium al por mayor Caracter\u00edsticas:<\/h3>\n\n\n\n<ul class=\"wp-block-list\">\n<li><strong>Estilo minimalista totalmente negro, que muestra un temperamento noble:<\/strong> Este accesorio de ba\u00f1o al por mayor adopta un dise\u00f1o totalmente negro, sencillo, elegante y moderno. El negro no s\u00f3lo aumenta el sentido de la moda del cuarto de ba\u00f1o, sino que tambi\u00e9n aporta un efecto visual tranquilo y exquisito al espacio, que es muy adecuado para las necesidades de estilo de los hoteles de alta gama y hoteles boutique.<\/li>\n\n\n\n<li><strong>Juego completo, atenci\u00f3n a los detalles: <\/strong>Nuestros juegos de ba\u00f1o personalizados incluyen dispensadores de jab\u00f3n, vasos para cepillos de dientes, jaboneras y otros accesorios de ba\u00f1o esenciales. Al tiempo que satisfacemos las distintas necesidades diarias, prestamos atenci\u00f3n al dise\u00f1o detallado de cada producto, con funcionalidad y belleza a la vez.<\/li>\n\n\n\n<li><strong>Cer\u00e1mica de alto rendimiento, adecuada para un uso prolongado:<\/strong> Este accesorio de ba\u00f1o totalmente negro al por mayor utiliza materiales cer\u00e1micos de alta calidad, con una excelente resistencia al desgaste y a las manchas, y puede mantener su aspecto liso y brillante incluso con un uso muy frecuente.<\/li>\n\n\n\n<li><strong>Soluciones de personalizaci\u00f3n para aumentar la influencia de la marca: <\/strong>Nuestros conjuntos de ba\u00f1o personalizados admiten colores, logotipos y dise\u00f1os de estilo personalizados, y satisfacen con flexibilidad las necesidades de marca de hoteles y clientes comerciales. A trav\u00e9s de un dise\u00f1o \u00fanico y productos personalizados, la personalidad de la marca puede mostrarse en cada detalle.<\/li>\n<\/ul>\n<\/div>\n\n\n\n<div class=\"wp-block-column is-layout-flow wp-block-column-is-layout-flow\">\n<figure class=\"wp-block-image size-full\"><img fetchpriority=\"high\" decoding=\"async\" width=\"750\" height=\"935\" src=\"https:\/\/jinhuaceramic.com\/wp-content\/uploads\/2024\/08\/bathroom-set-3.webp\" alt=\"Accesorios de Ba\u00f1o de Hotel Todo Negro al por mayor, Personalizar Juegos de Ba\u00f1o-1\" class=\"wp-image-5752\" srcset=\"https:\/\/jinhuaceramic.com\/wp-content\/uploads\/2024\/08\/bathroom-set-3.webp 750w, https:\/\/jinhuaceramic.com\/wp-content\/uploads\/2024\/08\/bathroom-set-3-241x300.webp 241w, https:\/\/jinhuaceramic.com\/wp-content\/uploads\/2024\/08\/bathroom-set-3-10x12.webp 10w, https:\/\/jinhuaceramic.com\/wp-content\/uploads\/2024\/08\/bathroom-set-3-285x355.webp 285w, https:\/\/jinhuaceramic.com\/wp-content\/uploads\/2024\/08\/bathroom-set-3-529x660.webp 529w, https:\/\/jinhuaceramic.com\/wp-content\/uploads\/2024\/08\/bathroom-set-3-120x150.webp 120w\" sizes=\"(max-width: 750px) 100vw, 750px\" \/><\/figure>\n<\/div>\n<\/div>","protected":false},"excerpt":{"rendered":"<p>Bienvenido a los sets de ba\u00f1o personalizados. Este juego de accesorios de ba\u00f1o al por mayor totalmente negro a\u00f1ade una sensaci\u00f3n de lujo a los cuartos de ba\u00f1o de los hoteles con su dise\u00f1o sencillo y atmosf\u00e9rico y sus completas funciones. Fabricado en cer\u00e1mica de alta calidad, duradero y f\u00e1cil de mantener. Admite compras al por mayor y servicios personalizados.<\/p>","protected":false},"featured_media":5755,"comment_status":"closed","ping_status":"closed","template":"","meta":{"_acf_changed":false},"product_brand":[],"product_cat":[51],"product_tag":[74],"class_list":{"0":"post-5748","1":"product","2":"type-product","3":"status-publish","4":"has-post-thumbnail","6":"product_cat-bathroom-accessories-wholesale","7":"product_tag-ceramic-bath-accessories-wholesale","9":"first","10":"instock","11":"shipping-taxable","12":"product-type-simple"},"acf":[],"_links":{"self":[{"href":"https:\/\/jinhuaceramic.com\/es\/wp-json\/wp\/v2\/product\/5748","targetHints":{"allow":["GET"]}}],"collection":[{"href":"https:\/\/jinhuaceramic.com\/es\/wp-json\/wp\/v2\/product"}],"about":[{"href":"https:\/\/jinhuaceramic.com\/es\/wp-json\/wp\/v2\/types\/product"}],"replies":[{"embeddable":true,"href":"https:\/\/jinhuaceramic.com\/es\/wp-json\/wp\/v2\/comments?post=5748"}],"version-history":[{"count":0,"href":"https:\/\/jinhuaceramic.com\/es\/wp-json\/wp\/v2\/product\/5748\/revisions"}],"wp:featuredmedia":[{"embeddable":true,"href":"https:\/\/jinhuaceramic.com\/es\/wp-json\/wp\/v2\/media\/5755"}],"wp:attachment":[{"href":"https:\/\/jinhuaceramic.com\/es\/wp-json\/wp\/v2\/media?parent=5748"}],"wp:term":[{"taxonomy":"product_brand","embeddable":true,"href":"https:\/\/jinhuaceramic.com\/es\/wp-json\/wp\/v2\/product_brand?post=5748"},{"taxonomy":"product_cat","embeddable":true,"href":"https:\/\/jinhuaceramic.com\/es\/wp-json\/wp\/v2\/product_cat?post=5748"},{"taxonomy":"product_tag","embeddable":true,"href":"https:\/\/jinhuaceramic.com\/es\/wp-json\/wp\/v2\/product_tag?post=5748"}],"curies":[{"name":"wp","href":"https:\/\/api.w.org\/{rel}","templated":true}]}}