{"id":5774,"date":"2024-08-17T07:40:56","date_gmt":"2024-08-17T07:40:56","guid":{"rendered":"https:\/\/jinhuaceramic.com\/?post_type=product&#038;p=5774"},"modified":"2025-03-11T08:28:07","modified_gmt":"2025-03-11T08:28:07","slug":"wholesale-ceramic-baking-dish","status":"publish","type":"product","link":"https:\/\/jinhuaceramic.com\/es\/product\/wholesale-ceramic-baking-dish\/","title":{"rendered":"Mayorista Plato de cer\u00e1mica para hornear con dise\u00f1o de lunares y bordes ondulados"},"content":{"rendered":"<div class=\"wp-block-columns is-layout-flex wp-container-core-columns-is-layout-9d6595d7 wp-block-columns-is-layout-flex\">\n<div class=\"wp-block-column is-layout-flow wp-block-column-is-layout-flow\">\n<h3 class=\"wp-block-heading\">Plato de cer\u00e1mica para hornear al por mayor Premium Caracter\u00edsticas:<\/h3>\n\n\n\n<ul class=\"wp-block-list\">\n<li><strong>Dise\u00f1o elegante:<\/strong> Estos platos de cer\u00e1mica para hornear al por mayor est\u00e1n disponibles en 4 colores y presentan un dise\u00f1o ondulado \u00fanico. Los platos para hornear de colores est\u00e1n salpicados de puntos blancos, y los platos para hornear blancos est\u00e1n salpicados de puntos de colores, lo que a\u00f1ade un toque de vivacidad y simpat\u00eda al dise\u00f1o general.<\/li>\n\n\n\n<li><strong>Material de primera calidad:<\/strong> Fabricados con arcilla cer\u00e1mica de alta calidad y esmalte no t\u00f3xico, estos platos redondos de cer\u00e1mica para hornear al por mayor son resistentes al calor, duraderos y seguros para el horno, el microondas, el congelador y el lavavajillas.<\/li>\n\n\n\n<li><strong>Uso vers\u00e1til:<\/strong> Estos platos de cer\u00e1mica para hornear al por mayor tienen una capacidad de 10 oz y se pueden utilizar para hacer mini tartas, mousse, pud\u00edn, ensalada de frutas y otros postres. El tama\u00f1o m\u00e1s peque\u00f1o es adecuado para el horno para dar cabida a m\u00faltiples platos para hornear, hornear diferentes alimentos al mismo tiempo para mejorar la eficiencia.<\/li>\n\n\n\n<li><strong>F\u00e1cil de limpiar:<\/strong> Estos platos de cer\u00e1mica para hornear al por mayor tienen una superficie lisa que no se mancha f\u00e1cilmente con los restos de comida, y son f\u00e1ciles y c\u00f3modos de limpiar, ya sea a mano o en el lavavajillas.<\/li>\n<\/ul>\n<\/div>\n\n\n\n<div class=\"wp-block-column is-layout-flow wp-block-column-is-layout-flow\">\n<figure class=\"wp-block-image size-full\"><img fetchpriority=\"high\" decoding=\"async\" width=\"1500\" height=\"1500\" src=\"https:\/\/jinhuaceramic.com\/wp-content\/uploads\/2024\/08\/baking-dishes-2.webp\" alt=\"Mayorista-Plato-Redondo-De-Polka-Puntos-Cer\u00e1mica-Con-Dise\u00f1o-Ondulado\" class=\"wp-image-5778\" srcset=\"https:\/\/jinhuaceramic.com\/wp-content\/uploads\/2024\/08\/baking-dishes-2.webp 1500w, https:\/\/jinhuaceramic.com\/wp-content\/uploads\/2024\/08\/baking-dishes-2-300x300.webp 300w, https:\/\/jinhuaceramic.com\/wp-content\/uploads\/2024\/08\/baking-dishes-2-150x150.webp 150w, https:\/\/jinhuaceramic.com\/wp-content\/uploads\/2024\/08\/baking-dishes-2-768x768.webp 768w, https:\/\/jinhuaceramic.com\/wp-content\/uploads\/2024\/08\/baking-dishes-2-12x12.webp 12w, https:\/\/jinhuaceramic.com\/wp-content\/uploads\/2024\/08\/baking-dishes-2-285x285.webp 285w, https:\/\/jinhuaceramic.com\/wp-content\/uploads\/2024\/08\/baking-dishes-2-270x270.webp 270w, https:\/\/jinhuaceramic.com\/wp-content\/uploads\/2024\/08\/baking-dishes-2-540x540.webp 540w, https:\/\/jinhuaceramic.com\/wp-content\/uploads\/2024\/08\/baking-dishes-2-660x660.webp 660w\" sizes=\"(max-width: 1500px) 100vw, 1500px\" \/><\/figure>\n<\/div>\n<\/div>","protected":false},"excerpt":{"rendered":"<p>Estos platos de cer\u00e1mica al por mayor para hornear con lunares son la primera opci\u00f3n para los clientes con sus opciones de colores vibrantes, material cer\u00e1mico de alta calidad y dise\u00f1o ondulado \u00fanico. Son duraderos y f\u00e1ciles de limpiar, adecuados para una variedad de necesidades de cocci\u00f3n, ya sea para uso dom\u00e9stico diario o uso comercial.<\/p>","protected":false},"featured_media":5779,"comment_status":"closed","ping_status":"closed","template":"","meta":{"_acf_changed":false},"product_brand":[],"product_cat":[53],"product_tag":[70],"class_list":{"0":"post-5774","1":"product","2":"type-product","3":"status-publish","4":"has-post-thumbnail","6":"product_cat-bakeware-in-bulk","7":"product_tag-custom-pie-pans","9":"first","10":"instock","11":"shipping-taxable","12":"product-type-simple"},"acf":[],"_links":{"self":[{"href":"https:\/\/jinhuaceramic.com\/es\/wp-json\/wp\/v2\/product\/5774","targetHints":{"allow":["GET"]}}],"collection":[{"href":"https:\/\/jinhuaceramic.com\/es\/wp-json\/wp\/v2\/product"}],"about":[{"href":"https:\/\/jinhuaceramic.com\/es\/wp-json\/wp\/v2\/types\/product"}],"replies":[{"embeddable":true,"href":"https:\/\/jinhuaceramic.com\/es\/wp-json\/wp\/v2\/comments?post=5774"}],"version-history":[{"count":0,"href":"https:\/\/jinhuaceramic.com\/es\/wp-json\/wp\/v2\/product\/5774\/revisions"}],"wp:featuredmedia":[{"embeddable":true,"href":"https:\/\/jinhuaceramic.com\/es\/wp-json\/wp\/v2\/media\/5779"}],"wp:attachment":[{"href":"https:\/\/jinhuaceramic.com\/es\/wp-json\/wp\/v2\/media?parent=5774"}],"wp:term":[{"taxonomy":"product_brand","embeddable":true,"href":"https:\/\/jinhuaceramic.com\/es\/wp-json\/wp\/v2\/product_brand?post=5774"},{"taxonomy":"product_cat","embeddable":true,"href":"https:\/\/jinhuaceramic.com\/es\/wp-json\/wp\/v2\/product_cat?post=5774"},{"taxonomy":"product_tag","embeddable":true,"href":"https:\/\/jinhuaceramic.com\/es\/wp-json\/wp\/v2\/product_tag?post=5774"}],"curies":[{"name":"wp","href":"https:\/\/api.w.org\/{rel}","templated":true}]}}