{"id":5785,"date":"2024-08-17T07:31:25","date_gmt":"2024-08-17T07:31:25","guid":{"rendered":"https:\/\/jinhuaceramic.com\/?post_type=product&#038;p=5785"},"modified":"2024-09-21T04:04:00","modified_gmt":"2024-09-21T04:04:00","slug":"factory-supply-bulk-soap-dispenser-2","status":"publish","type":"product","link":"https:\/\/jinhuaceramic.com\/es\/product\/factory-supply-bulk-soap-dispenser-2\/","title":{"rendered":"Dispensador de jab\u00f3n a granel de suministro de f\u00e1brica para ba\u00f1o y cocina"},"content":{"rendered":"<div class=\"wp-block-columns is-layout-flex wp-container-core-columns-is-layout-9d6595d7 wp-block-columns-is-layout-flex\">\n<div class=\"wp-block-column is-layout-flow wp-block-column-is-layout-flow\">\n<h3 class=\"wp-block-heading\">Dispensador de jab\u00f3n a granel Premium Factory Supply Caracter\u00edsticas:<\/h3>\n\n\n\n<ul class=\"wp-block-list\">\n<li><strong>Dise\u00f1o elegante:<\/strong> Estos dispensadores de jab\u00f3n a granel con bolsillos vienen en tres colores cl\u00e1sicos y vers\u00e1tiles: blanco, gris y negro, con una bomba plateada. Su dise\u00f1o sencillo y elegante encaja con cualquier estilo de hogar.<\/li>\n\n\n\n<li><strong>Durabilidad: <\/strong>Estos dispensadores de jab\u00f3n de cer\u00e1mica a granel est\u00e1n hechos de material cer\u00e1mico de alta calidad, resistente y duradero. La bomba presiona suavemente y puede girar 360 grados para dispensar jab\u00f3n l\u00edquido f\u00e1cilmente.<\/li>\n\n\n\n<li><strong>Versatilidad:<\/strong> Estos dispensadores de jab\u00f3n de cer\u00e1mica a granel suministrados de f\u00e1brica pueden utilizarse en el ba\u00f1o o la cocina para dispensar champ\u00fa, loci\u00f3n, gel de ducha, detergente, jab\u00f3n de manos, etc. El dise\u00f1o del bolsillo frontal tambi\u00e9n puede contener esponjas, jabones en barra u otros peque\u00f1os accesorios de ba\u00f1o y cocina, haciendo que el espacio de ba\u00f1o sea m\u00e1s ordenado y organizado.<\/li>\n\n\n\n<li><strong>Respetuoso con el medio ambiente:<\/strong> Estos dispensadores de jab\u00f3n de cer\u00e1mica al por mayor tienen una superficie lisa, son f\u00e1ciles de limpiar y pueden reutilizarse muchas veces, lo que reduce el uso de envases de botellas de pl\u00e1stico y beneficia al medio ambiente.<\/li>\n<\/ul>\n<\/div>\n\n\n\n<div class=\"wp-block-column is-layout-flow wp-block-column-is-layout-flow\">\n<figure class=\"wp-block-image size-full\"><img fetchpriority=\"high\" decoding=\"async\" width=\"800\" height=\"800\" src=\"https:\/\/jinhuaceramic.com\/wp-content\/uploads\/2024\/08\/soap-bottle.webp\" alt=\"Dispensador de jab\u00f3n a granel de suministro de f\u00e1brica para ba\u00f1o y cocina\" class=\"wp-image-5791\" srcset=\"https:\/\/jinhuaceramic.com\/wp-content\/uploads\/2024\/08\/soap-bottle.webp 800w, https:\/\/jinhuaceramic.com\/wp-content\/uploads\/2024\/08\/soap-bottle-300x300.webp 300w, https:\/\/jinhuaceramic.com\/wp-content\/uploads\/2024\/08\/soap-bottle-150x150.webp 150w, https:\/\/jinhuaceramic.com\/wp-content\/uploads\/2024\/08\/soap-bottle-768x768.webp 768w, https:\/\/jinhuaceramic.com\/wp-content\/uploads\/2024\/08\/soap-bottle-12x12.webp 12w, https:\/\/jinhuaceramic.com\/wp-content\/uploads\/2024\/08\/soap-bottle-285x285.webp 285w, https:\/\/jinhuaceramic.com\/wp-content\/uploads\/2024\/08\/soap-bottle-270x270.webp 270w, https:\/\/jinhuaceramic.com\/wp-content\/uploads\/2024\/08\/soap-bottle-540x540.webp 540w, https:\/\/jinhuaceramic.com\/wp-content\/uploads\/2024\/08\/soap-bottle-660x660.webp 660w\" sizes=\"(max-width: 800px) 100vw, 800px\" \/><\/figure>\n<\/div>\n<\/div>","protected":false},"excerpt":{"rendered":"<p>Estos dispensadores de jab\u00f3n a granel de cer\u00e1mica de f\u00e1brica no s\u00f3lo son elegantes y f\u00e1ciles de usar, sino tambi\u00e9n duraderos. Pueden dispensar jab\u00f3n l\u00edquido y almacenar utensilios de limpieza al mismo tiempo. Ya sea en la cocina o en el ba\u00f1o, pueden a\u00f1adir un toque de limpieza y comodidad al entorno dom\u00e9stico.<\/p>","protected":false},"featured_media":5786,"comment_status":"closed","ping_status":"closed","template":"","meta":{"_acf_changed":false},"product_brand":[],"product_cat":[51],"product_tag":[73],"class_list":{"0":"post-5785","1":"product","2":"type-product","3":"status-publish","4":"has-post-thumbnail","6":"product_cat-bathroom-accessories-wholesale","7":"product_tag-custom-soap-dispensers","9":"first","10":"instock","11":"shipping-taxable","12":"product-type-simple"},"acf":[],"_links":{"self":[{"href":"https:\/\/jinhuaceramic.com\/es\/wp-json\/wp\/v2\/product\/5785","targetHints":{"allow":["GET"]}}],"collection":[{"href":"https:\/\/jinhuaceramic.com\/es\/wp-json\/wp\/v2\/product"}],"about":[{"href":"https:\/\/jinhuaceramic.com\/es\/wp-json\/wp\/v2\/types\/product"}],"replies":[{"embeddable":true,"href":"https:\/\/jinhuaceramic.com\/es\/wp-json\/wp\/v2\/comments?post=5785"}],"version-history":[{"count":0,"href":"https:\/\/jinhuaceramic.com\/es\/wp-json\/wp\/v2\/product\/5785\/revisions"}],"wp:featuredmedia":[{"embeddable":true,"href":"https:\/\/jinhuaceramic.com\/es\/wp-json\/wp\/v2\/media\/5786"}],"wp:attachment":[{"href":"https:\/\/jinhuaceramic.com\/es\/wp-json\/wp\/v2\/media?parent=5785"}],"wp:term":[{"taxonomy":"product_brand","embeddable":true,"href":"https:\/\/jinhuaceramic.com\/es\/wp-json\/wp\/v2\/product_brand?post=5785"},{"taxonomy":"product_cat","embeddable":true,"href":"https:\/\/jinhuaceramic.com\/es\/wp-json\/wp\/v2\/product_cat?post=5785"},{"taxonomy":"product_tag","embeddable":true,"href":"https:\/\/jinhuaceramic.com\/es\/wp-json\/wp\/v2\/product_tag?post=5785"}],"curies":[{"name":"wp","href":"https:\/\/api.w.org\/{rel}","templated":true}]}}