{"id":5801,"date":"2024-08-20T01:55:07","date_gmt":"2024-08-20T01:55:07","guid":{"rendered":"https:\/\/jinhuaceramic.com\/?post_type=product&#038;p=5801"},"modified":"2024-11-07T09:54:02","modified_gmt":"2024-11-07T09:54:02","slug":"empty-candle-vessels-wholesale","status":"publish","type":"product","link":"https:\/\/jinhuaceramic.com\/es\/product\/empty-candle-vessels-wholesale\/","title":{"rendered":"Vasos Vac\u00edos para Velas al por Mayor, Tarros de Cer\u00e1mica Amarillos en Espiral"},"content":{"rendered":"<div class=\"wp-block-columns is-layout-flex wp-container-core-columns-is-layout-9d6595d7 wp-block-columns-is-layout-flex\">\n<div class=\"wp-block-column is-layout-flow wp-block-column-is-layout-flow\">\n<h3 class=\"wp-block-heading\">Premium Vasos Vac\u00edos para Velas al por mayor Caracter\u00edsticas:<\/h3>\n\n\n\n<ul class=\"wp-block-list\">\n<li><strong>Dise\u00f1o elegante:<\/strong> El elegante dise\u00f1o de estos recipientes vac\u00edos para velas al por mayor se inspira en la forma espiral de la naturaleza. Estos tarros para velas al por mayor comienzan desde abajo y ascienden gradualmente en una elegante l\u00ednea en espiral, convergiendo finalmente en una delicada abertura superior redonda. Este dise\u00f1o no s\u00f3lo es bonito, sino que tambi\u00e9n aumenta la estabilidad de uso.<\/li>\n\n\n\n<li><strong>Material de primera calidad:<\/strong> Estos tarros espirales para velas est\u00e1n fabricados con cer\u00e1mica de alta calidad y esmalte amarillo inocuo como materias primas, y se someten a un fino proceso de cocci\u00f3n para garantizar que la superficie del producto sea suave y delicada, y se sienta c\u00e1lida al tacto.<\/li>\n\n\n\n<li><strong>Reutilizable:<\/strong> Una vez agotadas las velas, estos recipientes de cer\u00e1mica amarilla en espiral para velas vac\u00edas al por mayor pueden reutilizarse como maravillosos contenedores para guardar peque\u00f1os objetos como brochas de maquillaje, joyas, llaves o material de oficina.<\/li>\n\n\n\n<li><strong>Servicio personalizable:<\/strong> Para satisfacer las necesidades personalizadas de los distintos clientes, como f\u00e1brica, ofrecemos servicios de tarros de velas a medida. Ya sea ajustando el color, modificando el tama\u00f1o o personalizando un patr\u00f3n \u00fanico, le atenderemos de todo coraz\u00f3n.<\/li>\n<\/ul>\n<\/div>\n\n\n\n<div class=\"wp-block-column is-layout-flow wp-block-column-is-layout-flow\">\n<figure class=\"wp-block-image size-full\"><img fetchpriority=\"high\" decoding=\"async\" width=\"1257\" height=\"1257\" src=\"https:\/\/jinhuaceramic.com\/wp-content\/uploads\/2024\/08\/candle-jar-ceramic-3.webp\" alt=\"Vasos Vac\u00edos para Velas al por Mayor, Tarros de Cer\u00e1mica Amarillos en Espiral-4\" class=\"wp-image-5803\" srcset=\"https:\/\/jinhuaceramic.com\/wp-content\/uploads\/2024\/08\/candle-jar-ceramic-3.webp 1257w, https:\/\/jinhuaceramic.com\/wp-content\/uploads\/2024\/08\/candle-jar-ceramic-3-300x300.webp 300w, https:\/\/jinhuaceramic.com\/wp-content\/uploads\/2024\/08\/candle-jar-ceramic-3-150x150.webp 150w, https:\/\/jinhuaceramic.com\/wp-content\/uploads\/2024\/08\/candle-jar-ceramic-3-768x768.webp 768w, https:\/\/jinhuaceramic.com\/wp-content\/uploads\/2024\/08\/candle-jar-ceramic-3-12x12.webp 12w, https:\/\/jinhuaceramic.com\/wp-content\/uploads\/2024\/08\/candle-jar-ceramic-3-285x285.webp 285w, https:\/\/jinhuaceramic.com\/wp-content\/uploads\/2024\/08\/candle-jar-ceramic-3-270x270.webp 270w, https:\/\/jinhuaceramic.com\/wp-content\/uploads\/2024\/08\/candle-jar-ceramic-3-540x540.webp 540w, https:\/\/jinhuaceramic.com\/wp-content\/uploads\/2024\/08\/candle-jar-ceramic-3-660x660.webp 660w\" sizes=\"(max-width: 1257px) 100vw, 1257px\" \/><\/figure>\n<\/div>\n<\/div>","protected":false},"excerpt":{"rendered":"<p>Bienvenido a comprar tarros vac\u00edos para velas al por mayor. Nuestros recipientes de cer\u00e1mica amarilla en espiral para velas vac\u00edas al por mayor, con un dise\u00f1o \u00fanico en espiral, esmalte amarillo c\u00e1lido, y material cer\u00e1mico de alta calidad, son a la vez una decoraci\u00f3n del hogar y pr\u00e1ctico. Ofrecemos descuentos al por mayor y servicios de personalizaci\u00f3n personalizados, deseando crear un hermoso espacio con usted.<\/p>","protected":false},"featured_media":5804,"comment_status":"closed","ping_status":"closed","template":"","meta":{"_acf_changed":false},"product_brand":[],"product_cat":[52],"product_tag":[66],"class_list":{"0":"post-5801","1":"product","2":"type-product","3":"status-publish","4":"has-post-thumbnail","6":"product_cat-wholesale-candle-containers","7":"product_tag-candle-jars-wholesale","9":"first","10":"instock","11":"shipping-taxable","12":"product-type-simple"},"acf":[],"_links":{"self":[{"href":"https:\/\/jinhuaceramic.com\/es\/wp-json\/wp\/v2\/product\/5801","targetHints":{"allow":["GET"]}}],"collection":[{"href":"https:\/\/jinhuaceramic.com\/es\/wp-json\/wp\/v2\/product"}],"about":[{"href":"https:\/\/jinhuaceramic.com\/es\/wp-json\/wp\/v2\/types\/product"}],"replies":[{"embeddable":true,"href":"https:\/\/jinhuaceramic.com\/es\/wp-json\/wp\/v2\/comments?post=5801"}],"version-history":[{"count":0,"href":"https:\/\/jinhuaceramic.com\/es\/wp-json\/wp\/v2\/product\/5801\/revisions"}],"wp:featuredmedia":[{"embeddable":true,"href":"https:\/\/jinhuaceramic.com\/es\/wp-json\/wp\/v2\/media\/5804"}],"wp:attachment":[{"href":"https:\/\/jinhuaceramic.com\/es\/wp-json\/wp\/v2\/media?parent=5801"}],"wp:term":[{"taxonomy":"product_brand","embeddable":true,"href":"https:\/\/jinhuaceramic.com\/es\/wp-json\/wp\/v2\/product_brand?post=5801"},{"taxonomy":"product_cat","embeddable":true,"href":"https:\/\/jinhuaceramic.com\/es\/wp-json\/wp\/v2\/product_cat?post=5801"},{"taxonomy":"product_tag","embeddable":true,"href":"https:\/\/jinhuaceramic.com\/es\/wp-json\/wp\/v2\/product_tag?post=5801"}],"curies":[{"name":"wp","href":"https:\/\/api.w.org\/{rel}","templated":true}]}}